{"id":126498,"date":"2025-05-18T22:05:25","date_gmt":"2025-05-18T22:05:25","guid":{"rendered":"https:\/\/staging2.stylingagenten.com\/fi\/produkt\/wella-eimi-mistify-me-strong-300ml\/"},"modified":"2026-04-01T14:01:34","modified_gmt":"2026-04-01T14:01:34","slug":"wella-eimi-mistify-me-strong-300ml","status":"publish","type":"product","link":"https:\/\/stylingagenten.com\/fi\/tuote\/wella-eimi-mistify-me-strong-300ml\/","title":{"rendered":"Wella EIMI Mistify Me Strong 300ml"},"content":{"rendered":"<p>Wella EIMI Mistify Me Strong on nopeasti kuivuva hiuslakka, jolla on korkea pito. Ainutlaatuinen MICROMIST-tekniikka korjaa hiustyylin v\u00e4litt\u00f6m\u00e4sti. Kevyt spray levittyy hienosti ja luonnollisesti hiuksiin. Tulos kest\u00e4\u00e4 jopa 24 tuntia.<\/p>\n","protected":false},"excerpt":{"rendered":"<p>Wella EIMI Mistify Me Strong on nopeasti kuivuva hiuslakka, jolla on korkea pito. Ainutlaatuinen MICROMIST-tekniikka korjaa hiustyylin v\u00e4litt\u00f6m\u00e4sti. Kevyt spray levittyy hienosti ja luonnollisesti hiuksiin. Tulos kest\u00e4\u00e4 jopa 24 tuntia.<\/p>\n","protected":false},"featured_media":126489,"comment_status":"open","ping_status":"closed","template":"","meta":{"_trash_the_other_posts":false},"product_brand":[],"product_cat":[576],"product_tag":[4065],"berocket_brand":[1030],"class_list":{"0":"post-126498","1":"product","2":"type-product","3":"status-publish","4":"has-post-thumbnail","6":"product_cat-hiuslakka","7":"product_tag-wella-eimi-mistify-me-strong","8":"pa_brand-wella","9":"pa_variantti-300ml","10":"berocket_brand-wella","12":"first","13":"instock","14":"sale","15":"taxable","16":"shipping-taxable","17":"purchasable","18":"product-type-simple"},"_links":{"self":[{"href":"https:\/\/stylingagenten.com\/fi\/wp-json\/wp\/v2\/product\/126498","targetHints":{"allow":["GET"]}}],"collection":[{"href":"https:\/\/stylingagenten.com\/fi\/wp-json\/wp\/v2\/product"}],"about":[{"href":"https:\/\/stylingagenten.com\/fi\/wp-json\/wp\/v2\/types\/product"}],"replies":[{"embeddable":true,"href":"https:\/\/stylingagenten.com\/fi\/wp-json\/wp\/v2\/comments?post=126498"}],"version-history":[{"count":0,"href":"https:\/\/stylingagenten.com\/fi\/wp-json\/wp\/v2\/product\/126498\/revisions"}],"wp:featuredmedia":[{"embeddable":true,"href":"https:\/\/stylingagenten.com\/fi\/wp-json\/wp\/v2\/media\/126489"}],"wp:attachment":[{"href":"https:\/\/stylingagenten.com\/fi\/wp-json\/wp\/v2\/media?parent=126498"}],"wp:term":[{"taxonomy":"product_brand","embeddable":true,"href":"https:\/\/stylingagenten.com\/fi\/wp-json\/wp\/v2\/product_brand?post=126498"},{"taxonomy":"product_cat","embeddable":true,"href":"https:\/\/stylingagenten.com\/fi\/wp-json\/wp\/v2\/product_cat?post=126498"},{"taxonomy":"product_tag","embeddable":true,"href":"https:\/\/stylingagenten.com\/fi\/wp-json\/wp\/v2\/product_tag?post=126498"},{"taxonomy":"berocket_brand","embeddable":true,"href":"https:\/\/stylingagenten.com\/fi\/wp-json\/wp\/v2\/berocket_brand?post=126498"}],"curies":[{"name":"wp","href":"https:\/\/api.w.org\/{rel}","templated":true}]}}