{"id":126497,"date":"2025-05-18T22:05:25","date_gmt":"2025-05-18T22:05:25","guid":{"rendered":"https:\/\/staging2.stylingagenten.com\/fi\/produkt\/sachajuan-hairspray-light-and-flexible-200ml\/"},"modified":"2026-03-27T16:48:55","modified_gmt":"2026-03-27T16:48:55","slug":"sachajuan-hairspray-light-and-flexible-200ml","status":"publish","type":"product","link":"https:\/\/stylingagenten.com\/fi\/tuote\/sachajuan-hairspray-light-and-flexible-200ml\/","title":{"rendered":"SACHAJUAN Hairspray Light and Flexible 200ml"},"content":{"rendered":"<p>SACHAJUAN Hairspray Light and Flexible -hiuslakalla saat luonnollisen muotoilun ilman j\u00e4ykkyytt\u00e4 tai tahmeutta. K\u00e4ytet\u00e4\u00e4n askel askeleelta hiustyylin luomiseen. Suihke ei paina hiuksiasi, mutta antaa joustavan luonnollisen pidon ja kiiltoa.<\/p>\n<p>200ml<\/p>\n","protected":false},"excerpt":{"rendered":"<p>SACHAJUAN Hairspray Light and Flexible -hiuslakalla saat luonnollisen muotoilun ilman j\u00e4ykkyytt\u00e4 tai tahmeutta. K\u00e4ytet\u00e4\u00e4n askel askeleelta hiustyylin luomiseen. Suihke ei paina hiuksiasi, mutta antaa joustavan luonnollisen pidon ja kiiltoa. 200ml<\/p>\n","protected":false},"featured_media":126493,"comment_status":"open","ping_status":"closed","template":"","meta":{"_trash_the_other_posts":false},"product_brand":[],"product_cat":[576],"product_tag":[3950],"berocket_brand":[1409],"class_list":{"0":"post-126497","1":"product","2":"type-product","3":"status-publish","4":"has-post-thumbnail","6":"product_cat-hiuslakka","7":"product_tag-sachajuan-hairspray-light-and-flexible","8":"pa_brand-sachajuan","9":"pa_variantti-200ml","10":"berocket_brand-sachajuan","12":"first","13":"outofstock","14":"sale","15":"taxable","16":"shipping-taxable","17":"purchasable","18":"product-type-simple"},"_links":{"self":[{"href":"https:\/\/stylingagenten.com\/fi\/wp-json\/wp\/v2\/product\/126497","targetHints":{"allow":["GET"]}}],"collection":[{"href":"https:\/\/stylingagenten.com\/fi\/wp-json\/wp\/v2\/product"}],"about":[{"href":"https:\/\/stylingagenten.com\/fi\/wp-json\/wp\/v2\/types\/product"}],"replies":[{"embeddable":true,"href":"https:\/\/stylingagenten.com\/fi\/wp-json\/wp\/v2\/comments?post=126497"}],"version-history":[{"count":0,"href":"https:\/\/stylingagenten.com\/fi\/wp-json\/wp\/v2\/product\/126497\/revisions"}],"wp:featuredmedia":[{"embeddable":true,"href":"https:\/\/stylingagenten.com\/fi\/wp-json\/wp\/v2\/media\/126493"}],"wp:attachment":[{"href":"https:\/\/stylingagenten.com\/fi\/wp-json\/wp\/v2\/media?parent=126497"}],"wp:term":[{"taxonomy":"product_brand","embeddable":true,"href":"https:\/\/stylingagenten.com\/fi\/wp-json\/wp\/v2\/product_brand?post=126497"},{"taxonomy":"product_cat","embeddable":true,"href":"https:\/\/stylingagenten.com\/fi\/wp-json\/wp\/v2\/product_cat?post=126497"},{"taxonomy":"product_tag","embeddable":true,"href":"https:\/\/stylingagenten.com\/fi\/wp-json\/wp\/v2\/product_tag?post=126497"},{"taxonomy":"berocket_brand","embeddable":true,"href":"https:\/\/stylingagenten.com\/fi\/wp-json\/wp\/v2\/berocket_brand?post=126497"}],"curies":[{"name":"wp","href":"https:\/\/api.w.org\/{rel}","templated":true}]}}