{"id":126486,"date":"2025-05-18T22:05:24","date_gmt":"2025-05-18T22:05:24","guid":{"rendered":"https:\/\/staging2.stylingagenten.com\/fi\/produkt\/living-proof-full-dry-volume-texture-spray-238ml\/"},"modified":"2026-04-08T20:49:04","modified_gmt":"2026-04-08T20:49:04","slug":"living-proof-full-dry-volume-texture-spray-238ml","status":"publish","type":"product","link":"https:\/\/stylingagenten.com\/fi\/tuote\/living-proof-full-dry-volume-texture-spray-238ml\/","title":{"rendered":"Living Proof Full Dry Volume &amp; Texture Spray 238ml"},"content":{"rendered":"<p>Living Proof Full Dry Volume &amp; Texture Spray lis\u00e4\u00e4 tilavuutta tai tekstuuria erilaisille tyyleille saaden aikaan moitteettoman t\u00e4ydellisen, vaivattoman tyylikk\u00e4\u00e4n ilmeen ja tunteen.<\/p>\n<p>-Tarjoaa v\u00e4litt\u00f6m\u00e4n, elvytt\u00e4v\u00e4n ja pitk\u00e4kestoisen tilavuuden ja tekstuurin<br \/>\n<br \/>-Tarjoaa rakennettavan, ei tahmeaa otetta lis\u00e4\u00e4ntyneeseen muotoilun monipuolisuuteen<br \/>\n<br \/>-L\u00e4mp\u00f6suojaa jopa 210\u00b0C asti<br \/>\n<br \/>-Imee helposti \u00f6ljy\u00e4 pident\u00e4\u00e4kseen ilmeesi elinik\u00e4\u00e4<br \/>\n<br \/>-Muuttaa v\u00e4litt\u00f6m\u00e4sti hienot, litte\u00e4t tai ohuet hiukset<br \/>\n<br \/>-Toimii kuivissa hiuksissa, joten voit k\u00e4ytt\u00e4\u00e4 sit\u00e4 milloin tahansa, miss\u00e4 tahansa.<\/p>\n","protected":false},"excerpt":{"rendered":"<p>Living Proof Full Dry Volume &amp; Texture Spray lis\u00e4\u00e4 tilavuutta tai tekstuuria erilaisille tyyleille saaden aikaan moitteettoman t\u00e4ydellisen, vaivattoman tyylikk\u00e4\u00e4n ilmeen ja tunteen. -Tarjoaa v\u00e4litt\u00f6m\u00e4n, elvytt\u00e4v\u00e4n ja pitk\u00e4kestoisen tilavuuden ja tekstuurin -Tarjoaa rakennettavan, ei tahmeaa otetta lis\u00e4\u00e4ntyneeseen muotoilun monipuolisuuteen -L\u00e4mp\u00f6suojaa jopa 210\u00b0C asti -Imee helposti \u00f6ljy\u00e4 pident\u00e4\u00e4kseen ilmeesi elinik\u00e4\u00e4 -Muuttaa v\u00e4litt\u00f6m\u00e4sti hienot, litte\u00e4t tai ohuet [&hellip;]<\/p>\n","protected":false},"featured_media":126467,"comment_status":"open","ping_status":"closed","template":"","meta":{"_trash_the_other_posts":false},"product_brand":[],"product_cat":[576],"product_tag":[3222],"berocket_brand":[1392],"class_list":{"0":"post-126486","1":"product","2":"type-product","3":"status-publish","4":"has-post-thumbnail","6":"product_cat-hiuslakka","7":"product_tag-living-proof-full-dry-volume-texture-spray","8":"pa_brand-living-proof","9":"pa_variantti-238ml","10":"berocket_brand-living-proof","12":"first","13":"instock","14":"sale","15":"taxable","16":"shipping-taxable","17":"purchasable","18":"product-type-simple"},"_links":{"self":[{"href":"https:\/\/stylingagenten.com\/fi\/wp-json\/wp\/v2\/product\/126486","targetHints":{"allow":["GET"]}}],"collection":[{"href":"https:\/\/stylingagenten.com\/fi\/wp-json\/wp\/v2\/product"}],"about":[{"href":"https:\/\/stylingagenten.com\/fi\/wp-json\/wp\/v2\/types\/product"}],"replies":[{"embeddable":true,"href":"https:\/\/stylingagenten.com\/fi\/wp-json\/wp\/v2\/comments?post=126486"}],"version-history":[{"count":0,"href":"https:\/\/stylingagenten.com\/fi\/wp-json\/wp\/v2\/product\/126486\/revisions"}],"wp:featuredmedia":[{"embeddable":true,"href":"https:\/\/stylingagenten.com\/fi\/wp-json\/wp\/v2\/media\/126467"}],"wp:attachment":[{"href":"https:\/\/stylingagenten.com\/fi\/wp-json\/wp\/v2\/media?parent=126486"}],"wp:term":[{"taxonomy":"product_brand","embeddable":true,"href":"https:\/\/stylingagenten.com\/fi\/wp-json\/wp\/v2\/product_brand?post=126486"},{"taxonomy":"product_cat","embeddable":true,"href":"https:\/\/stylingagenten.com\/fi\/wp-json\/wp\/v2\/product_cat?post=126486"},{"taxonomy":"product_tag","embeddable":true,"href":"https:\/\/stylingagenten.com\/fi\/wp-json\/wp\/v2\/product_tag?post=126486"},{"taxonomy":"berocket_brand","embeddable":true,"href":"https:\/\/stylingagenten.com\/fi\/wp-json\/wp\/v2\/berocket_brand?post=126486"}],"curies":[{"name":"wp","href":"https:\/\/api.w.org\/{rel}","templated":true}]}}