{"id":126479,"date":"2025-05-18T22:05:23","date_gmt":"2025-05-18T22:05:23","guid":{"rendered":"https:\/\/staging2.stylingagenten.com\/fi\/produkt\/living-proof-style-lab-flex-shaping-hairspray-246ml\/"},"modified":"2026-04-08T15:29:26","modified_gmt":"2026-04-08T15:29:26","slug":"living-proof-style-lab-flex-shaping-hairspray-246ml","status":"publish","type":"product","link":"https:\/\/stylingagenten.com\/fi\/tuote\/living-proof-style-lab-flex-shaping-hairspray-246ml\/","title":{"rendered":"Living Proof Style Lab Flex Shaping Hairspray 246ml"},"content":{"rendered":"<p>Living Proof Style Lab Flex Shaping Hairspray, jossa on keskitason pito, voidaan k\u00e4ytt\u00e4\u00e4 asettamaan, muotoilemaan ja viimeistelem\u00e4\u00e4n ilman j\u00e4ykkyytt\u00e4, tehd\u00e4kseen hiuksista kosketeltavia ja harjattavia.<\/p>\n<p>Hy\u00f6dyt:<br \/>\n<br \/>\u2022Antaa joustavan, kosketeltavan kontrollin<br \/>\n<br \/>\u2022Harjattava, kerrostettava ja muokattava uudelleen<br \/>\n<br \/>\u2022L\u00e4mp\u00f6suojaa jopa 210\u00b0C<\/p>\n<p>246ml<\/p>\n","protected":false},"excerpt":{"rendered":"<p>Living Proof Style Lab Flex Shaping Hairspray, jossa on keskitason pito, voidaan k\u00e4ytt\u00e4\u00e4 asettamaan, muotoilemaan ja viimeistelem\u00e4\u00e4n ilman j\u00e4ykkyytt\u00e4, tehd\u00e4kseen hiuksista kosketeltavia ja harjattavia. Hy\u00f6dyt: \u2022Antaa joustavan, kosketeltavan kontrollin \u2022Harjattava, kerrostettava ja muokattava uudelleen \u2022L\u00e4mp\u00f6suojaa jopa 210\u00b0C 246ml<\/p>\n","protected":false},"featured_media":126464,"comment_status":"open","ping_status":"closed","template":"","meta":{"_trash_the_other_posts":false},"product_brand":[],"product_cat":[576],"product_tag":[],"berocket_brand":[1392],"class_list":{"0":"post-126479","1":"product","2":"type-product","3":"status-publish","4":"has-post-thumbnail","6":"product_cat-hiuslakka","7":"pa_brand-living-proof","8":"berocket_brand-living-proof","10":"first","11":"outofstock","12":"sale","13":"taxable","14":"shipping-taxable","15":"purchasable","16":"product-type-simple"},"_links":{"self":[{"href":"https:\/\/stylingagenten.com\/fi\/wp-json\/wp\/v2\/product\/126479","targetHints":{"allow":["GET"]}}],"collection":[{"href":"https:\/\/stylingagenten.com\/fi\/wp-json\/wp\/v2\/product"}],"about":[{"href":"https:\/\/stylingagenten.com\/fi\/wp-json\/wp\/v2\/types\/product"}],"replies":[{"embeddable":true,"href":"https:\/\/stylingagenten.com\/fi\/wp-json\/wp\/v2\/comments?post=126479"}],"version-history":[{"count":0,"href":"https:\/\/stylingagenten.com\/fi\/wp-json\/wp\/v2\/product\/126479\/revisions"}],"wp:featuredmedia":[{"embeddable":true,"href":"https:\/\/stylingagenten.com\/fi\/wp-json\/wp\/v2\/media\/126464"}],"wp:attachment":[{"href":"https:\/\/stylingagenten.com\/fi\/wp-json\/wp\/v2\/media?parent=126479"}],"wp:term":[{"taxonomy":"product_brand","embeddable":true,"href":"https:\/\/stylingagenten.com\/fi\/wp-json\/wp\/v2\/product_brand?post=126479"},{"taxonomy":"product_cat","embeddable":true,"href":"https:\/\/stylingagenten.com\/fi\/wp-json\/wp\/v2\/product_cat?post=126479"},{"taxonomy":"product_tag","embeddable":true,"href":"https:\/\/stylingagenten.com\/fi\/wp-json\/wp\/v2\/product_tag?post=126479"},{"taxonomy":"berocket_brand","embeddable":true,"href":"https:\/\/stylingagenten.com\/fi\/wp-json\/wp\/v2\/berocket_brand?post=126479"}],"curies":[{"name":"wp","href":"https:\/\/api.w.org\/{rel}","templated":true}]}}