{"id":126470,"date":"2025-05-18T22:05:22","date_gmt":"2025-05-18T22:05:22","guid":{"rendered":"https:\/\/staging2.stylingagenten.com\/fi\/produkt\/batiste-stylist-xxl-volume-spray-200ml\/"},"modified":"2026-04-01T05:38:28","modified_gmt":"2026-04-01T05:38:28","slug":"batiste-stylist-xxl-volume-spray-200ml","status":"publish","type":"product","link":"https:\/\/stylingagenten.com\/fi\/tuote\/batiste-stylist-xxl-volume-spray-200ml\/","title":{"rendered":"Batiste Stylist XXL Volume Spray 200ml"},"content":{"rendered":"<p>Batiste Stylist XXL Volume Spray on t\u00e4ydellinen muotoilutuote sinulle, jos haluat maksimaalisen volyymin. T\u00e4m\u00e4 volyymisuihke sis\u00e4lt\u00e4\u00e4 keratiinia ja inchi\u00f6ljy\u00e4, jotka vahvistavat ja ravitsevat hiuksia.<\/p>\n","protected":false},"excerpt":{"rendered":"<p>Batiste Stylist XXL Volume Spray on t\u00e4ydellinen muotoilutuote sinulle, jos haluat maksimaalisen volyymin. T\u00e4m\u00e4 volyymisuihke sis\u00e4lt\u00e4\u00e4 keratiinia ja inchi\u00f6ljy\u00e4, jotka vahvistavat ja ravitsevat hiuksia.<\/p>\n","protected":false},"featured_media":126465,"comment_status":"open","ping_status":"closed","template":"","meta":{"_trash_the_other_posts":false},"product_brand":[],"product_cat":[576],"product_tag":[],"berocket_brand":[1136],"class_list":{"0":"post-126470","1":"product","2":"type-product","3":"status-publish","4":"has-post-thumbnail","6":"product_cat-hiuslakka","7":"pa_brand-batiste","8":"berocket_brand-batiste","10":"first","11":"instock","12":"sale","13":"taxable","14":"shipping-taxable","15":"purchasable","16":"product-type-simple"},"_links":{"self":[{"href":"https:\/\/stylingagenten.com\/fi\/wp-json\/wp\/v2\/product\/126470","targetHints":{"allow":["GET"]}}],"collection":[{"href":"https:\/\/stylingagenten.com\/fi\/wp-json\/wp\/v2\/product"}],"about":[{"href":"https:\/\/stylingagenten.com\/fi\/wp-json\/wp\/v2\/types\/product"}],"replies":[{"embeddable":true,"href":"https:\/\/stylingagenten.com\/fi\/wp-json\/wp\/v2\/comments?post=126470"}],"version-history":[{"count":0,"href":"https:\/\/stylingagenten.com\/fi\/wp-json\/wp\/v2\/product\/126470\/revisions"}],"wp:featuredmedia":[{"embeddable":true,"href":"https:\/\/stylingagenten.com\/fi\/wp-json\/wp\/v2\/media\/126465"}],"wp:attachment":[{"href":"https:\/\/stylingagenten.com\/fi\/wp-json\/wp\/v2\/media?parent=126470"}],"wp:term":[{"taxonomy":"product_brand","embeddable":true,"href":"https:\/\/stylingagenten.com\/fi\/wp-json\/wp\/v2\/product_brand?post=126470"},{"taxonomy":"product_cat","embeddable":true,"href":"https:\/\/stylingagenten.com\/fi\/wp-json\/wp\/v2\/product_cat?post=126470"},{"taxonomy":"product_tag","embeddable":true,"href":"https:\/\/stylingagenten.com\/fi\/wp-json\/wp\/v2\/product_tag?post=126470"},{"taxonomy":"berocket_brand","embeddable":true,"href":"https:\/\/stylingagenten.com\/fi\/wp-json\/wp\/v2\/berocket_brand?post=126470"}],"curies":[{"name":"wp","href":"https:\/\/api.w.org\/{rel}","templated":true}]}}