{"id":126445,"date":"2025-05-18T22:05:19","date_gmt":"2025-05-18T22:05:19","guid":{"rendered":"https:\/\/staging2.stylingagenten.com\/fi\/produkt\/bjork-forma-textur-texture-spray-200ml\/"},"modified":"2026-03-25T20:08:40","modified_gmt":"2026-03-25T20:08:40","slug":"bjork-forma-textur-texture-spray-200ml","status":"publish","type":"product","link":"https:\/\/stylingagenten.com\/fi\/tuote\/bjork-forma-textur-texture-spray-200ml\/","title":{"rendered":"Bj\u00f6rk FORMA TEXTUR Texture Spray 200ml"},"content":{"rendered":"<p>Bj\u00f6rk FORMA TEXTUR Texture Spray on tekstuurisuihke, joka luo nopeasti volyymia ja rakennetta. Ravitseva koostumus sis\u00e4lt\u00e4\u00e4 ruusun, mustikan ja auringonkukan uutetta, jotka hoitavat hiuksia samalla kun ne antavat pitoa. Antaa joustavan pidon ja mattapintaisen lopputuloksen.<\/p>\n<p>Tuoksu: Ylellinen ja hedelm\u00e4inen tuoksu, jossa on vivahteita punaisista marjoista ja vaniljasta.<\/p>\n<p>200 ml<\/p>\n","protected":false},"excerpt":{"rendered":"<p>Bj\u00f6rk FORMA TEXTUR Texture Spray on tekstuurisuihke, joka luo nopeasti volyymia ja rakennetta. Ravitseva koostumus sis\u00e4lt\u00e4\u00e4 ruusun, mustikan ja auringonkukan uutetta, jotka hoitavat hiuksia samalla kun ne antavat pitoa. Antaa joustavan pidon ja mattapintaisen lopputuloksen. Tuoksu: Ylellinen ja hedelm\u00e4inen tuoksu, jossa on vivahteita punaisista marjoista ja vaniljasta. 200 ml<\/p>\n","protected":false},"featured_media":126444,"comment_status":"open","ping_status":"closed","template":"","meta":{"_trash_the_other_posts":false},"product_brand":[],"product_cat":[576],"product_tag":[2559],"berocket_brand":[1418],"class_list":{"0":"post-126445","1":"product","2":"type-product","3":"status-publish","4":"has-post-thumbnail","6":"product_cat-hiuslakka","7":"product_tag-bjork-forma-textur-texture-spray","8":"pa_brand-bjork","9":"pa_variantti-200ml","10":"berocket_brand-bjork","12":"first","13":"instock","14":"sale","15":"taxable","16":"shipping-taxable","17":"purchasable","18":"product-type-simple"},"_links":{"self":[{"href":"https:\/\/stylingagenten.com\/fi\/wp-json\/wp\/v2\/product\/126445","targetHints":{"allow":["GET"]}}],"collection":[{"href":"https:\/\/stylingagenten.com\/fi\/wp-json\/wp\/v2\/product"}],"about":[{"href":"https:\/\/stylingagenten.com\/fi\/wp-json\/wp\/v2\/types\/product"}],"replies":[{"embeddable":true,"href":"https:\/\/stylingagenten.com\/fi\/wp-json\/wp\/v2\/comments?post=126445"}],"version-history":[{"count":0,"href":"https:\/\/stylingagenten.com\/fi\/wp-json\/wp\/v2\/product\/126445\/revisions"}],"wp:featuredmedia":[{"embeddable":true,"href":"https:\/\/stylingagenten.com\/fi\/wp-json\/wp\/v2\/media\/126444"}],"wp:attachment":[{"href":"https:\/\/stylingagenten.com\/fi\/wp-json\/wp\/v2\/media?parent=126445"}],"wp:term":[{"taxonomy":"product_brand","embeddable":true,"href":"https:\/\/stylingagenten.com\/fi\/wp-json\/wp\/v2\/product_brand?post=126445"},{"taxonomy":"product_cat","embeddable":true,"href":"https:\/\/stylingagenten.com\/fi\/wp-json\/wp\/v2\/product_cat?post=126445"},{"taxonomy":"product_tag","embeddable":true,"href":"https:\/\/stylingagenten.com\/fi\/wp-json\/wp\/v2\/product_tag?post=126445"},{"taxonomy":"berocket_brand","embeddable":true,"href":"https:\/\/stylingagenten.com\/fi\/wp-json\/wp\/v2\/berocket_brand?post=126445"}],"curies":[{"name":"wp","href":"https:\/\/api.w.org\/{rel}","templated":true}]}}