{"id":126442,"date":"2025-05-18T22:05:19","date_gmt":"2025-05-18T22:05:19","guid":{"rendered":"https:\/\/staging2.stylingagenten.com\/fi\/produkt\/goldwell-stylesign-volume-root-boost-spray-200ml\/"},"modified":"2026-03-11T21:48:56","modified_gmt":"2026-03-11T21:48:56","slug":"goldwell-stylesign-volume-root-boost-spray-200ml","status":"publish","type":"product","link":"https:\/\/stylingagenten.com\/fi\/tuote\/goldwell-stylesign-volume-root-boost-spray-200ml\/","title":{"rendered":"Goldwell StyleSign Volume Root Boost Spray 200ml"},"content":{"rendered":"<p>Goldwell StyleSign Root Boost Spray nostaa v\u00e4litt\u00f6m\u00e4sti hiukset tyvest\u00e4 ja antaa kohdennettua volyymia jopa 48 tuntia. Vegaaninen, CO2-kompensoitu ja dermatologisesti testattu. Pito 4\/5, kiilto 0\/3. T\u00e4ydellinen ohuista keskivahvoihin hiuksiin.<\/p>\n<p>200ml<\/p>\n","protected":false},"excerpt":{"rendered":"<p>Goldwell StyleSign Root Boost Spray nostaa v\u00e4litt\u00f6m\u00e4sti hiukset tyvest\u00e4 ja antaa kohdennettua volyymia jopa 48 tuntia. Vegaaninen, CO2-kompensoitu ja dermatologisesti testattu. Pito 4\/5, kiilto 0\/3. T\u00e4ydellinen ohuista keskivahvoihin hiuksiin. 200ml<\/p>\n","protected":false},"featured_media":126429,"comment_status":"open","ping_status":"closed","template":"","meta":{"_trash_the_other_posts":false},"product_brand":[],"product_cat":[576],"product_tag":[],"berocket_brand":[1328],"class_list":{"0":"post-126442","1":"product","2":"type-product","3":"status-publish","4":"has-post-thumbnail","6":"product_cat-hiuslakka","7":"pa_brand-goldwell","8":"berocket_brand-goldwell","10":"first","11":"instock","12":"sale","13":"taxable","14":"shipping-taxable","15":"purchasable","16":"product-type-simple"},"_links":{"self":[{"href":"https:\/\/stylingagenten.com\/fi\/wp-json\/wp\/v2\/product\/126442","targetHints":{"allow":["GET"]}}],"collection":[{"href":"https:\/\/stylingagenten.com\/fi\/wp-json\/wp\/v2\/product"}],"about":[{"href":"https:\/\/stylingagenten.com\/fi\/wp-json\/wp\/v2\/types\/product"}],"replies":[{"embeddable":true,"href":"https:\/\/stylingagenten.com\/fi\/wp-json\/wp\/v2\/comments?post=126442"}],"version-history":[{"count":0,"href":"https:\/\/stylingagenten.com\/fi\/wp-json\/wp\/v2\/product\/126442\/revisions"}],"wp:featuredmedia":[{"embeddable":true,"href":"https:\/\/stylingagenten.com\/fi\/wp-json\/wp\/v2\/media\/126429"}],"wp:attachment":[{"href":"https:\/\/stylingagenten.com\/fi\/wp-json\/wp\/v2\/media?parent=126442"}],"wp:term":[{"taxonomy":"product_brand","embeddable":true,"href":"https:\/\/stylingagenten.com\/fi\/wp-json\/wp\/v2\/product_brand?post=126442"},{"taxonomy":"product_cat","embeddable":true,"href":"https:\/\/stylingagenten.com\/fi\/wp-json\/wp\/v2\/product_cat?post=126442"},{"taxonomy":"product_tag","embeddable":true,"href":"https:\/\/stylingagenten.com\/fi\/wp-json\/wp\/v2\/product_tag?post=126442"},{"taxonomy":"berocket_brand","embeddable":true,"href":"https:\/\/stylingagenten.com\/fi\/wp-json\/wp\/v2\/berocket_brand?post=126442"}],"curies":[{"name":"wp","href":"https:\/\/api.w.org\/{rel}","templated":true}]}}