{"id":126426,"date":"2025-05-18T22:05:17","date_gmt":"2025-05-18T22:05:17","guid":{"rendered":"https:\/\/staging2.stylingagenten.com\/fi\/produkt\/bjork-spraya-lagom-medium-hold-hairspray-300ml\/"},"modified":"2026-04-13T07:18:29","modified_gmt":"2026-04-13T07:18:29","slug":"bjork-spraya-lagom-medium-hold-hairspray-300ml","status":"publish","type":"product","link":"https:\/\/stylingagenten.com\/fi\/tuote\/bjork-spraya-lagom-medium-hold-hairspray-300ml\/","title":{"rendered":"Bj\u00f6rk SPRAYA LAGOM Medium Hold Hairspray 300ml"},"content":{"rendered":"<p>Bj\u00f6rk SPRAYA LAGOM Medium Hold Hair Spray on joustava hiuslakka, jossa on keskivahva pito. Hoitavaa auringonkukka-uutetta ja huolellisesti valittuja ainesosia sis\u00e4lt\u00e4v\u00e4 koostumus luo joustavan pidon ja kevyen kiillon, t\u00e4ydellinen kampauksiin.<\/p>\n<p>Tuoksu: Ylellinen ja hedelm\u00e4inen tuoksu, jossa on vivahteita melonista.<\/p>\n<p>300 ml<\/p>\n","protected":false},"excerpt":{"rendered":"<p>Bj\u00f6rk SPRAYA LAGOM Medium Hold Hair Spray on joustava hiuslakka, jossa on keskivahva pito. Hoitavaa auringonkukka-uutetta ja huolellisesti valittuja ainesosia sis\u00e4lt\u00e4v\u00e4 koostumus luo joustavan pidon ja kevyen kiillon, t\u00e4ydellinen kampauksiin. Tuoksu: Ylellinen ja hedelm\u00e4inen tuoksu, jossa on vivahteita melonista. 300 ml<\/p>\n","protected":false},"featured_media":126424,"comment_status":"open","ping_status":"closed","template":"","meta":{"_trash_the_other_posts":false},"product_brand":[],"product_cat":[576],"product_tag":[2572],"berocket_brand":[1418],"class_list":{"0":"post-126426","1":"product","2":"type-product","3":"status-publish","4":"has-post-thumbnail","6":"product_cat-hiuslakka","7":"product_tag-bjork-spraya-lagom-medium-hold-hairspray","8":"pa_brand-bjork","9":"pa_variantti-300ml","10":"berocket_brand-bjork","12":"first","13":"instock","14":"sale","15":"taxable","16":"shipping-taxable","17":"purchasable","18":"product-type-simple"},"_links":{"self":[{"href":"https:\/\/stylingagenten.com\/fi\/wp-json\/wp\/v2\/product\/126426","targetHints":{"allow":["GET"]}}],"collection":[{"href":"https:\/\/stylingagenten.com\/fi\/wp-json\/wp\/v2\/product"}],"about":[{"href":"https:\/\/stylingagenten.com\/fi\/wp-json\/wp\/v2\/types\/product"}],"replies":[{"embeddable":true,"href":"https:\/\/stylingagenten.com\/fi\/wp-json\/wp\/v2\/comments?post=126426"}],"version-history":[{"count":0,"href":"https:\/\/stylingagenten.com\/fi\/wp-json\/wp\/v2\/product\/126426\/revisions"}],"wp:featuredmedia":[{"embeddable":true,"href":"https:\/\/stylingagenten.com\/fi\/wp-json\/wp\/v2\/media\/126424"}],"wp:attachment":[{"href":"https:\/\/stylingagenten.com\/fi\/wp-json\/wp\/v2\/media?parent=126426"}],"wp:term":[{"taxonomy":"product_brand","embeddable":true,"href":"https:\/\/stylingagenten.com\/fi\/wp-json\/wp\/v2\/product_brand?post=126426"},{"taxonomy":"product_cat","embeddable":true,"href":"https:\/\/stylingagenten.com\/fi\/wp-json\/wp\/v2\/product_cat?post=126426"},{"taxonomy":"product_tag","embeddable":true,"href":"https:\/\/stylingagenten.com\/fi\/wp-json\/wp\/v2\/product_tag?post=126426"},{"taxonomy":"berocket_brand","embeddable":true,"href":"https:\/\/stylingagenten.com\/fi\/wp-json\/wp\/v2\/berocket_brand?post=126426"}],"curies":[{"name":"wp","href":"https:\/\/api.w.org\/{rel}","templated":true}]}}