{"id":126420,"date":"2025-05-18T22:05:16","date_gmt":"2025-05-18T22:05:16","guid":{"rendered":"https:\/\/staging2.stylingagenten.com\/fi\/produkt\/goldwell-stylesign-strong-hairspray-300ml\/"},"modified":"2026-04-12T07:58:54","modified_gmt":"2026-04-12T07:58:54","slug":"goldwell-stylesign-strong-hairspray-300ml","status":"publish","type":"product","link":"https:\/\/stylingagenten.com\/fi\/tuote\/goldwell-stylesign-strong-hairspray-300ml\/","title":{"rendered":"Goldwell StyleSign Strong Hairspray 300ml"},"content":{"rendered":"<p>Goldwell StyleSign Strong Hairspray antaa v\u00e4litt\u00f6m\u00e4sti vahvan pidon ja jopa 72 tunnin kosteuden- ja p\u00f6rr\u00f6isyyden hallinnan.<\/p>\n<p>Vegaaninen koostumus*<\/p>\n<p>CO2-kompensoitu**<\/p>\n<p>Dermatologisesti testattu<\/p>\n<p>Kehitetty ja valmistettu Saksassa<\/p>\n<p>Pito: 4\/5<\/p>\n<p>Kiilto: 1\/3<\/p>\n<p>Jos pidit Goldwell StyleSign Big Finish -hiuslakkasta, tulet rakastamaan Goldwell StyleSign Strong Hairsprayta.<\/p>\n<p>300ml<\/p>\n","protected":false},"excerpt":{"rendered":"<p>Goldwell StyleSign Strong Hairspray antaa v\u00e4litt\u00f6m\u00e4sti vahvan pidon ja jopa 72 tunnin kosteuden- ja p\u00f6rr\u00f6isyyden hallinnan. Vegaaninen koostumus* CO2-kompensoitu** Dermatologisesti testattu Kehitetty ja valmistettu Saksassa Pito: 4\/5 Kiilto: 1\/3 Jos pidit Goldwell StyleSign Big Finish -hiuslakkasta, tulet rakastamaan Goldwell StyleSign Strong Hairsprayta. 300ml<\/p>\n","protected":false},"featured_media":126417,"comment_status":"open","ping_status":"closed","template":"","meta":{"_trash_the_other_posts":false},"product_brand":[],"product_cat":[576],"product_tag":[],"berocket_brand":[1328],"class_list":{"0":"post-126420","1":"product","2":"type-product","3":"status-publish","4":"has-post-thumbnail","6":"product_cat-hiuslakka","7":"pa_brand-goldwell","8":"berocket_brand-goldwell","10":"first","11":"instock","12":"sale","13":"taxable","14":"shipping-taxable","15":"purchasable","16":"product-type-simple"},"_links":{"self":[{"href":"https:\/\/stylingagenten.com\/fi\/wp-json\/wp\/v2\/product\/126420","targetHints":{"allow":["GET"]}}],"collection":[{"href":"https:\/\/stylingagenten.com\/fi\/wp-json\/wp\/v2\/product"}],"about":[{"href":"https:\/\/stylingagenten.com\/fi\/wp-json\/wp\/v2\/types\/product"}],"replies":[{"embeddable":true,"href":"https:\/\/stylingagenten.com\/fi\/wp-json\/wp\/v2\/comments?post=126420"}],"version-history":[{"count":0,"href":"https:\/\/stylingagenten.com\/fi\/wp-json\/wp\/v2\/product\/126420\/revisions"}],"wp:featuredmedia":[{"embeddable":true,"href":"https:\/\/stylingagenten.com\/fi\/wp-json\/wp\/v2\/media\/126417"}],"wp:attachment":[{"href":"https:\/\/stylingagenten.com\/fi\/wp-json\/wp\/v2\/media?parent=126420"}],"wp:term":[{"taxonomy":"product_brand","embeddable":true,"href":"https:\/\/stylingagenten.com\/fi\/wp-json\/wp\/v2\/product_brand?post=126420"},{"taxonomy":"product_cat","embeddable":true,"href":"https:\/\/stylingagenten.com\/fi\/wp-json\/wp\/v2\/product_cat?post=126420"},{"taxonomy":"product_tag","embeddable":true,"href":"https:\/\/stylingagenten.com\/fi\/wp-json\/wp\/v2\/product_tag?post=126420"},{"taxonomy":"berocket_brand","embeddable":true,"href":"https:\/\/stylingagenten.com\/fi\/wp-json\/wp\/v2\/berocket_brand?post=126420"}],"curies":[{"name":"wp","href":"https:\/\/api.w.org\/{rel}","templated":true}]}}