{"id":126404,"date":"2025-05-18T22:05:14","date_gmt":"2025-05-18T22:05:14","guid":{"rendered":"https:\/\/staging2.stylingagenten.com\/fi\/produkt\/milk_shake-lifestyling-let-it-shine-200ml\/"},"modified":"2026-03-11T21:57:38","modified_gmt":"2026-03-11T21:57:38","slug":"milk_shake-lifestyling-let-it-shine-200ml","status":"publish","type":"product","link":"https:\/\/stylingagenten.com\/fi\/tuote\/milk_shake-lifestyling-let-it-shine-200ml\/","title":{"rendered":"Milk_Shake Lifestyling Let It Shine 200ml"},"content":{"rendered":"<p>Milk_Shake Lifestyling Let It Shine on pehment\u00e4v\u00e4 kiiltosuihke. Eritt\u00e4in hieno sumu tekee hiuksista kiilt\u00e4v\u00e4t ilman, ett\u00e4 ne tuntuvat raskailta. Ei anna pitoa. Sopii kaikille hiustyypeille. Pit\u00e4\u00e4 s\u00e4hk\u00f6iset hiukset kurissa ja suojaa l\u00e4mm\u00f6lt\u00e4.<\/p>\n<p>200ml<\/p>\n","protected":false},"excerpt":{"rendered":"<p>Milk_Shake Lifestyling Let It Shine on pehment\u00e4v\u00e4 kiiltosuihke. Eritt\u00e4in hieno sumu tekee hiuksista kiilt\u00e4v\u00e4t ilman, ett\u00e4 ne tuntuvat raskailta. Ei anna pitoa. Sopii kaikille hiustyypeille. Pit\u00e4\u00e4 s\u00e4hk\u00f6iset hiukset kurissa ja suojaa l\u00e4mm\u00f6lt\u00e4. 200ml<\/p>\n","protected":false},"featured_media":126401,"comment_status":"open","ping_status":"closed","template":"","meta":{"_trash_the_other_posts":false},"product_brand":[],"product_cat":[576],"product_tag":[],"berocket_brand":[1085],"class_list":{"0":"post-126404","1":"product","2":"type-product","3":"status-publish","4":"has-post-thumbnail","6":"product_cat-hiuslakka","7":"pa_brand-milk_shake","8":"berocket_brand-milk_shake","10":"first","11":"instock","12":"sale","13":"taxable","14":"shipping-taxable","15":"purchasable","16":"product-type-simple"},"_links":{"self":[{"href":"https:\/\/stylingagenten.com\/fi\/wp-json\/wp\/v2\/product\/126404","targetHints":{"allow":["GET"]}}],"collection":[{"href":"https:\/\/stylingagenten.com\/fi\/wp-json\/wp\/v2\/product"}],"about":[{"href":"https:\/\/stylingagenten.com\/fi\/wp-json\/wp\/v2\/types\/product"}],"replies":[{"embeddable":true,"href":"https:\/\/stylingagenten.com\/fi\/wp-json\/wp\/v2\/comments?post=126404"}],"version-history":[{"count":0,"href":"https:\/\/stylingagenten.com\/fi\/wp-json\/wp\/v2\/product\/126404\/revisions"}],"wp:featuredmedia":[{"embeddable":true,"href":"https:\/\/stylingagenten.com\/fi\/wp-json\/wp\/v2\/media\/126401"}],"wp:attachment":[{"href":"https:\/\/stylingagenten.com\/fi\/wp-json\/wp\/v2\/media?parent=126404"}],"wp:term":[{"taxonomy":"product_brand","embeddable":true,"href":"https:\/\/stylingagenten.com\/fi\/wp-json\/wp\/v2\/product_brand?post=126404"},{"taxonomy":"product_cat","embeddable":true,"href":"https:\/\/stylingagenten.com\/fi\/wp-json\/wp\/v2\/product_cat?post=126404"},{"taxonomy":"product_tag","embeddable":true,"href":"https:\/\/stylingagenten.com\/fi\/wp-json\/wp\/v2\/product_tag?post=126404"},{"taxonomy":"berocket_brand","embeddable":true,"href":"https:\/\/stylingagenten.com\/fi\/wp-json\/wp\/v2\/berocket_brand?post=126404"}],"curies":[{"name":"wp","href":"https:\/\/api.w.org\/{rel}","templated":true}]}}