{"id":126357,"date":"2025-05-18T22:05:07","date_gmt":"2025-05-18T22:05:07","guid":{"rendered":"https:\/\/staging2.stylingagenten.com\/fi\/produkt\/moroccanoil-oily-scalp-treatment-10ml-x-15st\/"},"modified":"2026-03-15T08:57:28","modified_gmt":"2026-03-15T08:57:28","slug":"moroccanoil-oily-scalp-treatment-10ml-x-15st","status":"publish","type":"product","link":"https:\/\/stylingagenten.com\/fi\/tuote\/moroccanoil-oily-scalp-treatment-10ml-x-15st\/","title":{"rendered":"MoroccanOil Oily Scalp Treatment 10ml x 15st"},"content":{"rendered":"<p style='margin-top:0cm;margin-right:0cm;margin-bottom:8.0pt;margin-left:0cm;font-size:15px;font-family:\"Calibri\",sans-serif'> Rasvainen p\u00e4\u00e4nahka voi tehd\u00e4 hiuksista litte\u00e4t ja elottomat. Moroccanoil Oily Scalp Treatment on ammattimainen p\u00e4\u00e4nahan hoito, joka on suunniteltu hallitsemaan yliaktiivista talintuotantoa ja antamaan hiuksille uutta elinvoimaa. T\u00e4m\u00e4 tiivistetty koostumus yhdist\u00e4\u00e4 antioksidanttipitoisen argan\u00f6ljyn ja eteerisen inkiv\u00e4\u00e4ri\u00f6ljyn, joka auttaa korjaamaan ep\u00e4tasapainoa ja lievitt\u00e4m\u00e4\u00e4n tulehdusta hiusrakkuloissa, jotka s\u00e4\u00e4telev\u00e4t talintuotantoa. Kun talipitoisuutta s\u00e4\u00e4dell\u00e4\u00e4n, hiukset kohoavat, koska hiuksista tulee t\u00e4ytel\u00e4isempi\u00e4 ja niill\u00e4 on enemm\u00e4n elinvoimaa.<\/p>\n<p style='margin: 0cm 0cm 8pt;font-family: \"Calibri\", sans-serif'>Jaa hiukset nelj\u00e4\u00e4n yht\u00e4 suureen osaan. Levit\u00e4 3-6 tippaa Moroccanoil \u00f6ljyist\u00e4 p\u00e4\u00e4nahahoitoa p\u00e4\u00e4nahka jokaisessa jalassa. Hiero tuotetta p\u00e4\u00e4nahkaan ja anna vaikuttaa 5-10 minuuttia. Kampaa l\u00e4pi ja huuhtele. K\u00e4yt\u00e4 jatkossa sopivaa Moroccanoil-shampoota ja hoitoainetta. K\u00e4yt\u00e4 kerran viikossa, sitten pidemm\u00e4n v\u00e4liajoin, kun p\u00e4\u00e4nahan kunto paranee.<\/p>\n","protected":false},"excerpt":{"rendered":"<p>Rasvainen p\u00e4\u00e4nahka voi tehd\u00e4 hiuksista litte\u00e4t ja elottomat. Moroccanoil Oily Scalp Treatment on ammattimainen p\u00e4\u00e4nahan hoito, joka on suunniteltu hallitsemaan yliaktiivista talintuotantoa ja antamaan hiuksille uutta elinvoimaa. T\u00e4m\u00e4 tiivistetty koostumus yhdist\u00e4\u00e4 antioksidanttipitoisen argan\u00f6ljyn ja eteerisen inkiv\u00e4\u00e4ri\u00f6ljyn, joka auttaa korjaamaan ep\u00e4tasapainoa ja lievitt\u00e4m\u00e4\u00e4n tulehdusta hiusrakkuloissa, jotka s\u00e4\u00e4telev\u00e4t talintuotantoa. Kun talipitoisuutta s\u00e4\u00e4dell\u00e4\u00e4n, hiukset kohoavat, koska hiuksista tulee [&hellip;]<\/p>\n","protected":false},"featured_media":126356,"comment_status":"open","ping_status":"closed","template":"","meta":{"_trash_the_other_posts":false},"product_brand":[],"product_cat":[615],"product_tag":[],"berocket_brand":[1021],"class_list":{"0":"post-126357","1":"product","2":"type-product","3":"status-publish","4":"has-post-thumbnail","6":"product_cat-hiusten-seerumi","7":"pa_brand-moroccanoil","8":"berocket_brand-moroccanoil","10":"first","11":"instock","12":"sale","13":"taxable","14":"shipping-taxable","15":"purchasable","16":"product-type-simple"},"_links":{"self":[{"href":"https:\/\/stylingagenten.com\/fi\/wp-json\/wp\/v2\/product\/126357","targetHints":{"allow":["GET"]}}],"collection":[{"href":"https:\/\/stylingagenten.com\/fi\/wp-json\/wp\/v2\/product"}],"about":[{"href":"https:\/\/stylingagenten.com\/fi\/wp-json\/wp\/v2\/types\/product"}],"replies":[{"embeddable":true,"href":"https:\/\/stylingagenten.com\/fi\/wp-json\/wp\/v2\/comments?post=126357"}],"version-history":[{"count":0,"href":"https:\/\/stylingagenten.com\/fi\/wp-json\/wp\/v2\/product\/126357\/revisions"}],"wp:featuredmedia":[{"embeddable":true,"href":"https:\/\/stylingagenten.com\/fi\/wp-json\/wp\/v2\/media\/126356"}],"wp:attachment":[{"href":"https:\/\/stylingagenten.com\/fi\/wp-json\/wp\/v2\/media?parent=126357"}],"wp:term":[{"taxonomy":"product_brand","embeddable":true,"href":"https:\/\/stylingagenten.com\/fi\/wp-json\/wp\/v2\/product_brand?post=126357"},{"taxonomy":"product_cat","embeddable":true,"href":"https:\/\/stylingagenten.com\/fi\/wp-json\/wp\/v2\/product_cat?post=126357"},{"taxonomy":"product_tag","embeddable":true,"href":"https:\/\/stylingagenten.com\/fi\/wp-json\/wp\/v2\/product_tag?post=126357"},{"taxonomy":"berocket_brand","embeddable":true,"href":"https:\/\/stylingagenten.com\/fi\/wp-json\/wp\/v2\/berocket_brand?post=126357"}],"curies":[{"name":"wp","href":"https:\/\/api.w.org\/{rel}","templated":true}]}}