{"id":126352,"date":"2025-05-18T22:05:06","date_gmt":"2025-05-18T22:05:06","guid":{"rendered":"https:\/\/staging2.stylingagenten.com\/fi\/produkt\/paul-mitchell-color-protect-reconstructive-treatment-150ml\/"},"modified":"2026-03-11T21:51:11","modified_gmt":"2026-03-11T21:51:11","slug":"paul-mitchell-color-protect-reconstructive-treatment-150ml","status":"publish","type":"product","link":"https:\/\/stylingagenten.com\/fi\/tuote\/paul-mitchell-color-protect-reconstructive-treatment-150ml\/","title":{"rendered":"Paul Mitchell Color Protect Reconstructive Treatment 150ml"},"content":{"rendered":"<p>Proteiinihoito, joka purkaa, korjaa hiusten rakennetta ja tekee hiuksista joustavia.<br \/>Taistelee halkeilevia latvoja vastaan.<br \/>Aurinkosuojasuodatin sek\u00e4 UVA- ett\u00e4 UVB-s\u00e4teit\u00e4 vastaan.<\/p>\n","protected":false},"excerpt":{"rendered":"<p>Proteiinihoito, joka purkaa, korjaa hiusten rakennetta ja tekee hiuksista joustavia.Taistelee halkeilevia latvoja vastaan.Aurinkosuojasuodatin sek\u00e4 UVA- ett\u00e4 UVB-s\u00e4teit\u00e4 vastaan.<\/p>\n","protected":false},"featured_media":126351,"comment_status":"open","ping_status":"closed","template":"","meta":{"_trash_the_other_posts":false},"product_brand":[],"product_cat":[615],"product_tag":[],"berocket_brand":[1053],"class_list":{"0":"post-126352","1":"product","2":"type-product","3":"status-publish","4":"has-post-thumbnail","6":"product_cat-hiusten-seerumi","7":"pa_brand-paul-mitchell","8":"berocket_brand-paul-mitchell","10":"first","11":"instock","12":"sale","13":"taxable","14":"shipping-taxable","15":"purchasable","16":"product-type-simple"},"_links":{"self":[{"href":"https:\/\/stylingagenten.com\/fi\/wp-json\/wp\/v2\/product\/126352","targetHints":{"allow":["GET"]}}],"collection":[{"href":"https:\/\/stylingagenten.com\/fi\/wp-json\/wp\/v2\/product"}],"about":[{"href":"https:\/\/stylingagenten.com\/fi\/wp-json\/wp\/v2\/types\/product"}],"replies":[{"embeddable":true,"href":"https:\/\/stylingagenten.com\/fi\/wp-json\/wp\/v2\/comments?post=126352"}],"version-history":[{"count":0,"href":"https:\/\/stylingagenten.com\/fi\/wp-json\/wp\/v2\/product\/126352\/revisions"}],"wp:featuredmedia":[{"embeddable":true,"href":"https:\/\/stylingagenten.com\/fi\/wp-json\/wp\/v2\/media\/126351"}],"wp:attachment":[{"href":"https:\/\/stylingagenten.com\/fi\/wp-json\/wp\/v2\/media?parent=126352"}],"wp:term":[{"taxonomy":"product_brand","embeddable":true,"href":"https:\/\/stylingagenten.com\/fi\/wp-json\/wp\/v2\/product_brand?post=126352"},{"taxonomy":"product_cat","embeddable":true,"href":"https:\/\/stylingagenten.com\/fi\/wp-json\/wp\/v2\/product_cat?post=126352"},{"taxonomy":"product_tag","embeddable":true,"href":"https:\/\/stylingagenten.com\/fi\/wp-json\/wp\/v2\/product_tag?post=126352"},{"taxonomy":"berocket_brand","embeddable":true,"href":"https:\/\/stylingagenten.com\/fi\/wp-json\/wp\/v2\/berocket_brand?post=126352"}],"curies":[{"name":"wp","href":"https:\/\/api.w.org\/{rel}","templated":true}]}}