{"id":126304,"date":"2025-05-18T22:04:58","date_gmt":"2025-05-18T22:04:58","guid":{"rendered":"https:\/\/staging2.stylingagenten.com\/fi\/produkt\/goldwell-dualsenses-rich-repair-6-effect-serum-100ml\/"},"modified":"2026-04-14T06:48:28","modified_gmt":"2026-04-14T06:48:28","slug":"goldwell-dualsenses-rich-repair-6-effect-serum-100ml","status":"publish","type":"product","link":"https:\/\/stylingagenten.com\/fi\/tuote\/goldwell-dualsenses-rich-repair-6-effect-serum-100ml\/","title":{"rendered":"Goldwell Dualsenses Rich Repair 6 Effect Serum 100ml"},"content":{"rendered":"<p>Goldwell Dualsenses Rich Repair 6 Effects -seerumi sopii t\u00e4ydellisesti vaurioituneille hiuksille. Sis\u00e4lt\u00e4\u00e4 IntraLipid Complexia, joka korjaa hiuksia sis\u00e4lt\u00e4 ulosp\u00e4in. Lipidit korvataan tehokkaasti syvyytt\u00e4 hiusten sis\u00e4rakenteen intensiiviseen rekonstruoimiseen sek\u00e4 kynsinauhokerroksen vaurioituneisiin luomuihin.<\/p>\n<p>Seerumilla on kuusi uudistavaa vaikutusta:<br \/>V\u00e4hent\u00e4\u00e4 katkenneiden hiuss\u00e4ikeiden m\u00e4\u00e4r\u00e4\u00e4.<br \/> Antaa silkkisen tuntuinen<br \/>&amp;Oumlck joustavuutta<br \/>Antaa terveet hiukset pituudet ja p\u00e4iss\u00e4<br \/>Antaa v\u00e4lit\u00f6nt\u00e4 kiiltoa<br \/>&nbsp;&Aring;palauttaa hiusten rakenteen.<\/p>\n<p>Levit\u00e4 1-2 pumppausannosta pyyhekuiviin tai kuiviin hiuksiin. Levit\u00e4 tasaisesti hiuksiin. Ei saa huuhdella pois.<\/p>\n","protected":false},"excerpt":{"rendered":"<p>Goldwell Dualsenses Rich Repair 6 Effects -seerumi sopii t\u00e4ydellisesti vaurioituneille hiuksille. Sis\u00e4lt\u00e4\u00e4 IntraLipid Complexia, joka korjaa hiuksia sis\u00e4lt\u00e4 ulosp\u00e4in. Lipidit korvataan tehokkaasti syvyytt\u00e4 hiusten sis\u00e4rakenteen intensiiviseen rekonstruoimiseen sek\u00e4 kynsinauhokerroksen vaurioituneisiin luomuihin. Seerumilla on kuusi uudistavaa vaikutusta:V\u00e4hent\u00e4\u00e4 katkenneiden hiuss\u00e4ikeiden m\u00e4\u00e4r\u00e4\u00e4. Antaa silkkisen tuntuinen&amp;Oumlck joustavuuttaAntaa terveet hiukset pituudet ja p\u00e4iss\u00e4Antaa v\u00e4lit\u00f6nt\u00e4 kiiltoa&nbsp;&Aring;palauttaa hiusten rakenteen. Levit\u00e4 1-2 pumppausannosta [&hellip;]<\/p>\n","protected":false},"featured_media":126302,"comment_status":"open","ping_status":"closed","template":"","meta":{"_trash_the_other_posts":false},"product_brand":[],"product_cat":[615],"product_tag":[],"berocket_brand":[1328],"class_list":{"0":"post-126304","1":"product","2":"type-product","3":"status-publish","4":"has-post-thumbnail","6":"product_cat-hiusten-seerumi","7":"pa_brand-goldwell","8":"berocket_brand-goldwell","10":"first","11":"instock","12":"sale","13":"taxable","14":"shipping-taxable","15":"purchasable","16":"product-type-simple"},"_links":{"self":[{"href":"https:\/\/stylingagenten.com\/fi\/wp-json\/wp\/v2\/product\/126304","targetHints":{"allow":["GET"]}}],"collection":[{"href":"https:\/\/stylingagenten.com\/fi\/wp-json\/wp\/v2\/product"}],"about":[{"href":"https:\/\/stylingagenten.com\/fi\/wp-json\/wp\/v2\/types\/product"}],"replies":[{"embeddable":true,"href":"https:\/\/stylingagenten.com\/fi\/wp-json\/wp\/v2\/comments?post=126304"}],"version-history":[{"count":0,"href":"https:\/\/stylingagenten.com\/fi\/wp-json\/wp\/v2\/product\/126304\/revisions"}],"wp:featuredmedia":[{"embeddable":true,"href":"https:\/\/stylingagenten.com\/fi\/wp-json\/wp\/v2\/media\/126302"}],"wp:attachment":[{"href":"https:\/\/stylingagenten.com\/fi\/wp-json\/wp\/v2\/media?parent=126304"}],"wp:term":[{"taxonomy":"product_brand","embeddable":true,"href":"https:\/\/stylingagenten.com\/fi\/wp-json\/wp\/v2\/product_brand?post=126304"},{"taxonomy":"product_cat","embeddable":true,"href":"https:\/\/stylingagenten.com\/fi\/wp-json\/wp\/v2\/product_cat?post=126304"},{"taxonomy":"product_tag","embeddable":true,"href":"https:\/\/stylingagenten.com\/fi\/wp-json\/wp\/v2\/product_tag?post=126304"},{"taxonomy":"berocket_brand","embeddable":true,"href":"https:\/\/stylingagenten.com\/fi\/wp-json\/wp\/v2\/berocket_brand?post=126304"}],"curies":[{"name":"wp","href":"https:\/\/api.w.org\/{rel}","templated":true}]}}