{"id":126299,"date":"2025-05-18T22:04:58","date_gmt":"2025-05-18T22:04:58","guid":{"rendered":"https:\/\/staging2.stylingagenten.com\/fi\/produkt\/goldwell-dualsenses-rich-repair-restoring-serum-spray-150ml\/"},"modified":"2026-04-01T13:58:06","modified_gmt":"2026-04-01T13:58:06","slug":"goldwell-dualsenses-rich-repair-restoring-serum-spray-150ml","status":"publish","type":"product","link":"https:\/\/stylingagenten.com\/fi\/tuote\/goldwell-dualsenses-rich-repair-restoring-serum-spray-150ml\/","title":{"rendered":"Goldwell Dualsenses Rich Repair Restoring Serum Spray 150ml"},"content":{"rendered":"<p>Goldwell Dualsenses Rich Repair Restoring Serum Spray on pintaan j\u00e4tett\u00e4v\u00e4 suihke, joka kosteuttaa vaurioituneita ja kuivia hiuksia. <br \/>Seerumi on rakentava ja tekee hiuksista pehme\u00e4t ja lis\u00e4\u00e4 kiiltoa. Sis\u00e4lt\u00e4\u00e4 microPROtec kompleksia ja IntraLipid Complexia, jotka korjaavat hiuksia sis\u00e4lt\u00e4p\u00e4in. Lipidit korvataan tehokkaasti syvyytt\u00e4 hiuskerroksen sis\u00e4rakenteen sek\u00e4 vaurioituneiden lipidien intensiivist\u00e4 uudelleenrakentamista varten. L\u00e4mm\u00f6lt\u00e4 suojaava seerumi, joka purkaa hiukset ja helpottaa niiden kampaamista.<\/p>\n","protected":false},"excerpt":{"rendered":"<p>Goldwell Dualsenses Rich Repair Restoring Serum Spray on pintaan j\u00e4tett\u00e4v\u00e4 suihke, joka kosteuttaa vaurioituneita ja kuivia hiuksia. Seerumi on rakentava ja tekee hiuksista pehme\u00e4t ja lis\u00e4\u00e4 kiiltoa. Sis\u00e4lt\u00e4\u00e4 microPROtec kompleksia ja IntraLipid Complexia, jotka korjaavat hiuksia sis\u00e4lt\u00e4p\u00e4in. Lipidit korvataan tehokkaasti syvyytt\u00e4 hiuskerroksen sis\u00e4rakenteen sek\u00e4 vaurioituneiden lipidien intensiivist\u00e4 uudelleenrakentamista varten. L\u00e4mm\u00f6lt\u00e4 suojaava seerumi, joka purkaa hiukset [&hellip;]<\/p>\n","protected":false},"featured_media":126298,"comment_status":"open","ping_status":"closed","template":"","meta":{"_trash_the_other_posts":false},"product_brand":[],"product_cat":[615,1003],"product_tag":[],"berocket_brand":[1328],"class_list":{"0":"post-126299","1":"product","2":"type-product","3":"status-publish","4":"has-post-thumbnail","6":"product_cat-hiusten-seerumi","7":"product_cat-myydyimmat","8":"pa_brand-goldwell","9":"berocket_brand-goldwell","11":"first","12":"instock","13":"sale","14":"taxable","15":"shipping-taxable","16":"purchasable","17":"product-type-simple"},"_links":{"self":[{"href":"https:\/\/stylingagenten.com\/fi\/wp-json\/wp\/v2\/product\/126299","targetHints":{"allow":["GET"]}}],"collection":[{"href":"https:\/\/stylingagenten.com\/fi\/wp-json\/wp\/v2\/product"}],"about":[{"href":"https:\/\/stylingagenten.com\/fi\/wp-json\/wp\/v2\/types\/product"}],"replies":[{"embeddable":true,"href":"https:\/\/stylingagenten.com\/fi\/wp-json\/wp\/v2\/comments?post=126299"}],"version-history":[{"count":0,"href":"https:\/\/stylingagenten.com\/fi\/wp-json\/wp\/v2\/product\/126299\/revisions"}],"wp:featuredmedia":[{"embeddable":true,"href":"https:\/\/stylingagenten.com\/fi\/wp-json\/wp\/v2\/media\/126298"}],"wp:attachment":[{"href":"https:\/\/stylingagenten.com\/fi\/wp-json\/wp\/v2\/media?parent=126299"}],"wp:term":[{"taxonomy":"product_brand","embeddable":true,"href":"https:\/\/stylingagenten.com\/fi\/wp-json\/wp\/v2\/product_brand?post=126299"},{"taxonomy":"product_cat","embeddable":true,"href":"https:\/\/stylingagenten.com\/fi\/wp-json\/wp\/v2\/product_cat?post=126299"},{"taxonomy":"product_tag","embeddable":true,"href":"https:\/\/stylingagenten.com\/fi\/wp-json\/wp\/v2\/product_tag?post=126299"},{"taxonomy":"berocket_brand","embeddable":true,"href":"https:\/\/stylingagenten.com\/fi\/wp-json\/wp\/v2\/berocket_brand?post=126299"}],"curies":[{"name":"wp","href":"https:\/\/api.w.org\/{rel}","templated":true}]}}