{"id":126270,"date":"2025-05-18T22:04:53","date_gmt":"2025-05-18T22:04:53","guid":{"rendered":"https:\/\/staging2.stylingagenten.com\/fi\/produkt\/olaplex-no-0-intensive-bond-building-hair-treatment-155ml\/"},"modified":"2026-04-08T23:18:31","modified_gmt":"2026-04-08T23:18:31","slug":"olaplex-no-0-intensive-bond-building-hair-treatment-155ml","status":"publish","type":"product","link":"https:\/\/stylingagenten.com\/fi\/tuote\/olaplex-no-0-intensive-bond-building-hair-treatment-155ml\/","title":{"rendered":"Olaplex No.0 Intensive Bond Building Hair Treatment 155ml"},"content":{"rendered":"<p id=\"isPasted\">Olaplax No.0 on osa vallankumouksellista 2-vaiheista hoitoa (No.0 ja No.3), joka vahvistaa ja suojaa hiuksia rakentamalla sen rikkisidoksia kokonaan uudelle tasolle.<\/p>\n<p>K\u00e4ytt\u00f6:<br \/>1. Levit\u00e4 runsas m\u00e4\u00e4r\u00e4 No.0:aa kuiviin hiuksiin. Anna vaikuttaa 10 minuuttia. \u00c4l\u00e4 huuhtele.<br \/>2. Levit\u00e4 sitten nro 3, anna nro 0 ja nro 3 toimia yhdess\u00e4 viel\u00e4 10 minuuttia.<br \/>3. Huuhtele, pese shampoo ja viimeistele hoitoaineella. Saat parhaat tulokset k\u00e4ytt\u00e4m\u00e4ll\u00e4 No.4 shampoota ja hoitoainetta No.5.<\/p>\n<p>MILLOIN SIT\u00c4 K\u00c4YTET\u00c4\u00c4N?<br \/>T\u00e4t\u00e4 2-vaiheista hoitoa tulee k\u00e4ytt\u00e4\u00e4 kerran viikossa tai enint\u00e4\u00e4n 2-3 kertaa viikossa. vaurioituneille hiuksille.<\/p>\n<p><\/p>\n","protected":false},"excerpt":{"rendered":"<p>Olaplax No.0 on osa vallankumouksellista 2-vaiheista hoitoa (No.0 ja No.3), joka vahvistaa ja suojaa hiuksia rakentamalla sen rikkisidoksia kokonaan uudelle tasolle. K\u00e4ytt\u00f6:1. Levit\u00e4 runsas m\u00e4\u00e4r\u00e4 No.0:aa kuiviin hiuksiin. Anna vaikuttaa 10 minuuttia. \u00c4l\u00e4 huuhtele.2. Levit\u00e4 sitten nro 3, anna nro 0 ja nro 3 toimia yhdess\u00e4 viel\u00e4 10 minuuttia.3. Huuhtele, pese shampoo ja viimeistele hoitoaineella. [&hellip;]<\/p>\n","protected":false},"featured_media":126260,"comment_status":"open","ping_status":"closed","template":"","meta":{"_trash_the_other_posts":false},"product_brand":[],"product_cat":[615,1003,717],"product_tag":[],"berocket_brand":[1023],"class_list":{"0":"post-126270","1":"product","2":"type-product","3":"status-publish","4":"has-post-thumbnail","6":"product_cat-hiusten-seerumi","7":"product_cat-myydyimmat","8":"product_cat-virustuotteet","9":"pa_brand-olaplex","10":"berocket_brand-olaplex","12":"first","13":"instock","14":"sale","15":"taxable","16":"shipping-taxable","17":"purchasable","18":"product-type-simple"},"_links":{"self":[{"href":"https:\/\/stylingagenten.com\/fi\/wp-json\/wp\/v2\/product\/126270","targetHints":{"allow":["GET"]}}],"collection":[{"href":"https:\/\/stylingagenten.com\/fi\/wp-json\/wp\/v2\/product"}],"about":[{"href":"https:\/\/stylingagenten.com\/fi\/wp-json\/wp\/v2\/types\/product"}],"replies":[{"embeddable":true,"href":"https:\/\/stylingagenten.com\/fi\/wp-json\/wp\/v2\/comments?post=126270"}],"version-history":[{"count":0,"href":"https:\/\/stylingagenten.com\/fi\/wp-json\/wp\/v2\/product\/126270\/revisions"}],"wp:featuredmedia":[{"embeddable":true,"href":"https:\/\/stylingagenten.com\/fi\/wp-json\/wp\/v2\/media\/126260"}],"wp:attachment":[{"href":"https:\/\/stylingagenten.com\/fi\/wp-json\/wp\/v2\/media?parent=126270"}],"wp:term":[{"taxonomy":"product_brand","embeddable":true,"href":"https:\/\/stylingagenten.com\/fi\/wp-json\/wp\/v2\/product_brand?post=126270"},{"taxonomy":"product_cat","embeddable":true,"href":"https:\/\/stylingagenten.com\/fi\/wp-json\/wp\/v2\/product_cat?post=126270"},{"taxonomy":"product_tag","embeddable":true,"href":"https:\/\/stylingagenten.com\/fi\/wp-json\/wp\/v2\/product_tag?post=126270"},{"taxonomy":"berocket_brand","embeddable":true,"href":"https:\/\/stylingagenten.com\/fi\/wp-json\/wp\/v2\/berocket_brand?post=126270"}],"curies":[{"name":"wp","href":"https:\/\/api.w.org\/{rel}","templated":true}]}}