{"id":126212,"date":"2025-05-18T22:04:45","date_gmt":"2025-05-18T22:04:45","guid":{"rendered":"https:\/\/staging2.stylingagenten.com\/fi\/produkt\/schwarzkopf-osis-glow-50ml\/"},"modified":"2026-04-14T15:00:42","modified_gmt":"2026-04-14T15:00:42","slug":"schwarzkopf-osis-glow-50ml","status":"publish","type":"product","link":"https:\/\/stylingagenten.com\/fi\/tuote\/schwarzkopf-osis-glow-50ml\/","title":{"rendered":"Schwarzkopf Osis Glow 50ml"},"content":{"rendered":"<p>Schwarzkopf Osis Glow 50ml<br \/>OSiS Glow on vegaaninen silikoniton p\u00f6rr\u00f6isyytt\u00e4 ehk\u00e4isev\u00e4 seerumi, joka antaa kiiltoa tylsille ja sameille hiuksille rasittamatta niit\u00e4 ja suojaa my\u00f6s kuumuudelta 230\u00b0C asti. Se hallitsee p\u00f6rr\u00f6isyytt\u00e4 ja ohuita hiuksia ja tarjoaa kiilt\u00e4v\u00e4n lopputuloksen ja kosteutetun tuntuman.<\/p>\n","protected":false},"excerpt":{"rendered":"<p>Schwarzkopf Osis Glow 50mlOSiS Glow on vegaaninen silikoniton p\u00f6rr\u00f6isyytt\u00e4 ehk\u00e4isev\u00e4 seerumi, joka antaa kiiltoa tylsille ja sameille hiuksille rasittamatta niit\u00e4 ja suojaa my\u00f6s kuumuudelta 230\u00b0C asti. Se hallitsee p\u00f6rr\u00f6isyytt\u00e4 ja ohuita hiuksia ja tarjoaa kiilt\u00e4v\u00e4n lopputuloksen ja kosteutetun tuntuman.<\/p>\n","protected":false},"featured_media":126209,"comment_status":"open","ping_status":"closed","template":"","meta":{"_trash_the_other_posts":false},"product_brand":[],"product_cat":[615],"product_tag":[],"berocket_brand":[1060],"class_list":{"0":"post-126212","1":"product","2":"type-product","3":"status-publish","4":"has-post-thumbnail","6":"product_cat-hiusten-seerumi","7":"pa_brand-schwarzkopf","8":"berocket_brand-schwarzkopf","10":"first","11":"instock","12":"sale","13":"taxable","14":"shipping-taxable","15":"purchasable","16":"product-type-simple"},"_links":{"self":[{"href":"https:\/\/stylingagenten.com\/fi\/wp-json\/wp\/v2\/product\/126212","targetHints":{"allow":["GET"]}}],"collection":[{"href":"https:\/\/stylingagenten.com\/fi\/wp-json\/wp\/v2\/product"}],"about":[{"href":"https:\/\/stylingagenten.com\/fi\/wp-json\/wp\/v2\/types\/product"}],"replies":[{"embeddable":true,"href":"https:\/\/stylingagenten.com\/fi\/wp-json\/wp\/v2\/comments?post=126212"}],"version-history":[{"count":0,"href":"https:\/\/stylingagenten.com\/fi\/wp-json\/wp\/v2\/product\/126212\/revisions"}],"wp:featuredmedia":[{"embeddable":true,"href":"https:\/\/stylingagenten.com\/fi\/wp-json\/wp\/v2\/media\/126209"}],"wp:attachment":[{"href":"https:\/\/stylingagenten.com\/fi\/wp-json\/wp\/v2\/media?parent=126212"}],"wp:term":[{"taxonomy":"product_brand","embeddable":true,"href":"https:\/\/stylingagenten.com\/fi\/wp-json\/wp\/v2\/product_brand?post=126212"},{"taxonomy":"product_cat","embeddable":true,"href":"https:\/\/stylingagenten.com\/fi\/wp-json\/wp\/v2\/product_cat?post=126212"},{"taxonomy":"product_tag","embeddable":true,"href":"https:\/\/stylingagenten.com\/fi\/wp-json\/wp\/v2\/product_tag?post=126212"},{"taxonomy":"berocket_brand","embeddable":true,"href":"https:\/\/stylingagenten.com\/fi\/wp-json\/wp\/v2\/berocket_brand?post=126212"}],"curies":[{"name":"wp","href":"https:\/\/api.w.org\/{rel}","templated":true}]}}