{"id":126197,"date":"2025-05-18T22:04:42","date_gmt":"2025-05-18T22:04:42","guid":{"rendered":"https:\/\/staging2.stylingagenten.com\/fi\/produkt\/sachajuan-protective-hair-perfume-50ml\/"},"modified":"2026-03-11T22:00:10","modified_gmt":"2026-03-11T22:00:10","slug":"sachajuan-protective-hair-perfume-50ml","status":"publish","type":"product","link":"https:\/\/stylingagenten.com\/fi\/tuote\/sachajuan-protective-hair-perfume-50ml\/","title":{"rendered":"SACHAJUAN Protective Hair Perfume 50ml"},"content":{"rendered":"<p>SACHAJUAN Protective Hair Perfume on monipuolinen tuote, joka ei ainoastaan \u200b\u200bj\u00e4t\u00e4 hiuksia v\u00e4litt\u00f6m\u00e4sti raikkaiksi kaikissa hiustenhoitotuotteissamme k\u00e4ytetyn SACHAJUANin tunnustuoksun sumussa, vaan my\u00f6s hoitaa hiuksia kosteuttamalla, v\u00e4hent\u00e4m\u00e4ll\u00e4 staattista s\u00e4hk\u00f6\u00e4, lis\u00e4\u00e4m\u00e4ll\u00e4 kiiltoa ja ylim\u00e4\u00e4r\u00e4ist\u00e4 UV-suojaa. <\/p>\n<p>Tuoksu on hienostunut, hedelm\u00e4inen, kukkainen, klassisesti rakennettu tuoksu, jonka yl\u00e4tuoksuina litsi ja vihre\u00e4 omena, persikan syd\u00e4n, ruusu ja ylang ylang sek\u00e4 patchouli, setri ja valkoinen myski.<br \/> T\u00e4m\u00e4 on monik\u00e4ytt\u00f6inen tuote, joka ei ainoastaan \u200b\u200behk\u00e4ise vapaiden radikaalien aiheuttamia vaurioita, vaan sis\u00e4lt\u00e4\u00e4 my\u00f6s uusimman hajunpoistoteknologian, joka luonnollisesta sitrus\u00f6ljyst\u00e4 saatujen uutteiden avulla kapseloi hajumolekyylit ja hajottaa ne, jolloin tuloksena on raikas ja terveellinen. hiukset.<\/p>\n<p>SACHAJUAN Protective Hair Parfyymi on erityisesti suunniteltu k\u00e4ytett\u00e4v\u00e4ksi hiuksissa, mutta se on niin hell\u00e4varainen, ett\u00e4 sit\u00e4 voidaan k\u00e4ytt\u00e4\u00e4 my\u00f6s virkist\u00e4v\u00e4n\u00e4 vartalosumuna.<\/p>\n","protected":false},"excerpt":{"rendered":"<p>SACHAJUAN Protective Hair Perfume on monipuolinen tuote, joka ei ainoastaan \u200b\u200bj\u00e4t\u00e4 hiuksia v\u00e4litt\u00f6m\u00e4sti raikkaiksi kaikissa hiustenhoitotuotteissamme k\u00e4ytetyn SACHAJUANin tunnustuoksun sumussa, vaan my\u00f6s hoitaa hiuksia kosteuttamalla, v\u00e4hent\u00e4m\u00e4ll\u00e4 staattista s\u00e4hk\u00f6\u00e4, lis\u00e4\u00e4m\u00e4ll\u00e4 kiiltoa ja ylim\u00e4\u00e4r\u00e4ist\u00e4 UV-suojaa. Tuoksu on hienostunut, hedelm\u00e4inen, kukkainen, klassisesti rakennettu tuoksu, jonka yl\u00e4tuoksuina litsi ja vihre\u00e4 omena, persikan syd\u00e4n, ruusu ja ylang ylang sek\u00e4 patchouli, [&hellip;]<\/p>\n","protected":false},"featured_media":126196,"comment_status":"open","ping_status":"closed","template":"","meta":{"_trash_the_other_posts":false},"product_brand":[],"product_cat":[615],"product_tag":[],"berocket_brand":[1409],"class_list":{"0":"post-126197","1":"product","2":"type-product","3":"status-publish","4":"has-post-thumbnail","6":"product_cat-hiusten-seerumi","7":"pa_brand-sachajuan","8":"berocket_brand-sachajuan","10":"first","11":"instock","12":"sale","13":"taxable","14":"shipping-taxable","15":"purchasable","16":"product-type-simple"},"_links":{"self":[{"href":"https:\/\/stylingagenten.com\/fi\/wp-json\/wp\/v2\/product\/126197","targetHints":{"allow":["GET"]}}],"collection":[{"href":"https:\/\/stylingagenten.com\/fi\/wp-json\/wp\/v2\/product"}],"about":[{"href":"https:\/\/stylingagenten.com\/fi\/wp-json\/wp\/v2\/types\/product"}],"replies":[{"embeddable":true,"href":"https:\/\/stylingagenten.com\/fi\/wp-json\/wp\/v2\/comments?post=126197"}],"version-history":[{"count":0,"href":"https:\/\/stylingagenten.com\/fi\/wp-json\/wp\/v2\/product\/126197\/revisions"}],"wp:featuredmedia":[{"embeddable":true,"href":"https:\/\/stylingagenten.com\/fi\/wp-json\/wp\/v2\/media\/126196"}],"wp:attachment":[{"href":"https:\/\/stylingagenten.com\/fi\/wp-json\/wp\/v2\/media?parent=126197"}],"wp:term":[{"taxonomy":"product_brand","embeddable":true,"href":"https:\/\/stylingagenten.com\/fi\/wp-json\/wp\/v2\/product_brand?post=126197"},{"taxonomy":"product_cat","embeddable":true,"href":"https:\/\/stylingagenten.com\/fi\/wp-json\/wp\/v2\/product_cat?post=126197"},{"taxonomy":"product_tag","embeddable":true,"href":"https:\/\/stylingagenten.com\/fi\/wp-json\/wp\/v2\/product_tag?post=126197"},{"taxonomy":"berocket_brand","embeddable":true,"href":"https:\/\/stylingagenten.com\/fi\/wp-json\/wp\/v2\/berocket_brand?post=126197"}],"curies":[{"name":"wp","href":"https:\/\/api.w.org\/{rel}","templated":true}]}}