{"id":126195,"date":"2025-05-18T22:04:42","date_gmt":"2025-05-18T22:04:42","guid":{"rendered":"https:\/\/staging2.stylingagenten.com\/fi\/produkt\/balmain-overnight-repair-serum-30ml\/"},"modified":"2026-03-11T22:03:29","modified_gmt":"2026-03-11T22:03:29","slug":"balmain-overnight-repair-serum-30ml","status":"publish","type":"product","link":"https:\/\/stylingagenten.com\/fi\/tuote\/balmain-overnight-repair-serum-30ml\/","title":{"rendered":"Balmain Overnight Repair Serum 30ml"},"content":{"rendered":"<p>Ylellinen hiusseerumi intensiiviseen korjaavaan y\u00f6k\u00e4sittelyyn. Tiivistetty koostumus korjaa ja vahvistaa hiuksia. Rikastettu kymmenell\u00e4 eri luonnon\u00f6ljyll\u00e4 ja -uutteella. Seerumi v\u00e4hent\u00e4\u00e4 kaikki n\u00e4kyv\u00e4t vaurioiden merkit, suojaa ja ehk\u00e4isee haaroittuvia latvoja.<\/p>\n<p>30 ml<\/p>\n","protected":false},"excerpt":{"rendered":"<p>Ylellinen hiusseerumi intensiiviseen korjaavaan y\u00f6k\u00e4sittelyyn. Tiivistetty koostumus korjaa ja vahvistaa hiuksia. Rikastettu kymmenell\u00e4 eri luonnon\u00f6ljyll\u00e4 ja -uutteella. Seerumi v\u00e4hent\u00e4\u00e4 kaikki n\u00e4kyv\u00e4t vaurioiden merkit, suojaa ja ehk\u00e4isee haaroittuvia latvoja. 30 ml<\/p>\n","protected":false},"featured_media":126176,"comment_status":"open","ping_status":"closed","template":"","meta":{"_trash_the_other_posts":false},"product_brand":[],"product_cat":[615],"product_tag":[],"berocket_brand":[1144],"class_list":{"0":"post-126195","1":"product","2":"type-product","3":"status-publish","4":"has-post-thumbnail","6":"product_cat-hiusten-seerumi","7":"pa_brand-balmain","8":"berocket_brand-balmain","10":"first","11":"instock","12":"sale","13":"taxable","14":"shipping-taxable","15":"purchasable","16":"product-type-simple"},"_links":{"self":[{"href":"https:\/\/stylingagenten.com\/fi\/wp-json\/wp\/v2\/product\/126195","targetHints":{"allow":["GET"]}}],"collection":[{"href":"https:\/\/stylingagenten.com\/fi\/wp-json\/wp\/v2\/product"}],"about":[{"href":"https:\/\/stylingagenten.com\/fi\/wp-json\/wp\/v2\/types\/product"}],"replies":[{"embeddable":true,"href":"https:\/\/stylingagenten.com\/fi\/wp-json\/wp\/v2\/comments?post=126195"}],"version-history":[{"count":0,"href":"https:\/\/stylingagenten.com\/fi\/wp-json\/wp\/v2\/product\/126195\/revisions"}],"wp:featuredmedia":[{"embeddable":true,"href":"https:\/\/stylingagenten.com\/fi\/wp-json\/wp\/v2\/media\/126176"}],"wp:attachment":[{"href":"https:\/\/stylingagenten.com\/fi\/wp-json\/wp\/v2\/media?parent=126195"}],"wp:term":[{"taxonomy":"product_brand","embeddable":true,"href":"https:\/\/stylingagenten.com\/fi\/wp-json\/wp\/v2\/product_brand?post=126195"},{"taxonomy":"product_cat","embeddable":true,"href":"https:\/\/stylingagenten.com\/fi\/wp-json\/wp\/v2\/product_cat?post=126195"},{"taxonomy":"product_tag","embeddable":true,"href":"https:\/\/stylingagenten.com\/fi\/wp-json\/wp\/v2\/product_tag?post=126195"},{"taxonomy":"berocket_brand","embeddable":true,"href":"https:\/\/stylingagenten.com\/fi\/wp-json\/wp\/v2\/berocket_brand?post=126195"}],"curies":[{"name":"wp","href":"https:\/\/api.w.org\/{rel}","templated":true}]}}