{"id":126194,"date":"2025-05-18T22:04:42","date_gmt":"2025-05-18T22:04:42","guid":{"rendered":"https:\/\/staging2.stylingagenten.com\/fi\/produkt\/goldwell-dualsenses-curls-waves-hydrating-serum-spray-150ml\/"},"modified":"2026-04-02T09:38:29","modified_gmt":"2026-04-02T09:38:29","slug":"goldwell-dualsenses-curls-waves-hydrating-serum-spray-150ml","status":"publish","type":"product","link":"https:\/\/stylingagenten.com\/fi\/tuote\/goldwell-dualsenses-curls-waves-hydrating-serum-spray-150ml\/","title":{"rendered":"Goldwell Dualsenses Curls &amp; Waves Hydrating Serum Spray 150ml"},"content":{"rendered":"<p>Goldwell Curls &amp; Waves Dualsenses Hydrating Serum Spray 150 ml<br \/>Hiintoon j\u00e4tett\u00e4v\u00e4 suihke luonnollisesti aaltoileville, kiharoille ja permed hiuksille, jossa on sekoitus microPROtec-kompleksia ja maitoproteiinia. Vahvistaa ja kosteuttaa hiuksia v\u00e4litt\u00f6m\u00e4sti ja luo kiharoihin eloa. Tarjoaa t\u00e4ydellisesti yhdess\u00e4 pysyvi\u00e4 kiharoita ja hallitsee p\u00f6rr\u00f6isyytt\u00e4. Tarjoaa l\u00e4mp\u00f6suojan. Ravista hyvin ja suihkuta pyyhekuiviin hiuksiin. \u00c4l\u00e4 huuhtele.<\/p>\n","protected":false},"excerpt":{"rendered":"<p>Goldwell Curls &amp; Waves Dualsenses Hydrating Serum Spray 150 mlHiintoon j\u00e4tett\u00e4v\u00e4 suihke luonnollisesti aaltoileville, kiharoille ja permed hiuksille, jossa on sekoitus microPROtec-kompleksia ja maitoproteiinia. Vahvistaa ja kosteuttaa hiuksia v\u00e4litt\u00f6m\u00e4sti ja luo kiharoihin eloa. Tarjoaa t\u00e4ydellisesti yhdess\u00e4 pysyvi\u00e4 kiharoita ja hallitsee p\u00f6rr\u00f6isyytt\u00e4. Tarjoaa l\u00e4mp\u00f6suojan. Ravista hyvin ja suihkuta pyyhekuiviin hiuksiin. \u00c4l\u00e4 huuhtele.<\/p>\n","protected":false},"featured_media":126192,"comment_status":"open","ping_status":"closed","template":"","meta":{"_trash_the_other_posts":false},"product_brand":[],"product_cat":[615],"product_tag":[],"berocket_brand":[1328],"class_list":{"0":"post-126194","1":"product","2":"type-product","3":"status-publish","4":"has-post-thumbnail","6":"product_cat-hiusten-seerumi","7":"pa_brand-goldwell","8":"berocket_brand-goldwell","10":"first","11":"instock","12":"sale","13":"taxable","14":"shipping-taxable","15":"purchasable","16":"product-type-simple"},"_links":{"self":[{"href":"https:\/\/stylingagenten.com\/fi\/wp-json\/wp\/v2\/product\/126194","targetHints":{"allow":["GET"]}}],"collection":[{"href":"https:\/\/stylingagenten.com\/fi\/wp-json\/wp\/v2\/product"}],"about":[{"href":"https:\/\/stylingagenten.com\/fi\/wp-json\/wp\/v2\/types\/product"}],"replies":[{"embeddable":true,"href":"https:\/\/stylingagenten.com\/fi\/wp-json\/wp\/v2\/comments?post=126194"}],"version-history":[{"count":0,"href":"https:\/\/stylingagenten.com\/fi\/wp-json\/wp\/v2\/product\/126194\/revisions"}],"wp:featuredmedia":[{"embeddable":true,"href":"https:\/\/stylingagenten.com\/fi\/wp-json\/wp\/v2\/media\/126192"}],"wp:attachment":[{"href":"https:\/\/stylingagenten.com\/fi\/wp-json\/wp\/v2\/media?parent=126194"}],"wp:term":[{"taxonomy":"product_brand","embeddable":true,"href":"https:\/\/stylingagenten.com\/fi\/wp-json\/wp\/v2\/product_brand?post=126194"},{"taxonomy":"product_cat","embeddable":true,"href":"https:\/\/stylingagenten.com\/fi\/wp-json\/wp\/v2\/product_cat?post=126194"},{"taxonomy":"product_tag","embeddable":true,"href":"https:\/\/stylingagenten.com\/fi\/wp-json\/wp\/v2\/product_tag?post=126194"},{"taxonomy":"berocket_brand","embeddable":true,"href":"https:\/\/stylingagenten.com\/fi\/wp-json\/wp\/v2\/berocket_brand?post=126194"}],"curies":[{"name":"wp","href":"https:\/\/api.w.org\/{rel}","templated":true}]}}