{"id":126191,"date":"2025-05-18T22:04:42","date_gmt":"2025-05-18T22:04:42","guid":{"rendered":"https:\/\/staging2.stylingagenten.com\/fi\/produkt\/sachajuan-protective-hair-perfume-bois-noir-50ml\/"},"modified":"2026-03-11T22:00:41","modified_gmt":"2026-03-11T22:00:41","slug":"sachajuan-protective-hair-perfume-bois-noir-50ml","status":"publish","type":"product","link":"https:\/\/stylingagenten.com\/fi\/tuote\/sachajuan-protective-hair-perfume-bois-noir-50ml\/","title":{"rendered":"SACHAJUAN Protective Hair Perfume Bois Noir 50ml"},"content":{"rendered":"<p>SACHAJUAN Protective Hair Parfum elvytt\u00e4\u00e4 ja virkist\u00e4\u00e4 hiuksia, kosteuttaa, v\u00e4hent\u00e4\u00e4 staattista s\u00e4hk\u00f6\u00e4 sek\u00e4 antaa kiiltoa ja UV-suojan. BOIS NOIR -tuoksussa on syv\u00e4 tuoksu, jonka yl\u00e4tuoksussa on valkoista hunajaa, kardemummaa ja risiini\u00f6ljy\u00e4. Pohjatuoksuihin kuuluvat vanilja, tonkapapu, santelipuu ja patsuli. Tuoksu on kehitetty tarjoamaan t\u00e4ytel\u00e4inen, mutta raikas tuoksu, jolla on syvempi luonne, joka sopii sek\u00e4 miehille ett\u00e4 naisille. T\u00e4m\u00e4 on kattava tuote, joka ei vain torju vapaita radikaaleja, vaan se my\u00f6s torjuu pahaa hajua luonnollisista sitrus\u00f6ljyist\u00e4 koostuvan uutteen avulla, joka kapseloi hajumolekyylit ja hajottaa ne tuoreisiin hiuksiin.<\/p>\n<p>50ml<\/p>\n","protected":false},"excerpt":{"rendered":"<p>SACHAJUAN Protective Hair Parfum elvytt\u00e4\u00e4 ja virkist\u00e4\u00e4 hiuksia, kosteuttaa, v\u00e4hent\u00e4\u00e4 staattista s\u00e4hk\u00f6\u00e4 sek\u00e4 antaa kiiltoa ja UV-suojan. BOIS NOIR -tuoksussa on syv\u00e4 tuoksu, jonka yl\u00e4tuoksussa on valkoista hunajaa, kardemummaa ja risiini\u00f6ljy\u00e4. Pohjatuoksuihin kuuluvat vanilja, tonkapapu, santelipuu ja patsuli. Tuoksu on kehitetty tarjoamaan t\u00e4ytel\u00e4inen, mutta raikas tuoksu, jolla on syvempi luonne, joka sopii sek\u00e4 miehille ett\u00e4 [&hellip;]<\/p>\n","protected":false},"featured_media":126190,"comment_status":"open","ping_status":"closed","template":"","meta":{"_trash_the_other_posts":false},"product_brand":[],"product_cat":[615],"product_tag":[],"berocket_brand":[1409],"class_list":{"0":"post-126191","1":"product","2":"type-product","3":"status-publish","4":"has-post-thumbnail","6":"product_cat-hiusten-seerumi","7":"pa_brand-sachajuan","8":"berocket_brand-sachajuan","10":"first","11":"instock","12":"sale","13":"taxable","14":"shipping-taxable","15":"purchasable","16":"product-type-simple"},"_links":{"self":[{"href":"https:\/\/stylingagenten.com\/fi\/wp-json\/wp\/v2\/product\/126191","targetHints":{"allow":["GET"]}}],"collection":[{"href":"https:\/\/stylingagenten.com\/fi\/wp-json\/wp\/v2\/product"}],"about":[{"href":"https:\/\/stylingagenten.com\/fi\/wp-json\/wp\/v2\/types\/product"}],"replies":[{"embeddable":true,"href":"https:\/\/stylingagenten.com\/fi\/wp-json\/wp\/v2\/comments?post=126191"}],"version-history":[{"count":0,"href":"https:\/\/stylingagenten.com\/fi\/wp-json\/wp\/v2\/product\/126191\/revisions"}],"wp:featuredmedia":[{"embeddable":true,"href":"https:\/\/stylingagenten.com\/fi\/wp-json\/wp\/v2\/media\/126190"}],"wp:attachment":[{"href":"https:\/\/stylingagenten.com\/fi\/wp-json\/wp\/v2\/media?parent=126191"}],"wp:term":[{"taxonomy":"product_brand","embeddable":true,"href":"https:\/\/stylingagenten.com\/fi\/wp-json\/wp\/v2\/product_brand?post=126191"},{"taxonomy":"product_cat","embeddable":true,"href":"https:\/\/stylingagenten.com\/fi\/wp-json\/wp\/v2\/product_cat?post=126191"},{"taxonomy":"product_tag","embeddable":true,"href":"https:\/\/stylingagenten.com\/fi\/wp-json\/wp\/v2\/product_tag?post=126191"},{"taxonomy":"berocket_brand","embeddable":true,"href":"https:\/\/stylingagenten.com\/fi\/wp-json\/wp\/v2\/berocket_brand?post=126191"}],"curies":[{"name":"wp","href":"https:\/\/api.w.org\/{rel}","templated":true}]}}