{"id":126183,"date":"2025-05-18T22:04:41","date_gmt":"2025-05-18T22:04:41","guid":{"rendered":"https:\/\/staging2.stylingagenten.com\/fi\/produkt\/ida-warg-cure-scalp-serum-100ml\/"},"modified":"2026-03-11T21:56:52","modified_gmt":"2026-03-11T21:56:52","slug":"ida-warg-cure-scalp-serum-100ml","status":"publish","type":"product","link":"https:\/\/stylingagenten.com\/fi\/tuote\/ida-warg-cure-scalp-serum-100ml\/","title":{"rendered":"Ida Warg Cure Scalp Serum 100ml"},"content":{"rendered":"<p>Sano hyv\u00e4stit kuivuudelle, \u00e4rsytykselle ja hilseelle Ida Warg Cure Scalp Serumilla!<\/p>\n<p>Seerumi on suunniteltu tarjoamaan intensiivist\u00e4 kosteutusta kuivalle ja \u00e4rtyneelle p\u00e4\u00e4nahalle, kiitos tehokkaan yhdistelm\u00e4n Sodium PCA<br \/>\n<br \/>ja Aloe Veraa. N\u00e4m\u00e4 ainesosat ty\u00f6skentelev\u00e4t yhdess\u00e4 palauttaakseen, pehment\u00e4\u00e4kseen ja rauhoittaakseen p\u00e4\u00e4nahkaasi.<\/p>\n<p>Mutta se ei ole kaikki \u2013 seerumimme on my\u00f6s rikastettu aktiivisella ainesosalla Piroctone Olamine, tehokkaalla aineella, joka ei vain taistele olemassa olevaa hilsett\u00e4 vastaan, vaan my\u00f6s est\u00e4\u00e4 sen paluun.<\/p>\n<p>S\u00e4\u00e4nn\u00f6llisell\u00e4 k\u00e4yt\u00f6ll\u00e4 Cure Scalp Serum j\u00e4tt\u00e4\u00e4 p\u00e4\u00e4nahan kosteutetuksi ja vapaaksi kuivumisesta ja \u00e4rsytyksest\u00e4.<\/p>\n<p>Kevyt, hedelm\u00e4inen tuoksu omenasta ja p\u00e4\u00e4ryn\u00e4st\u00e4, jossa on vivahde kukkia. 100 % vegaaninen &amp; el\u00e4inkokeeton Ilman sulfaatteja &amp; parabeneja.<\/p>\n<p>100 ml<\/p>\n","protected":false},"excerpt":{"rendered":"<p>Sano hyv\u00e4stit kuivuudelle, \u00e4rsytykselle ja hilseelle Ida Warg Cure Scalp Serumilla! Seerumi on suunniteltu tarjoamaan intensiivist\u00e4 kosteutusta kuivalle ja \u00e4rtyneelle p\u00e4\u00e4nahalle, kiitos tehokkaan yhdistelm\u00e4n Sodium PCA ja Aloe Veraa. N\u00e4m\u00e4 ainesosat ty\u00f6skentelev\u00e4t yhdess\u00e4 palauttaakseen, pehment\u00e4\u00e4kseen ja rauhoittaakseen p\u00e4\u00e4nahkaasi. Mutta se ei ole kaikki \u2013 seerumimme on my\u00f6s rikastettu aktiivisella ainesosalla Piroctone Olamine, tehokkaalla aineella, joka [&hellip;]<\/p>\n","protected":false},"featured_media":126167,"comment_status":"open","ping_status":"closed","template":"","meta":{"_trash_the_other_posts":false},"product_brand":[],"product_cat":[615],"product_tag":[],"berocket_brand":[1346],"class_list":{"0":"post-126183","1":"product","2":"type-product","3":"status-publish","4":"has-post-thumbnail","6":"product_cat-hiusten-seerumi","7":"pa_brand-ida-warg","8":"berocket_brand-ida-warg","10":"first","11":"instock","12":"sale","13":"taxable","14":"shipping-taxable","15":"purchasable","16":"product-type-simple"},"_links":{"self":[{"href":"https:\/\/stylingagenten.com\/fi\/wp-json\/wp\/v2\/product\/126183","targetHints":{"allow":["GET"]}}],"collection":[{"href":"https:\/\/stylingagenten.com\/fi\/wp-json\/wp\/v2\/product"}],"about":[{"href":"https:\/\/stylingagenten.com\/fi\/wp-json\/wp\/v2\/types\/product"}],"replies":[{"embeddable":true,"href":"https:\/\/stylingagenten.com\/fi\/wp-json\/wp\/v2\/comments?post=126183"}],"version-history":[{"count":0,"href":"https:\/\/stylingagenten.com\/fi\/wp-json\/wp\/v2\/product\/126183\/revisions"}],"wp:featuredmedia":[{"embeddable":true,"href":"https:\/\/stylingagenten.com\/fi\/wp-json\/wp\/v2\/media\/126167"}],"wp:attachment":[{"href":"https:\/\/stylingagenten.com\/fi\/wp-json\/wp\/v2\/media?parent=126183"}],"wp:term":[{"taxonomy":"product_brand","embeddable":true,"href":"https:\/\/stylingagenten.com\/fi\/wp-json\/wp\/v2\/product_brand?post=126183"},{"taxonomy":"product_cat","embeddable":true,"href":"https:\/\/stylingagenten.com\/fi\/wp-json\/wp\/v2\/product_cat?post=126183"},{"taxonomy":"product_tag","embeddable":true,"href":"https:\/\/stylingagenten.com\/fi\/wp-json\/wp\/v2\/product_tag?post=126183"},{"taxonomy":"berocket_brand","embeddable":true,"href":"https:\/\/stylingagenten.com\/fi\/wp-json\/wp\/v2\/berocket_brand?post=126183"}],"curies":[{"name":"wp","href":"https:\/\/api.w.org\/{rel}","templated":true}]}}