{"id":126172,"date":"2025-05-18T22:04:39","date_gmt":"2025-05-18T22:04:39","guid":{"rendered":"https:\/\/staging2.stylingagenten.com\/fi\/produkt\/balmain-argan-moisturizing-elixir-20ml\/"},"modified":"2026-03-11T21:47:39","modified_gmt":"2026-03-11T21:47:39","slug":"balmain-argan-moisturizing-elixir-20ml","status":"publish","type":"product","link":"https:\/\/stylingagenten.com\/fi\/tuote\/balmain-argan-moisturizing-elixir-20ml\/","title":{"rendered":"Balmain Argan Moisturizing Elixir 20ml"},"content":{"rendered":"<p>Ekologinen seerumi, joka antaa hiuksillesi v\u00e4lit\u00f6nt\u00e4 eloa ja edist\u00e4\u00e4 tasaisen ja terveen ilmeen.<\/p>\n<p>Antaa hiuksillesi v\u00e4lit\u00f6nt\u00e4 eloa ja edist\u00e4\u00e4 tasaisen ja terveen ilmeen.<\/p>\n<p>20 ml<\/p>\n","protected":false},"excerpt":{"rendered":"<p>Ekologinen seerumi, joka antaa hiuksillesi v\u00e4lit\u00f6nt\u00e4 eloa ja edist\u00e4\u00e4 tasaisen ja terveen ilmeen. Antaa hiuksillesi v\u00e4lit\u00f6nt\u00e4 eloa ja edist\u00e4\u00e4 tasaisen ja terveen ilmeen. 20 ml<\/p>\n","protected":false},"featured_media":126150,"comment_status":"open","ping_status":"closed","template":"","meta":{"_trash_the_other_posts":false},"product_brand":[],"product_cat":[615],"product_tag":[2455],"berocket_brand":[1144],"class_list":{"0":"post-126172","1":"product","2":"type-product","3":"status-publish","4":"has-post-thumbnail","6":"product_cat-hiusten-seerumi","7":"product_tag-balmain-argan-moisturizing-elixir","8":"pa_brand-balmain","9":"pa_variantti-20ml","10":"berocket_brand-balmain","12":"first","13":"instock","14":"sale","15":"taxable","16":"shipping-taxable","17":"purchasable","18":"product-type-simple"},"_links":{"self":[{"href":"https:\/\/stylingagenten.com\/fi\/wp-json\/wp\/v2\/product\/126172","targetHints":{"allow":["GET"]}}],"collection":[{"href":"https:\/\/stylingagenten.com\/fi\/wp-json\/wp\/v2\/product"}],"about":[{"href":"https:\/\/stylingagenten.com\/fi\/wp-json\/wp\/v2\/types\/product"}],"replies":[{"embeddable":true,"href":"https:\/\/stylingagenten.com\/fi\/wp-json\/wp\/v2\/comments?post=126172"}],"version-history":[{"count":0,"href":"https:\/\/stylingagenten.com\/fi\/wp-json\/wp\/v2\/product\/126172\/revisions"}],"wp:featuredmedia":[{"embeddable":true,"href":"https:\/\/stylingagenten.com\/fi\/wp-json\/wp\/v2\/media\/126150"}],"wp:attachment":[{"href":"https:\/\/stylingagenten.com\/fi\/wp-json\/wp\/v2\/media?parent=126172"}],"wp:term":[{"taxonomy":"product_brand","embeddable":true,"href":"https:\/\/stylingagenten.com\/fi\/wp-json\/wp\/v2\/product_brand?post=126172"},{"taxonomy":"product_cat","embeddable":true,"href":"https:\/\/stylingagenten.com\/fi\/wp-json\/wp\/v2\/product_cat?post=126172"},{"taxonomy":"product_tag","embeddable":true,"href":"https:\/\/stylingagenten.com\/fi\/wp-json\/wp\/v2\/product_tag?post=126172"},{"taxonomy":"berocket_brand","embeddable":true,"href":"https:\/\/stylingagenten.com\/fi\/wp-json\/wp\/v2\/berocket_brand?post=126172"}],"curies":[{"name":"wp","href":"https:\/\/api.w.org\/{rel}","templated":true}]}}