{"id":126171,"date":"2025-05-18T22:04:39","date_gmt":"2025-05-18T22:04:39","guid":{"rendered":"https:\/\/staging2.stylingagenten.com\/fi\/produkt\/system-professional-balance-scalp-lotion-125ml\/"},"modified":"2026-03-11T21:57:30","modified_gmt":"2026-03-11T21:57:30","slug":"system-professional-balance-scalp-lotion-125ml","status":"publish","type":"product","link":"https:\/\/stylingagenten.com\/fi\/tuote\/system-professional-balance-scalp-lotion-125ml\/","title":{"rendered":"System Professional Balance Scalp Lotion 125ml"},"content":{"rendered":"<p>System Professional Balance Lotion on rauhoittava ja kosteuttava voide herk\u00e4lle hiuspohjalle. T\u00e4m\u00e4 ravitseva leave-in-voide tarjoaa v\u00e4lit\u00f6nt\u00e4 helpotusta kutinaan ja \u00e4rsytykseen samalla kun se suojaa, kosteuttaa ja v\u00e4hent\u00e4\u00e4 punoitusta hiuspohjassa.<\/p>\n<p>Balance-sarja auttaa rauhoittamaan ja palauttamaan hiuspohjan hell\u00e4varaisilla koostumuksilla, jotka tukevat sen luonnollista suojaavaa estett\u00e4. T\u00e4m\u00e4 tulehdusta ehk\u00e4isev\u00e4 ja pH-neutraali ihonhoitorutiini on kehitetty yhteisty\u00f6ss\u00e4 ihotautil\u00e4\u00e4k\u00e4reiden kanssa ravitsemaan hell\u00e4varaisesti, v\u00e4hent\u00e4m\u00e4\u00e4n tulehdusta ja rauhoittamaan hiuspohjaa.<\/p>\n<p>125ml<\/p>\n","protected":false},"excerpt":{"rendered":"<p>System Professional Balance Lotion on rauhoittava ja kosteuttava voide herk\u00e4lle hiuspohjalle. T\u00e4m\u00e4 ravitseva leave-in-voide tarjoaa v\u00e4lit\u00f6nt\u00e4 helpotusta kutinaan ja \u00e4rsytykseen samalla kun se suojaa, kosteuttaa ja v\u00e4hent\u00e4\u00e4 punoitusta hiuspohjassa. Balance-sarja auttaa rauhoittamaan ja palauttamaan hiuspohjan hell\u00e4varaisilla koostumuksilla, jotka tukevat sen luonnollista suojaavaa estett\u00e4. T\u00e4m\u00e4 tulehdusta ehk\u00e4isev\u00e4 ja pH-neutraali ihonhoitorutiini on kehitetty yhteisty\u00f6ss\u00e4 ihotautil\u00e4\u00e4k\u00e4reiden kanssa ravitsemaan [&hellip;]<\/p>\n","protected":false},"featured_media":126138,"comment_status":"open","ping_status":"closed","template":"","meta":{"_trash_the_other_posts":false},"product_brand":[],"product_cat":[615],"product_tag":[],"berocket_brand":[1995],"class_list":{"0":"post-126171","1":"product","2":"type-product","3":"status-publish","4":"has-post-thumbnail","6":"product_cat-hiusten-seerumi","7":"pa_brand-system-professional","8":"berocket_brand-system-professional","10":"first","11":"instock","12":"sale","13":"taxable","14":"shipping-taxable","15":"purchasable","16":"product-type-simple"},"_links":{"self":[{"href":"https:\/\/stylingagenten.com\/fi\/wp-json\/wp\/v2\/product\/126171","targetHints":{"allow":["GET"]}}],"collection":[{"href":"https:\/\/stylingagenten.com\/fi\/wp-json\/wp\/v2\/product"}],"about":[{"href":"https:\/\/stylingagenten.com\/fi\/wp-json\/wp\/v2\/types\/product"}],"replies":[{"embeddable":true,"href":"https:\/\/stylingagenten.com\/fi\/wp-json\/wp\/v2\/comments?post=126171"}],"version-history":[{"count":0,"href":"https:\/\/stylingagenten.com\/fi\/wp-json\/wp\/v2\/product\/126171\/revisions"}],"wp:featuredmedia":[{"embeddable":true,"href":"https:\/\/stylingagenten.com\/fi\/wp-json\/wp\/v2\/media\/126138"}],"wp:attachment":[{"href":"https:\/\/stylingagenten.com\/fi\/wp-json\/wp\/v2\/media?parent=126171"}],"wp:term":[{"taxonomy":"product_brand","embeddable":true,"href":"https:\/\/stylingagenten.com\/fi\/wp-json\/wp\/v2\/product_brand?post=126171"},{"taxonomy":"product_cat","embeddable":true,"href":"https:\/\/stylingagenten.com\/fi\/wp-json\/wp\/v2\/product_cat?post=126171"},{"taxonomy":"product_tag","embeddable":true,"href":"https:\/\/stylingagenten.com\/fi\/wp-json\/wp\/v2\/product_tag?post=126171"},{"taxonomy":"berocket_brand","embeddable":true,"href":"https:\/\/stylingagenten.com\/fi\/wp-json\/wp\/v2\/berocket_brand?post=126171"}],"curies":[{"name":"wp","href":"https:\/\/api.w.org\/{rel}","templated":true}]}}