{"id":126166,"date":"2025-05-18T22:04:39","date_gmt":"2025-05-18T22:04:39","guid":{"rendered":"https:\/\/staging2.stylingagenten.com\/fi\/produkt\/goldwell-stylesign-heat-styling-smoothing-serum-spray-100ml\/"},"modified":"2026-04-07T00:08:27","modified_gmt":"2026-04-07T00:08:27","slug":"goldwell-stylesign-heat-styling-smoothing-serum-spray-100ml","status":"publish","type":"product","link":"https:\/\/stylingagenten.com\/fi\/tuote\/goldwell-stylesign-heat-styling-smoothing-serum-spray-100ml\/","title":{"rendered":"Goldwell StyleSign Heat Styling Smoothing Serum Spray 100ml"},"content":{"rendered":"<p>Goldwell StyleSign Smoothing Serum Spray tekee hiuksista heti silkkisen sile\u00e4t ja helpommin suoristettavat. Suihke suojaa p\u00f6rr\u00f6isyydelt\u00e4, kosteudelta ja l\u00e4mp\u00f6vaurioilta \u2013 jopa 230\u00b0C<br \/>\n<br \/>asti. Kiinnitys 0\/5, Kiilto 3\/3. Sopii kaikille hiustyypeille.<\/p>\n<p>100ml<\/p>\n","protected":false},"excerpt":{"rendered":"<p>Goldwell StyleSign Smoothing Serum Spray tekee hiuksista heti silkkisen sile\u00e4t ja helpommin suoristettavat. Suihke suojaa p\u00f6rr\u00f6isyydelt\u00e4, kosteudelta ja l\u00e4mp\u00f6vaurioilta \u2013 jopa 230\u00b0C asti. Kiinnitys 0\/5, Kiilto 3\/3. Sopii kaikille hiustyypeille. 100ml<\/p>\n","protected":false},"featured_media":126155,"comment_status":"open","ping_status":"closed","template":"","meta":{"_trash_the_other_posts":false},"product_brand":[],"product_cat":[615],"product_tag":[],"berocket_brand":[1328],"class_list":{"0":"post-126166","1":"product","2":"type-product","3":"status-publish","4":"has-post-thumbnail","6":"product_cat-hiusten-seerumi","7":"pa_brand-goldwell","8":"berocket_brand-goldwell","10":"first","11":"instock","12":"sale","13":"taxable","14":"shipping-taxable","15":"purchasable","16":"product-type-simple"},"_links":{"self":[{"href":"https:\/\/stylingagenten.com\/fi\/wp-json\/wp\/v2\/product\/126166","targetHints":{"allow":["GET"]}}],"collection":[{"href":"https:\/\/stylingagenten.com\/fi\/wp-json\/wp\/v2\/product"}],"about":[{"href":"https:\/\/stylingagenten.com\/fi\/wp-json\/wp\/v2\/types\/product"}],"replies":[{"embeddable":true,"href":"https:\/\/stylingagenten.com\/fi\/wp-json\/wp\/v2\/comments?post=126166"}],"version-history":[{"count":0,"href":"https:\/\/stylingagenten.com\/fi\/wp-json\/wp\/v2\/product\/126166\/revisions"}],"wp:featuredmedia":[{"embeddable":true,"href":"https:\/\/stylingagenten.com\/fi\/wp-json\/wp\/v2\/media\/126155"}],"wp:attachment":[{"href":"https:\/\/stylingagenten.com\/fi\/wp-json\/wp\/v2\/media?parent=126166"}],"wp:term":[{"taxonomy":"product_brand","embeddable":true,"href":"https:\/\/stylingagenten.com\/fi\/wp-json\/wp\/v2\/product_brand?post=126166"},{"taxonomy":"product_cat","embeddable":true,"href":"https:\/\/stylingagenten.com\/fi\/wp-json\/wp\/v2\/product_cat?post=126166"},{"taxonomy":"product_tag","embeddable":true,"href":"https:\/\/stylingagenten.com\/fi\/wp-json\/wp\/v2\/product_tag?post=126166"},{"taxonomy":"berocket_brand","embeddable":true,"href":"https:\/\/stylingagenten.com\/fi\/wp-json\/wp\/v2\/berocket_brand?post=126166"}],"curies":[{"name":"wp","href":"https:\/\/api.w.org\/{rel}","templated":true}]}}