{"id":126162,"date":"2025-05-18T22:04:39","date_gmt":"2025-05-18T22:04:39","guid":{"rendered":"https:\/\/staging2.stylingagenten.com\/fi\/produkt\/olaplex-no-5-moisture-and-mend-leave-in-conditioner-100ml\/"},"modified":"2026-04-12T12:19:06","modified_gmt":"2026-04-12T12:19:06","slug":"olaplex-no-5-moisture-and-mend-leave-in-conditioner-100ml","status":"publish","type":"product","link":"https:\/\/stylingagenten.com\/fi\/tuote\/olaplex-no-5-moisture-and-mend-leave-in-conditioner-100ml\/","title":{"rendered":"Olaplex No.5 Moisture and Mend Leave-In Conditioner 100ml"},"content":{"rendered":"<p>Olaplex No.5 Moisture and Mend Leave-In Conditioner on kosteuttava leave-in-hoitoaine, jossa on geelivoidemainen koostumus, joka kosteuttaa v\u00e4litt\u00f6m\u00e4sti ja sulkee haaroittuneet latvat. Korjaava koostumus vaikuttaa ytimest\u00e4 suomukerrokseen korjaten jatkuvasti hiusvaurioita ja haaroittuneita latvoja sek\u00e4 suojaten l\u00e4mm\u00f6lt\u00e4 jopa 232\u00b0C asti. Ihanteellinen kuiville tai kosteusk\u00f6yhille hiuksille.<\/p>\n<p>V\u00e4lit\u00f6n haaroittuneiden latvojen sulkeminen<\/p>\n<p>Kosteuttava geelivoide, joka kosteuttaa kuivia hiuksia<\/p>\n<p>Jatkuva korjaus ja muotoilun aiheuttamien vaurioiden ehk\u00e4isy<\/p>\n<p>L\u00e4mm\u00f6nsuoja jopa 232\u00b0C asti<\/p>\n<p>100ml<\/p>\n","protected":false},"excerpt":{"rendered":"<p>Olaplex No.5 Moisture and Mend Leave-In Conditioner on kosteuttava leave-in-hoitoaine, jossa on geelivoidemainen koostumus, joka kosteuttaa v\u00e4litt\u00f6m\u00e4sti ja sulkee haaroittuneet latvat. Korjaava koostumus vaikuttaa ytimest\u00e4 suomukerrokseen korjaten jatkuvasti hiusvaurioita ja haaroittuneita latvoja sek\u00e4 suojaten l\u00e4mm\u00f6lt\u00e4 jopa 232\u00b0C asti. Ihanteellinen kuiville tai kosteusk\u00f6yhille hiuksille. V\u00e4lit\u00f6n haaroittuneiden latvojen sulkeminen Kosteuttava geelivoide, joka kosteuttaa kuivia hiuksia Jatkuva korjaus [&hellip;]<\/p>\n","protected":false},"featured_media":126140,"comment_status":"open","ping_status":"closed","template":"","meta":{"_trash_the_other_posts":false},"product_brand":[],"product_cat":[614],"product_tag":[],"berocket_brand":[1023],"class_list":{"0":"post-126162","1":"product","2":"type-product","3":"status-publish","4":"has-post-thumbnail","6":"product_cat-seerumi","7":"pa_brand-olaplex","8":"berocket_brand-olaplex","10":"first","11":"outofstock","12":"sale","13":"taxable","14":"shipping-taxable","15":"purchasable","16":"product-type-simple"},"_links":{"self":[{"href":"https:\/\/stylingagenten.com\/fi\/wp-json\/wp\/v2\/product\/126162","targetHints":{"allow":["GET"]}}],"collection":[{"href":"https:\/\/stylingagenten.com\/fi\/wp-json\/wp\/v2\/product"}],"about":[{"href":"https:\/\/stylingagenten.com\/fi\/wp-json\/wp\/v2\/types\/product"}],"replies":[{"embeddable":true,"href":"https:\/\/stylingagenten.com\/fi\/wp-json\/wp\/v2\/comments?post=126162"}],"version-history":[{"count":0,"href":"https:\/\/stylingagenten.com\/fi\/wp-json\/wp\/v2\/product\/126162\/revisions"}],"wp:featuredmedia":[{"embeddable":true,"href":"https:\/\/stylingagenten.com\/fi\/wp-json\/wp\/v2\/media\/126140"}],"wp:attachment":[{"href":"https:\/\/stylingagenten.com\/fi\/wp-json\/wp\/v2\/media?parent=126162"}],"wp:term":[{"taxonomy":"product_brand","embeddable":true,"href":"https:\/\/stylingagenten.com\/fi\/wp-json\/wp\/v2\/product_brand?post=126162"},{"taxonomy":"product_cat","embeddable":true,"href":"https:\/\/stylingagenten.com\/fi\/wp-json\/wp\/v2\/product_cat?post=126162"},{"taxonomy":"product_tag","embeddable":true,"href":"https:\/\/stylingagenten.com\/fi\/wp-json\/wp\/v2\/product_tag?post=126162"},{"taxonomy":"berocket_brand","embeddable":true,"href":"https:\/\/stylingagenten.com\/fi\/wp-json\/wp\/v2\/berocket_brand?post=126162"}],"curies":[{"name":"wp","href":"https:\/\/api.w.org\/{rel}","templated":true}]}}