{"id":126135,"date":"2025-05-18T22:04:36","date_gmt":"2025-05-18T22:04:36","guid":{"rendered":"https:\/\/staging2.stylingagenten.com\/fi\/produkt\/system-professional-color-save-bi-phase-conditioner-185ml\/"},"modified":"2026-03-11T21:58:41","modified_gmt":"2026-03-11T21:58:41","slug":"system-professional-color-save-bi-phase-conditioner-185ml","status":"publish","type":"product","link":"https:\/\/stylingagenten.com\/fi\/tuote\/system-professional-color-save-bi-phase-conditioner-185ml\/","title":{"rendered":"System Professional Color Save Bi-Phase Conditioner 185ml"},"content":{"rendered":"<p>System Professional Color Save Bi-Phase Conditioner on kevyt leave-in-hoitoaine v\u00e4rj\u00e4tyille hiuksille. T\u00e4m\u00e4 leave-in-tuote sis\u00e4lt\u00e4\u00e4 v\u00e4rinhoitavia ainesosia, jotka tekev\u00e4t hiuksista helpommin kammattavat ja suojaavat v\u00e4ri\u00e4. Se v\u00e4hent\u00e4\u00e4 p\u00f6rr\u00f6isyytt\u00e4, selvitt\u00e4\u00e4 hiuksia ja suojaa UV-s\u00e4teilylt\u00e4. Maitomainen kaava sis\u00e4lt\u00e4\u00e4 v\u00e4rinhoitavia ainesosia, jotka auttavat est\u00e4m\u00e4\u00e4n v\u00e4rin haalistumista, levi\u00e4mist\u00e4 ja raikkautensa menett\u00e4mist\u00e4.<\/p>\n<p>Color Save -sarja on suunniteltu korjaamaan ja korostamaan v\u00e4rj\u00e4ttyj\u00e4 hiuksia, antamaan niille pitk\u00e4kestoista kiiltoa ja samalla s\u00e4ilytt\u00e4m\u00e4\u00e4n terveen ja s\u00e4teilev\u00e4n loiston.<\/p>\n<p>185ml<\/p>\n","protected":false},"excerpt":{"rendered":"<p>System Professional Color Save Bi-Phase Conditioner on kevyt leave-in-hoitoaine v\u00e4rj\u00e4tyille hiuksille. T\u00e4m\u00e4 leave-in-tuote sis\u00e4lt\u00e4\u00e4 v\u00e4rinhoitavia ainesosia, jotka tekev\u00e4t hiuksista helpommin kammattavat ja suojaavat v\u00e4ri\u00e4. Se v\u00e4hent\u00e4\u00e4 p\u00f6rr\u00f6isyytt\u00e4, selvitt\u00e4\u00e4 hiuksia ja suojaa UV-s\u00e4teilylt\u00e4. Maitomainen kaava sis\u00e4lt\u00e4\u00e4 v\u00e4rinhoitavia ainesosia, jotka auttavat est\u00e4m\u00e4\u00e4n v\u00e4rin haalistumista, levi\u00e4mist\u00e4 ja raikkautensa menett\u00e4mist\u00e4. Color Save -sarja on suunniteltu korjaamaan ja korostamaan v\u00e4rj\u00e4ttyj\u00e4 [&hellip;]<\/p>\n","protected":false},"featured_media":126103,"comment_status":"open","ping_status":"closed","template":"","meta":{"_trash_the_other_posts":false},"product_brand":[],"product_cat":[587],"product_tag":[],"berocket_brand":[1995],"class_list":{"0":"post-126135","1":"product","2":"type-product","3":"status-publish","4":"has-post-thumbnail","6":"product_cat-hoitoaine","7":"pa_brand-system-professional","8":"berocket_brand-system-professional","10":"first","11":"instock","12":"sale","13":"taxable","14":"shipping-taxable","15":"purchasable","16":"product-type-simple"},"_links":{"self":[{"href":"https:\/\/stylingagenten.com\/fi\/wp-json\/wp\/v2\/product\/126135","targetHints":{"allow":["GET"]}}],"collection":[{"href":"https:\/\/stylingagenten.com\/fi\/wp-json\/wp\/v2\/product"}],"about":[{"href":"https:\/\/stylingagenten.com\/fi\/wp-json\/wp\/v2\/types\/product"}],"replies":[{"embeddable":true,"href":"https:\/\/stylingagenten.com\/fi\/wp-json\/wp\/v2\/comments?post=126135"}],"version-history":[{"count":0,"href":"https:\/\/stylingagenten.com\/fi\/wp-json\/wp\/v2\/product\/126135\/revisions"}],"wp:featuredmedia":[{"embeddable":true,"href":"https:\/\/stylingagenten.com\/fi\/wp-json\/wp\/v2\/media\/126103"}],"wp:attachment":[{"href":"https:\/\/stylingagenten.com\/fi\/wp-json\/wp\/v2\/media?parent=126135"}],"wp:term":[{"taxonomy":"product_brand","embeddable":true,"href":"https:\/\/stylingagenten.com\/fi\/wp-json\/wp\/v2\/product_brand?post=126135"},{"taxonomy":"product_cat","embeddable":true,"href":"https:\/\/stylingagenten.com\/fi\/wp-json\/wp\/v2\/product_cat?post=126135"},{"taxonomy":"product_tag","embeddable":true,"href":"https:\/\/stylingagenten.com\/fi\/wp-json\/wp\/v2\/product_tag?post=126135"},{"taxonomy":"berocket_brand","embeddable":true,"href":"https:\/\/stylingagenten.com\/fi\/wp-json\/wp\/v2\/berocket_brand?post=126135"}],"curies":[{"name":"wp","href":"https:\/\/api.w.org\/{rel}","templated":true}]}}