{"id":126122,"date":"2025-05-18T22:04:34","date_gmt":"2025-05-18T22:04:34","guid":{"rendered":"https:\/\/staging2.stylingagenten.com\/fi\/produkt\/loreal-professionnel-serie-expert-absolut-repair-molecular-pre-treatment-190ml\/"},"modified":"2026-03-11T21:59:37","modified_gmt":"2026-03-11T21:59:37","slug":"loreal-professionnel-serie-expert-absolut-repair-molecular-pre-treatment-190ml","status":"publish","type":"product","link":"https:\/\/stylingagenten.com\/fi\/tuote\/loreal-professionnel-serie-expert-absolut-repair-molecular-pre-treatment-190ml\/","title":{"rendered":"L&#8217;Oreal Professionnel Serie Expert Absolut Repair Molecular Pre-Treatment 190ml"},"content":{"rendered":"<p>L&#8217;Or\u00e9al Professionnel Serie Expert Absolut Repair Molecular Pre-Treatment korjaa vaurioita syv\u00e4lt\u00e4 ja palauttaa vahvuuden vaurioituneille hiustyypeille vaikuttamalla hiusten molekyylirakenteeseen. Korjaa 2 vuoden vauriot yhdell\u00e4 k\u00e4ytt\u00f6kerralla.*<\/p>\n<p>Kun hiukset vahingoittuvat, niiden peptideist\u00e4 koostuva molekyylirakenne hajoaa. Hiukset katkeavat, menett\u00e4v\u00e4t elastisuutta ja n\u00e4ytt\u00e4v\u00e4t elottomilta. Useimmat peptidit ovat liian suuria tunkeutuakseen kuituihin, mik\u00e4 tekee vaurioista l\u00e4hes peruuttamattomia. Tieteellinen l\u00e4pimurto \u2013 Absolut Repair Molecular.<\/p>\n<p>T\u00e4m\u00e4 pre-treatment, jossa on patentoitu teknologia, korjaa enemm\u00e4n kuin vain hiusten pinnan. Se sis\u00e4lt\u00e4\u00e4 3 % peptidisidoksia + 5 aminohappoa ja t\u00e4ydent\u00e4\u00e4 hiusten molekyylirakennetta pitk\u00e4kestoisella vaikutuksella.** Se palauttaa hiusten vahvuuden, joustavuuden ja liikkuvuuden.***<\/p>\n<p>*Instrumentaalinen testi kuidun makromolekyylirakenteella pre-treatmentin + shampoon + rinse-off-seerumin j\u00e4lkeen.<br \/>\n<br \/>**Analyysitesti pre-treatmentin + 5 pesun j\u00e4lkeen.<br \/>\n<br \/>***Kuluttajatesti pre-treatmentin + shampoon + rinse-off-seerumin j\u00e4lkeen.<\/p>\n<p>190ml<\/p>\n","protected":false},"excerpt":{"rendered":"<p>L&#8217;Or\u00e9al Professionnel Serie Expert Absolut Repair Molecular Pre-Treatment korjaa vaurioita syv\u00e4lt\u00e4 ja palauttaa vahvuuden vaurioituneille hiustyypeille vaikuttamalla hiusten molekyylirakenteeseen. Korjaa 2 vuoden vauriot yhdell\u00e4 k\u00e4ytt\u00f6kerralla.* Kun hiukset vahingoittuvat, niiden peptideist\u00e4 koostuva molekyylirakenne hajoaa. Hiukset katkeavat, menett\u00e4v\u00e4t elastisuutta ja n\u00e4ytt\u00e4v\u00e4t elottomilta. Useimmat peptidit ovat liian suuria tunkeutuakseen kuituihin, mik\u00e4 tekee vaurioista l\u00e4hes peruuttamattomia. Tieteellinen l\u00e4pimurto \u2013 [&hellip;]<\/p>\n","protected":false},"featured_media":126094,"comment_status":"open","ping_status":"closed","template":"","meta":{"_trash_the_other_posts":false},"product_brand":[],"product_cat":[615],"product_tag":[],"berocket_brand":[2000],"class_list":{"0":"post-126122","1":"product","2":"type-product","3":"status-publish","4":"has-post-thumbnail","6":"product_cat-hiusten-seerumi","7":"pa_brand-loreal-paris","8":"berocket_brand-loreal-paris","10":"first","11":"instock","12":"sale","13":"taxable","14":"shipping-taxable","15":"purchasable","16":"product-type-simple"},"_links":{"self":[{"href":"https:\/\/stylingagenten.com\/fi\/wp-json\/wp\/v2\/product\/126122","targetHints":{"allow":["GET"]}}],"collection":[{"href":"https:\/\/stylingagenten.com\/fi\/wp-json\/wp\/v2\/product"}],"about":[{"href":"https:\/\/stylingagenten.com\/fi\/wp-json\/wp\/v2\/types\/product"}],"replies":[{"embeddable":true,"href":"https:\/\/stylingagenten.com\/fi\/wp-json\/wp\/v2\/comments?post=126122"}],"version-history":[{"count":0,"href":"https:\/\/stylingagenten.com\/fi\/wp-json\/wp\/v2\/product\/126122\/revisions"}],"wp:featuredmedia":[{"embeddable":true,"href":"https:\/\/stylingagenten.com\/fi\/wp-json\/wp\/v2\/media\/126094"}],"wp:attachment":[{"href":"https:\/\/stylingagenten.com\/fi\/wp-json\/wp\/v2\/media?parent=126122"}],"wp:term":[{"taxonomy":"product_brand","embeddable":true,"href":"https:\/\/stylingagenten.com\/fi\/wp-json\/wp\/v2\/product_brand?post=126122"},{"taxonomy":"product_cat","embeddable":true,"href":"https:\/\/stylingagenten.com\/fi\/wp-json\/wp\/v2\/product_cat?post=126122"},{"taxonomy":"product_tag","embeddable":true,"href":"https:\/\/stylingagenten.com\/fi\/wp-json\/wp\/v2\/product_tag?post=126122"},{"taxonomy":"berocket_brand","embeddable":true,"href":"https:\/\/stylingagenten.com\/fi\/wp-json\/wp\/v2\/berocket_brand?post=126122"}],"curies":[{"name":"wp","href":"https:\/\/api.w.org\/{rel}","templated":true}]}}