{"id":126109,"date":"2025-05-18T22:04:33","date_gmt":"2025-05-18T22:04:33","guid":{"rendered":"https:\/\/staging2.stylingagenten.com\/fi\/produkt\/system-professional-purify-lotion-125ml\/"},"modified":"2026-03-11T21:57:30","modified_gmt":"2026-03-11T21:57:30","slug":"system-professional-purify-lotion-125ml","status":"publish","type":"product","link":"https:\/\/stylingagenten.com\/fi\/tuote\/system-professional-purify-lotion-125ml\/","title":{"rendered":"System Professional Purify Lotion 125ml"},"content":{"rendered":"<p>System Professional Purify Lotion tarjoaa 24 tunnin suojan hilsett\u00e4 vastaan samalla rauhoittaen ja lievitt\u00e4en hiuspohjaa. T\u00e4m\u00e4 dermatologisesti kehitetty, pH-neutraali kaava yhdist\u00e4\u00e4 p\u00e4hkin\u00e4pensasta ja niacinamidia v\u00e4hent\u00e4en tulehdusta ja kohdentuen mikro-organismeihin, jotka aiheuttavat hilsett\u00e4, j\u00e4tt\u00e4en hiuspohjan tuntumaan raikkaalta ja tasapainoiselta.<\/p>\n<p>System Professional Purify -sarja on suunniteltu puhdistamaan syv\u00e4llisesti ja v\u00e4hent\u00e4m\u00e4\u00e4n hilsett\u00e4. Sarja on sek\u00e4 hell\u00e4varainen ett\u00e4 tehokas ja palauttaa terveellisen hiuspohjan vaikuttamatta sen herk\u00e4n pH-tasapainon s\u00e4ilymiseen.<\/p>\n<p>125ml<\/p>\n","protected":false},"excerpt":{"rendered":"<p>System Professional Purify Lotion tarjoaa 24 tunnin suojan hilsett\u00e4 vastaan samalla rauhoittaen ja lievitt\u00e4en hiuspohjaa. T\u00e4m\u00e4 dermatologisesti kehitetty, pH-neutraali kaava yhdist\u00e4\u00e4 p\u00e4hkin\u00e4pensasta ja niacinamidia v\u00e4hent\u00e4en tulehdusta ja kohdentuen mikro-organismeihin, jotka aiheuttavat hilsett\u00e4, j\u00e4tt\u00e4en hiuspohjan tuntumaan raikkaalta ja tasapainoiselta. System Professional Purify -sarja on suunniteltu puhdistamaan syv\u00e4llisesti ja v\u00e4hent\u00e4m\u00e4\u00e4n hilsett\u00e4. Sarja on sek\u00e4 hell\u00e4varainen ett\u00e4 tehokas [&hellip;]<\/p>\n","protected":false},"featured_media":126083,"comment_status":"open","ping_status":"closed","template":"","meta":{"_trash_the_other_posts":false},"product_brand":[],"product_cat":[615],"product_tag":[],"berocket_brand":[1995],"class_list":{"0":"post-126109","1":"product","2":"type-product","3":"status-publish","4":"has-post-thumbnail","6":"product_cat-hiusten-seerumi","7":"pa_brand-system-professional","8":"berocket_brand-system-professional","10":"first","11":"instock","12":"sale","13":"taxable","14":"shipping-taxable","15":"purchasable","16":"product-type-simple"},"_links":{"self":[{"href":"https:\/\/stylingagenten.com\/fi\/wp-json\/wp\/v2\/product\/126109","targetHints":{"allow":["GET"]}}],"collection":[{"href":"https:\/\/stylingagenten.com\/fi\/wp-json\/wp\/v2\/product"}],"about":[{"href":"https:\/\/stylingagenten.com\/fi\/wp-json\/wp\/v2\/types\/product"}],"replies":[{"embeddable":true,"href":"https:\/\/stylingagenten.com\/fi\/wp-json\/wp\/v2\/comments?post=126109"}],"version-history":[{"count":0,"href":"https:\/\/stylingagenten.com\/fi\/wp-json\/wp\/v2\/product\/126109\/revisions"}],"wp:featuredmedia":[{"embeddable":true,"href":"https:\/\/stylingagenten.com\/fi\/wp-json\/wp\/v2\/media\/126083"}],"wp:attachment":[{"href":"https:\/\/stylingagenten.com\/fi\/wp-json\/wp\/v2\/media?parent=126109"}],"wp:term":[{"taxonomy":"product_brand","embeddable":true,"href":"https:\/\/stylingagenten.com\/fi\/wp-json\/wp\/v2\/product_brand?post=126109"},{"taxonomy":"product_cat","embeddable":true,"href":"https:\/\/stylingagenten.com\/fi\/wp-json\/wp\/v2\/product_cat?post=126109"},{"taxonomy":"product_tag","embeddable":true,"href":"https:\/\/stylingagenten.com\/fi\/wp-json\/wp\/v2\/product_tag?post=126109"},{"taxonomy":"berocket_brand","embeddable":true,"href":"https:\/\/stylingagenten.com\/fi\/wp-json\/wp\/v2\/berocket_brand?post=126109"}],"curies":[{"name":"wp","href":"https:\/\/api.w.org\/{rel}","templated":true}]}}