{"id":126085,"date":"2025-05-18T22:04:31","date_gmt":"2025-05-18T22:04:31","guid":{"rendered":"https:\/\/staging2.stylingagenten.com\/fi\/produkt\/system-professional-alpha-energy-100ml\/"},"modified":"2026-03-30T09:48:34","modified_gmt":"2026-03-30T09:48:34","slug":"system-professional-alpha-energy-100ml","status":"publish","type":"product","link":"https:\/\/stylingagenten.com\/fi\/tuote\/system-professional-alpha-energy-100ml\/","title":{"rendered":"System Professional Alpha Energy 100ml"},"content":{"rendered":"<p>System Professional Alpha Energy on intensiivinen hoito, joka vahvistaa p\u00e4\u00e4nahkaa, hiuskuituja ja hiusrakennetta. Se tasapainottaa p\u00e4\u00e4nahan kosteustasapainoa, v\u00e4hent\u00e4\u00e4 vaurioita ja edist\u00e4\u00e4 ravinteiden virtausta juuriin, mik\u00e4 antaa t\u00e4ytel\u00e4isemp\u00e4\u00e4, terveemp\u00e4\u00e4 ja helpommin hallittavaa hiusta. Kaava on viilent\u00e4v\u00e4 ja rauhoittava, vahvistaa p\u00e4\u00e4nahkaa j\u00e4tt\u00e4m\u00e4tt\u00e4 j\u00e4\u00e4mi\u00e4 ja tekee hiuksesta kest\u00e4v\u00e4mm\u00e4n ja helpommin muotoiltavan. Alpha Energy sopii yhteen kaikkien System Professional -tuotteiden kanssa ja tarjoaa pitk\u00e4kestoisia tuloksia terveelle ja hyvin hoidolle hiukselle.<\/p>\n<p>100ml<\/p>\n","protected":false},"excerpt":{"rendered":"<p>System Professional Alpha Energy on intensiivinen hoito, joka vahvistaa p\u00e4\u00e4nahkaa, hiuskuituja ja hiusrakennetta. Se tasapainottaa p\u00e4\u00e4nahan kosteustasapainoa, v\u00e4hent\u00e4\u00e4 vaurioita ja edist\u00e4\u00e4 ravinteiden virtausta juuriin, mik\u00e4 antaa t\u00e4ytel\u00e4isemp\u00e4\u00e4, terveemp\u00e4\u00e4 ja helpommin hallittavaa hiusta. Kaava on viilent\u00e4v\u00e4 ja rauhoittava, vahvistaa p\u00e4\u00e4nahkaa j\u00e4tt\u00e4m\u00e4tt\u00e4 j\u00e4\u00e4mi\u00e4 ja tekee hiuksesta kest\u00e4v\u00e4mm\u00e4n ja helpommin muotoiltavan. Alpha Energy sopii yhteen kaikkien System Professional [&hellip;]<\/p>\n","protected":false},"featured_media":126057,"comment_status":"open","ping_status":"closed","template":"","meta":{"_trash_the_other_posts":false},"product_brand":[],"product_cat":[615],"product_tag":[],"berocket_brand":[1995],"class_list":{"0":"post-126085","1":"product","2":"type-product","3":"status-publish","4":"has-post-thumbnail","6":"product_cat-hiusten-seerumi","7":"pa_brand-system-professional","8":"berocket_brand-system-professional","10":"first","11":"instock","12":"sale","13":"taxable","14":"shipping-taxable","15":"purchasable","16":"product-type-simple"},"_links":{"self":[{"href":"https:\/\/stylingagenten.com\/fi\/wp-json\/wp\/v2\/product\/126085","targetHints":{"allow":["GET"]}}],"collection":[{"href":"https:\/\/stylingagenten.com\/fi\/wp-json\/wp\/v2\/product"}],"about":[{"href":"https:\/\/stylingagenten.com\/fi\/wp-json\/wp\/v2\/types\/product"}],"replies":[{"embeddable":true,"href":"https:\/\/stylingagenten.com\/fi\/wp-json\/wp\/v2\/comments?post=126085"}],"version-history":[{"count":0,"href":"https:\/\/stylingagenten.com\/fi\/wp-json\/wp\/v2\/product\/126085\/revisions"}],"wp:featuredmedia":[{"embeddable":true,"href":"https:\/\/stylingagenten.com\/fi\/wp-json\/wp\/v2\/media\/126057"}],"wp:attachment":[{"href":"https:\/\/stylingagenten.com\/fi\/wp-json\/wp\/v2\/media?parent=126085"}],"wp:term":[{"taxonomy":"product_brand","embeddable":true,"href":"https:\/\/stylingagenten.com\/fi\/wp-json\/wp\/v2\/product_brand?post=126085"},{"taxonomy":"product_cat","embeddable":true,"href":"https:\/\/stylingagenten.com\/fi\/wp-json\/wp\/v2\/product_cat?post=126085"},{"taxonomy":"product_tag","embeddable":true,"href":"https:\/\/stylingagenten.com\/fi\/wp-json\/wp\/v2\/product_tag?post=126085"},{"taxonomy":"berocket_brand","embeddable":true,"href":"https:\/\/stylingagenten.com\/fi\/wp-json\/wp\/v2\/berocket_brand?post=126085"}],"curies":[{"name":"wp","href":"https:\/\/api.w.org\/{rel}","templated":true}]}}