{"id":126048,"date":"2025-05-18T22:04:27","date_gmt":"2025-05-18T22:04:27","guid":{"rendered":"https:\/\/staging2.stylingagenten.com\/fi\/produkt\/wella-professionals-ultimate-repair-night-hair-serum-95ml\/"},"modified":"2026-03-13T14:43:35","modified_gmt":"2026-03-13T14:43:35","slug":"wella-professionals-ultimate-repair-night-hair-serum-95ml","status":"publish","type":"product","link":"https:\/\/stylingagenten.com\/fi\/tuote\/wella-professionals-ultimate-repair-night-hair-serum-95ml\/","title":{"rendered":"Wella Professionals Ultimate Repair Night Hair Serum 95ml"},"content":{"rendered":"<p>Wella Professionals Ultimate Repair Night Serum on y\u00f6k\u00e4ytett\u00e4v\u00e4 leave-in-seerumi, joka n\u00e4kyv\u00e4sti korjaa karheutta, kuivuuden ja lohkeamat. Leave-in-formula sis\u00e4lt\u00e4\u00e4 omega-9:\u00e4\u00e4 intensiiviseen kosteutukseen ja puolustuspolymeerej\u00e4, jotka auttavat suojaamaan hiuksia y\u00f6aikaisilta stressitekij\u00f6ilt\u00e4 luomalla n\u00e4kym\u00e4tt\u00f6m\u00e4n suojan. AHA:ta, joka on yleisesti tunnettu ihonhoidossa, k\u00e4ytet\u00e4\u00e4n Ultimate Repair -sarjassa vahvistamaan, hoitamaan ja est\u00e4m\u00e4\u00e4n hiusten katkeilua terveess\u00e4 ja kemiallisesti k\u00e4sitellyss\u00e4 hiuksessa rakentamalla vetysidoksia ja tunkeutumalla syv\u00e4lle hiusfibreihin. Kaikki t\u00e4m\u00e4 auttaa korjaamaan vaurioituneita hiuksia y\u00f6n aikana ja ravitsemaan niit\u00e4 jopa 8 tunnin ajan.<\/p>\n<p>Kokeile jopa 78 % v\u00e4hemm\u00e4n katkenneita hiuksia* ja jopa 86 % v\u00e4hemm\u00e4n haaroittuneita latvoja* Ultimate Repair Night Serumilla. Dermatologisesti testattu ja vegaaninen. K\u00e4yt\u00e4 parhaan tuloksen saavuttamiseksi koko Ultimate Repair -sarjan kanssa.<\/p>\n<p>Wella Professionals Ultimate Repair System on ihonhoidosta inspiroitunut sarja, joka tarjoaa arvostetun hiustenhoitorutiinin, joka viimeistelee hiuksesi vain 90 sekunnissa*. Sarja on suunniteltu sinulle, joka haluat korkeimman tason korjauksen ja luonnollisen, terveellisen tunteen hiuksissa. Se vahvistaa, hoitaa ja tekee hiuksista pehme\u00e4t, raikkaat ja puhtaat.*<\/p>\n<p>*Verrattuna shampoon ilman hoitotehoa **Kun k\u00e4ytet\u00e4\u00e4n Ultimate Repair Step 3 Miracle Hair Rescue tai Step 4 Protective Leave In verrattuna shampoon ilman hoitoainetta<\/p>\n<p>95ml<\/p>\n","protected":false},"excerpt":{"rendered":"<p>Wella Professionals Ultimate Repair Night Serum on y\u00f6k\u00e4ytett\u00e4v\u00e4 leave-in-seerumi, joka n\u00e4kyv\u00e4sti korjaa karheutta, kuivuuden ja lohkeamat. Leave-in-formula sis\u00e4lt\u00e4\u00e4 omega-9:\u00e4\u00e4 intensiiviseen kosteutukseen ja puolustuspolymeerej\u00e4, jotka auttavat suojaamaan hiuksia y\u00f6aikaisilta stressitekij\u00f6ilt\u00e4 luomalla n\u00e4kym\u00e4tt\u00f6m\u00e4n suojan. AHA:ta, joka on yleisesti tunnettu ihonhoidossa, k\u00e4ytet\u00e4\u00e4n Ultimate Repair -sarjassa vahvistamaan, hoitamaan ja est\u00e4m\u00e4\u00e4n hiusten katkeilua terveess\u00e4 ja kemiallisesti k\u00e4sitellyss\u00e4 hiuksessa rakentamalla vetysidoksia [&hellip;]<\/p>\n","protected":false},"featured_media":126020,"comment_status":"open","ping_status":"closed","template":"","meta":{"_trash_the_other_posts":false},"product_brand":[],"product_cat":[615],"product_tag":[],"berocket_brand":[1030],"class_list":{"0":"post-126048","1":"product","2":"type-product","3":"status-publish","4":"has-post-thumbnail","6":"product_cat-hiusten-seerumi","7":"pa_brand-wella","8":"berocket_brand-wella","10":"first","11":"instock","12":"sale","13":"taxable","14":"shipping-taxable","15":"purchasable","16":"product-type-simple"},"_links":{"self":[{"href":"https:\/\/stylingagenten.com\/fi\/wp-json\/wp\/v2\/product\/126048","targetHints":{"allow":["GET"]}}],"collection":[{"href":"https:\/\/stylingagenten.com\/fi\/wp-json\/wp\/v2\/product"}],"about":[{"href":"https:\/\/stylingagenten.com\/fi\/wp-json\/wp\/v2\/types\/product"}],"replies":[{"embeddable":true,"href":"https:\/\/stylingagenten.com\/fi\/wp-json\/wp\/v2\/comments?post=126048"}],"version-history":[{"count":0,"href":"https:\/\/stylingagenten.com\/fi\/wp-json\/wp\/v2\/product\/126048\/revisions"}],"wp:featuredmedia":[{"embeddable":true,"href":"https:\/\/stylingagenten.com\/fi\/wp-json\/wp\/v2\/media\/126020"}],"wp:attachment":[{"href":"https:\/\/stylingagenten.com\/fi\/wp-json\/wp\/v2\/media?parent=126048"}],"wp:term":[{"taxonomy":"product_brand","embeddable":true,"href":"https:\/\/stylingagenten.com\/fi\/wp-json\/wp\/v2\/product_brand?post=126048"},{"taxonomy":"product_cat","embeddable":true,"href":"https:\/\/stylingagenten.com\/fi\/wp-json\/wp\/v2\/product_cat?post=126048"},{"taxonomy":"product_tag","embeddable":true,"href":"https:\/\/stylingagenten.com\/fi\/wp-json\/wp\/v2\/product_tag?post=126048"},{"taxonomy":"berocket_brand","embeddable":true,"href":"https:\/\/stylingagenten.com\/fi\/wp-json\/wp\/v2\/berocket_brand?post=126048"}],"curies":[{"name":"wp","href":"https:\/\/api.w.org\/{rel}","templated":true}]}}