{"id":126032,"date":"2025-05-18T22:04:25","date_gmt":"2025-05-18T22:04:25","guid":{"rendered":"https:\/\/staging2.stylingagenten.com\/fi\/produkt\/olaplex-no-3-hair-perfector-100ml\/"},"modified":"2026-04-11T13:28:35","modified_gmt":"2026-04-11T13:28:35","slug":"olaplex-no-3-hair-perfector-100ml","status":"publish","type":"product","link":"https:\/\/stylingagenten.com\/fi\/tuote\/olaplex-no-3-hair-perfector-100ml\/","title":{"rendered":"Olaplex No.3 Hair Perfector 100ml"},"content":{"rendered":"<h1>Olaplex Hair Perfector No.3 on intensiivisesti ravitseva hoito, joka vahvistaa hiuksia ja salonkitulos kotona.&nbsp;<\/h1>\n<p><\/p>\n<p><\/p>\n<h2>Painos&aring; puhtaista hiuksista. Levit\u00e4 reilu m\u00e4\u00e4r\u00e4 tuotetta pyyhekuiviin hiuksiin. Kampaa l\u00e4pi ja anna vaikuttaa v\u00e4hint\u00e4\u00e4n 10 minuuttia. Huuhtele sitten tuote ja k\u00e4yt\u00e4 sitten shampoota, proteiinipitoista k\u00e4\u00e4rett\u00e4 ja hoitoainetta. Mit\u00e4 pidempi vaikutusaika Olaplex no.3:lla on, sit\u00e4 suurempi vaikutus. Suositeltu k\u00e4ytt\u00f6kerta on kerran viikossa tai tarpeen mukaan.<\/h2>\n<p><\/p>\n<p><\/p>\n","protected":false},"excerpt":{"rendered":"<p>Olaplex Hair Perfector No.3 on intensiivisesti ravitseva hoito, joka vahvistaa hiuksia ja salonkitulos kotona.&nbsp; Painos&aring; puhtaista hiuksista. Levit\u00e4 reilu m\u00e4\u00e4r\u00e4 tuotetta pyyhekuiviin hiuksiin. Kampaa l\u00e4pi ja anna vaikuttaa v\u00e4hint\u00e4\u00e4n 10 minuuttia. Huuhtele sitten tuote ja k\u00e4yt\u00e4 sitten shampoota, proteiinipitoista k\u00e4\u00e4rett\u00e4 ja hoitoainetta. Mit\u00e4 pidempi vaikutusaika Olaplex no.3:lla on, sit\u00e4 suurempi vaikutus. Suositeltu k\u00e4ytt\u00f6kerta on kerran [&hellip;]<\/p>\n","protected":false},"featured_media":126017,"comment_status":"open","ping_status":"closed","template":"","meta":{"_trash_the_other_posts":false},"product_brand":[],"product_cat":[620,1003],"product_tag":[],"berocket_brand":[1023],"class_list":{"0":"post-126032","1":"product","2":"type-product","3":"status-publish","4":"has-post-thumbnail","6":"product_cat-hiuskaare","7":"product_cat-myydyimmat","8":"pa_brand-olaplex","9":"berocket_brand-olaplex","11":"first","12":"instock","13":"sale","14":"taxable","15":"shipping-taxable","16":"purchasable","17":"product-type-simple"},"_links":{"self":[{"href":"https:\/\/stylingagenten.com\/fi\/wp-json\/wp\/v2\/product\/126032","targetHints":{"allow":["GET"]}}],"collection":[{"href":"https:\/\/stylingagenten.com\/fi\/wp-json\/wp\/v2\/product"}],"about":[{"href":"https:\/\/stylingagenten.com\/fi\/wp-json\/wp\/v2\/types\/product"}],"replies":[{"embeddable":true,"href":"https:\/\/stylingagenten.com\/fi\/wp-json\/wp\/v2\/comments?post=126032"}],"version-history":[{"count":0,"href":"https:\/\/stylingagenten.com\/fi\/wp-json\/wp\/v2\/product\/126032\/revisions"}],"wp:featuredmedia":[{"embeddable":true,"href":"https:\/\/stylingagenten.com\/fi\/wp-json\/wp\/v2\/media\/126017"}],"wp:attachment":[{"href":"https:\/\/stylingagenten.com\/fi\/wp-json\/wp\/v2\/media?parent=126032"}],"wp:term":[{"taxonomy":"product_brand","embeddable":true,"href":"https:\/\/stylingagenten.com\/fi\/wp-json\/wp\/v2\/product_brand?post=126032"},{"taxonomy":"product_cat","embeddable":true,"href":"https:\/\/stylingagenten.com\/fi\/wp-json\/wp\/v2\/product_cat?post=126032"},{"taxonomy":"product_tag","embeddable":true,"href":"https:\/\/stylingagenten.com\/fi\/wp-json\/wp\/v2\/product_tag?post=126032"},{"taxonomy":"berocket_brand","embeddable":true,"href":"https:\/\/stylingagenten.com\/fi\/wp-json\/wp\/v2\/berocket_brand?post=126032"}],"curies":[{"name":"wp","href":"https:\/\/api.w.org\/{rel}","templated":true}]}}