{"id":126026,"date":"2025-05-18T22:04:25","date_gmt":"2025-05-18T22:04:25","guid":{"rendered":"https:\/\/staging2.stylingagenten.com\/fi\/produkt\/moroccanoil-dry-scalp-treatment-10ml-x-15st\/"},"modified":"2025-11-19T11:11:33","modified_gmt":"2025-11-19T11:11:33","slug":"moroccanoil-dry-scalp-treatment-10ml-x-15st","status":"publish","type":"product","link":"https:\/\/stylingagenten.com\/fi\/tuote\/moroccanoil-dry-scalp-treatment-10ml-x-15st\/","title":{"rendered":"MoroccanOil Dry Scalp Treatment 10ml x 15st"},"content":{"rendered":"<p style='font-family: \"Calibri\", sans-serif'>Ammattimainen p\u00e4\u00e4nahkahoitomme vastaa kuivan, hilseilev\u00e4n p\u00e4\u00e4nahan tarpeisiin ja lievitt\u00e4\u00e4 v\u00e4litt\u00f6m\u00e4sti \u00e4rsytyst\u00e4 ja kuivuutta. Moroccanoil Dry Scalp Treatment palauttaa p\u00e4\u00e4nahan tasapainon ja auttaa lievitt\u00e4m\u00e4\u00e4n \u00e4rsytyst\u00e4 ja palauttamaan samalla hiusten elinvoiman. Kevyt mutta tiivis koostumus on rikastettu antioksidanttirikkaalla argan\u00f6ljyll\u00e4 sek\u00e4 eteerisill\u00e4 laventeli- ja geranium\u00f6ljyill\u00e4, jotka ravitsevat ja rauhoittavat ihoa. Salisyylihappo kuorii hell\u00e4varaisesti v\u00e4hent\u00e4en hilseily\u00e4. Verenkierto paranee. Hiukset hy\u00f6tyv\u00e4t ja saavat annoksen elinvoimaa ja kiiltoa.<\/p>\n<p style='margin: 0cm 0cm 8pt;font-family: \"Calibri\", sans-serif'>Jaa hiukset nelj\u00e4\u00e4n yht\u00e4 suureen osaan. Levit\u00e4 3-6 tippaa Moroccanoil Dry Scalp Treatment -hoitoainetta p\u00e4\u00e4nahka jokaisessa jalassa. Hiero tuotetta p\u00e4\u00e4nahkaan ja anna vaikuttaa 5-10 minuuttia. Kampaa l\u00e4pi ja huuhtele. K\u00e4yt\u00e4 jatkossa sopivaa Moroccanoil-shampoota ja hoitoainetta. K\u00e4yt\u00e4 kerran viikossa, sitten pidemmill\u00e4 v\u00e4liajoilla, kun p\u00e4\u00e4nahan kunto paranee. VINKKI: K\u00e4yt\u00e4 t\u00e4t\u00e4 tuotetta ennen t\u00e4t\u00e4 hoitoa; ihmiset, joiden p\u00e4\u00e4nahka on herkk\u00e4 v\u00e4rj\u00e4ykseen sen suojaamiseksi ja sen k\u00e4ytt\u00e4misen v\u00e4ltt\u00e4miseksi. Moroccanoil Dry Scalp Treatment tarjoaa my\u00f6s&aring; helpotus p\u00e4\u00e4nahasta, joka kiristyy hiustenpidennysten poistamisen yhteydess\u00e4.<\/p>\n","protected":false},"excerpt":{"rendered":"<p>Ammattimainen p\u00e4\u00e4nahkahoitomme vastaa kuivan, hilseilev\u00e4n p\u00e4\u00e4nahan tarpeisiin ja lievitt\u00e4\u00e4 v\u00e4litt\u00f6m\u00e4sti \u00e4rsytyst\u00e4 ja kuivuutta. Moroccanoil Dry Scalp Treatment palauttaa p\u00e4\u00e4nahan tasapainon ja auttaa lievitt\u00e4m\u00e4\u00e4n \u00e4rsytyst\u00e4 ja palauttamaan samalla hiusten elinvoiman. Kevyt mutta tiivis koostumus on rikastettu antioksidanttirikkaalla argan\u00f6ljyll\u00e4 sek\u00e4 eteerisill\u00e4 laventeli- ja geranium\u00f6ljyill\u00e4, jotka ravitsevat ja rauhoittavat ihoa. Salisyylihappo kuorii hell\u00e4varaisesti v\u00e4hent\u00e4en hilseily\u00e4. Verenkierto paranee. Hiukset [&hellip;]<\/p>\n","protected":false},"featured_media":126022,"comment_status":"open","ping_status":"closed","template":"","meta":{"_trash_the_other_posts":false},"product_brand":[],"product_cat":[610],"product_tag":[],"berocket_brand":[1021],"class_list":{"0":"post-126026","1":"product","2":"type-product","3":"status-publish","4":"has-post-thumbnail","6":"product_cat-hiusoljy","7":"pa_brand-moroccanoil","8":"berocket_brand-moroccanoil","10":"first","11":"instock","12":"sale","13":"taxable","14":"shipping-taxable","15":"purchasable","16":"product-type-simple"},"_links":{"self":[{"href":"https:\/\/stylingagenten.com\/fi\/wp-json\/wp\/v2\/product\/126026","targetHints":{"allow":["GET"]}}],"collection":[{"href":"https:\/\/stylingagenten.com\/fi\/wp-json\/wp\/v2\/product"}],"about":[{"href":"https:\/\/stylingagenten.com\/fi\/wp-json\/wp\/v2\/types\/product"}],"replies":[{"embeddable":true,"href":"https:\/\/stylingagenten.com\/fi\/wp-json\/wp\/v2\/comments?post=126026"}],"version-history":[{"count":0,"href":"https:\/\/stylingagenten.com\/fi\/wp-json\/wp\/v2\/product\/126026\/revisions"}],"wp:featuredmedia":[{"embeddable":true,"href":"https:\/\/stylingagenten.com\/fi\/wp-json\/wp\/v2\/media\/126022"}],"wp:attachment":[{"href":"https:\/\/stylingagenten.com\/fi\/wp-json\/wp\/v2\/media?parent=126026"}],"wp:term":[{"taxonomy":"product_brand","embeddable":true,"href":"https:\/\/stylingagenten.com\/fi\/wp-json\/wp\/v2\/product_brand?post=126026"},{"taxonomy":"product_cat","embeddable":true,"href":"https:\/\/stylingagenten.com\/fi\/wp-json\/wp\/v2\/product_cat?post=126026"},{"taxonomy":"product_tag","embeddable":true,"href":"https:\/\/stylingagenten.com\/fi\/wp-json\/wp\/v2\/product_tag?post=126026"},{"taxonomy":"berocket_brand","embeddable":true,"href":"https:\/\/stylingagenten.com\/fi\/wp-json\/wp\/v2\/berocket_brand?post=126026"}],"curies":[{"name":"wp","href":"https:\/\/api.w.org\/{rel}","templated":true}]}}