{"id":125993,"date":"2025-05-18T22:04:21","date_gmt":"2025-05-18T22:04:21","guid":{"rendered":"https:\/\/staging2.stylingagenten.com\/fi\/produkt\/orofluido-beauty-elixir-100ml\/"},"modified":"2026-04-15T07:11:03","modified_gmt":"2026-04-15T07:11:03","slug":"orofluido-beauty-elixir-100ml","status":"publish","type":"product","link":"https:\/\/stylingagenten.com\/fi\/tuote\/orofluido-beauty-elixir-100ml\/","title":{"rendered":"Orofluido Beauty Elixir 100ml"},"content":{"rendered":"<p>Orofluido Hair Oil on kehitetty erityisesti it\u00e4maisten hienoimpien luonnon\u00f6ljyjen sekoituksesta.<br \/>Orofluido on kauneuseliksiiri kaikille hiustyypeille, joka ymp\u00e4r\u00f6i hiukset puhtaalla ylellisyydell\u00e4.<\/p>\n<p> eliksiiri sis\u00e4lt\u00e4\u00e4 kolme luonnon\u00f6ljy\u00e4 hienossa sekoituksessa, jotka imeytyv\u00e4t nopeasti hiuksiin rasvoittamatta tai rasittamatta niit\u00e4.<\/p>\n<p> Argan-hedelm\u00e4n siemenist\u00e4 uutettu argaani\u00f6ljy sis\u00e4lt\u00e4\u00e4 runsaasti; E-vitamiinia ja t\u00e4rkeit\u00e4 rasvahappoja.<br \/>Vahvistaa hiuksia ja antaa niille uskomattoman kiiltoa sek\u00e4 tekee niist\u00e4 silkinpehme\u00e4t.<\/p>\n<p>Cuperys-\u00f6ljy\u00e4 valmistetaan kylm\u00e4puristamalla kasvin kuivattuja juuria.<br \/> Se sis\u00e4lt\u00e4\u00e4 suuren osuuden tyydyttym\u00e4tt\u00f6mi\u00e4 rasvahappoja ja tokoferolia (rasvaliukoinen vitamiini), joka tarjoaa luonnollisen suojan vapaita radikaaleja vastaan \u200b\u200bja lis\u00e4\u00e4 volyymia ja tekee hiuksista pehme\u00e4t ja hallittavat.<\/p>\n<p>Pellavansiemen\u00f6ljy on Orofluidon kolmas peruskivi .<br \/>\u00d6ljyn merkitt\u00e4v\u00e4n tyydyttym\u00e4tt\u00f6mien rasvahappojen ansiosta se tiivist\u00e4\u00e4 ja kosteuttaa hiusten ulkokuorta ja tekee hiuksista sile\u00e4t ja tasaiset.<\/p>\n<p>Tuloksena on, ett\u00e4 hiuss\u00e4ikeet yhdistyv\u00e4t ja heijastavat valoa optimaalisesti jotain, joka antaa hiuksille ainutlaatuisen ja n\u00e4ytt\u00e4v\u00e4n kiillon.<\/p>\n<p>K\u00e4ytt\u00f6: Tiputa muutama tippa Orofluidoa k\u00e4mmenelle ja levit\u00e4 tuotetta kosteisiin tai pyyhekuiviin hiuksiin.<br \/>Annostus s\u00e4\u00e4dell\u00e4\u00e4n hiusten pituuden ja hiustyypin mukaan.<br \/> Voidaan k\u00e4ytt\u00e4\u00e4 kuiville hiuksille hiusten hallintaan ja v\u00e4litt\u00f6m\u00e4n kiillon lis\u00e4\u00e4miseen.<br \/>Silkkinen rakenne mahdollistaa \u00f6ljyn imeytymisen v\u00e4litt\u00f6m\u00e4sti painamatta hiuksia. <br \/>Voidaan k\u00e4ytt\u00e4\u00e4 p\u00e4ivitt\u00e4in tai tarpeen mukaan, eik\u00e4 sit\u00e4 saa huuhdella pois.<br \/>Sulje pullo aina kunnolla k\u00e4yt\u00f6n j\u00e4lkeen.<\/p>\n","protected":false},"excerpt":{"rendered":"<p>Orofluido Hair Oil on kehitetty erityisesti it\u00e4maisten hienoimpien luonnon\u00f6ljyjen sekoituksesta.Orofluido on kauneuseliksiiri kaikille hiustyypeille, joka ymp\u00e4r\u00f6i hiukset puhtaalla ylellisyydell\u00e4. eliksiiri sis\u00e4lt\u00e4\u00e4 kolme luonnon\u00f6ljy\u00e4 hienossa sekoituksessa, jotka imeytyv\u00e4t nopeasti hiuksiin rasvoittamatta tai rasittamatta niit\u00e4. Argan-hedelm\u00e4n siemenist\u00e4 uutettu argaani\u00f6ljy sis\u00e4lt\u00e4\u00e4 runsaasti; E-vitamiinia ja t\u00e4rkeit\u00e4 rasvahappoja.Vahvistaa hiuksia ja antaa niille uskomattoman kiiltoa sek\u00e4 tekee niist\u00e4 silkinpehme\u00e4t. Cuperys-\u00f6ljy\u00e4 valmistetaan [&hellip;]<\/p>\n","protected":false},"featured_media":125992,"comment_status":"open","ping_status":"closed","template":"","meta":{"_trash_the_other_posts":false},"product_brand":[],"product_cat":[610],"product_tag":[3731],"berocket_brand":[1045],"class_list":{"0":"post-125993","1":"product","2":"type-product","3":"status-publish","4":"has-post-thumbnail","6":"product_cat-hiusoljy","7":"product_tag-orofluido-beauty-elixir","8":"pa_brand-orofluido","9":"pa_variantti-100ml","10":"berocket_brand-orofluido","12":"first","13":"instock","14":"sale","15":"taxable","16":"shipping-taxable","17":"purchasable","18":"product-type-simple"},"_links":{"self":[{"href":"https:\/\/stylingagenten.com\/fi\/wp-json\/wp\/v2\/product\/125993","targetHints":{"allow":["GET"]}}],"collection":[{"href":"https:\/\/stylingagenten.com\/fi\/wp-json\/wp\/v2\/product"}],"about":[{"href":"https:\/\/stylingagenten.com\/fi\/wp-json\/wp\/v2\/types\/product"}],"replies":[{"embeddable":true,"href":"https:\/\/stylingagenten.com\/fi\/wp-json\/wp\/v2\/comments?post=125993"}],"version-history":[{"count":0,"href":"https:\/\/stylingagenten.com\/fi\/wp-json\/wp\/v2\/product\/125993\/revisions"}],"wp:featuredmedia":[{"embeddable":true,"href":"https:\/\/stylingagenten.com\/fi\/wp-json\/wp\/v2\/media\/125992"}],"wp:attachment":[{"href":"https:\/\/stylingagenten.com\/fi\/wp-json\/wp\/v2\/media?parent=125993"}],"wp:term":[{"taxonomy":"product_brand","embeddable":true,"href":"https:\/\/stylingagenten.com\/fi\/wp-json\/wp\/v2\/product_brand?post=125993"},{"taxonomy":"product_cat","embeddable":true,"href":"https:\/\/stylingagenten.com\/fi\/wp-json\/wp\/v2\/product_cat?post=125993"},{"taxonomy":"product_tag","embeddable":true,"href":"https:\/\/stylingagenten.com\/fi\/wp-json\/wp\/v2\/product_tag?post=125993"},{"taxonomy":"berocket_brand","embeddable":true,"href":"https:\/\/stylingagenten.com\/fi\/wp-json\/wp\/v2\/berocket_brand?post=125993"}],"curies":[{"name":"wp","href":"https:\/\/api.w.org\/{rel}","templated":true}]}}