{"id":125989,"date":"2025-05-18T22:04:19","date_gmt":"2025-05-18T22:04:19","guid":{"rendered":"https:\/\/staging2.stylingagenten.com\/fi\/produkt\/wella-sp-luxe-oil-keratin-boost-essence-100ml\/"},"modified":"2026-04-06T18:08:30","modified_gmt":"2026-04-06T18:08:30","slug":"wella-sp-luxe-oil-keratin-boost-essence-100ml","status":"publish","type":"product","link":"https:\/\/stylingagenten.com\/fi\/tuote\/wella-sp-luxe-oil-keratin-boost-essence-100ml\/","title":{"rendered":"Wella SP Luxe Oil Keratin Boost Essence 100ml"},"content":{"rendered":"<p>Luxe Oil Keratin Boost Essence on ravinteikas suihkehoito, joka tunkeutuu hiuksiin ja vahvistaa keratiinia, kosteuttaa hiuksia ja tekee niist\u00e4 pehmeit\u00e4 ja joustavia. <br \/>T\u00e4m\u00e4 suihke, jossa on muun muassa jojoba-, manteli- ja argan\u00f6ljy\u00e4, arvostaa hiuksia sis\u00e4lt\u00e4 ulosp\u00e4in. Antaa pitk\u00e4kestoisen tuloksen pehmeydest\u00e4 ja notkeudesta s\u00e4ilytt\u00e4en samalla kosteustasapainon; ett\u00e4 hiuksesi pysyv\u00e4t tervein\u00e4 ja silkkisin\u00e4.<\/p>\n","protected":false},"excerpt":{"rendered":"<p>Luxe Oil Keratin Boost Essence on ravinteikas suihkehoito, joka tunkeutuu hiuksiin ja vahvistaa keratiinia, kosteuttaa hiuksia ja tekee niist\u00e4 pehmeit\u00e4 ja joustavia. T\u00e4m\u00e4 suihke, jossa on muun muassa jojoba-, manteli- ja argan\u00f6ljy\u00e4, arvostaa hiuksia sis\u00e4lt\u00e4 ulosp\u00e4in. Antaa pitk\u00e4kestoisen tuloksen pehmeydest\u00e4 ja notkeudesta s\u00e4ilytt\u00e4en samalla kosteustasapainon; ett\u00e4 hiuksesi pysyv\u00e4t tervein\u00e4 ja silkkisin\u00e4.<\/p>\n","protected":false},"featured_media":125986,"comment_status":"open","ping_status":"closed","template":"","meta":{"_trash_the_other_posts":false},"product_brand":[],"product_cat":[610],"product_tag":[],"berocket_brand":[1030],"class_list":{"0":"post-125989","1":"product","2":"type-product","3":"status-publish","4":"has-post-thumbnail","6":"product_cat-hiusoljy","7":"pa_brand-wella","8":"berocket_brand-wella","10":"first","11":"instock","12":"sale","13":"taxable","14":"shipping-taxable","15":"purchasable","16":"product-type-simple"},"_links":{"self":[{"href":"https:\/\/stylingagenten.com\/fi\/wp-json\/wp\/v2\/product\/125989","targetHints":{"allow":["GET"]}}],"collection":[{"href":"https:\/\/stylingagenten.com\/fi\/wp-json\/wp\/v2\/product"}],"about":[{"href":"https:\/\/stylingagenten.com\/fi\/wp-json\/wp\/v2\/types\/product"}],"replies":[{"embeddable":true,"href":"https:\/\/stylingagenten.com\/fi\/wp-json\/wp\/v2\/comments?post=125989"}],"version-history":[{"count":0,"href":"https:\/\/stylingagenten.com\/fi\/wp-json\/wp\/v2\/product\/125989\/revisions"}],"wp:featuredmedia":[{"embeddable":true,"href":"https:\/\/stylingagenten.com\/fi\/wp-json\/wp\/v2\/media\/125986"}],"wp:attachment":[{"href":"https:\/\/stylingagenten.com\/fi\/wp-json\/wp\/v2\/media?parent=125989"}],"wp:term":[{"taxonomy":"product_brand","embeddable":true,"href":"https:\/\/stylingagenten.com\/fi\/wp-json\/wp\/v2\/product_brand?post=125989"},{"taxonomy":"product_cat","embeddable":true,"href":"https:\/\/stylingagenten.com\/fi\/wp-json\/wp\/v2\/product_cat?post=125989"},{"taxonomy":"product_tag","embeddable":true,"href":"https:\/\/stylingagenten.com\/fi\/wp-json\/wp\/v2\/product_tag?post=125989"},{"taxonomy":"berocket_brand","embeddable":true,"href":"https:\/\/stylingagenten.com\/fi\/wp-json\/wp\/v2\/berocket_brand?post=125989"}],"curies":[{"name":"wp","href":"https:\/\/api.w.org\/{rel}","templated":true}]}}