{"id":125988,"date":"2025-05-18T22:04:19","date_gmt":"2025-05-18T22:04:19","guid":{"rendered":"https:\/\/staging2.stylingagenten.com\/fi\/produkt\/wella-sp-luxe-oil-reconstructive-elixir-100ml\/"},"modified":"2026-04-08T19:07:30","modified_gmt":"2026-04-08T19:07:30","slug":"wella-sp-luxe-oil-reconstructive-elixir-100ml","status":"publish","type":"product","link":"https:\/\/stylingagenten.com\/fi\/tuote\/wella-sp-luxe-oil-reconstructive-elixir-100ml\/","title":{"rendered":"Wella SP Luxe Oil Reconstructive Elixir 100ml"},"content":{"rendered":"<p>Wella SP Luxe Oil on keratiinipohjainen hius\u00f6ljy, joka lis\u00e4\u00e4 kosteutta ja keratiinia. Hiushoitoaine uudistaa auringon tai kemiallisten k\u00e4sittelyjen vaurioittamia hiuksia. Sis\u00e4lt\u00e4\u00e4 runsaasti ravinteita ja toimii hyvin hiuksiin j\u00e4tett\u00e4v\u00e4n\u00e4 hoitoaineena.<\/p>\n<p>\u00d6ljy\u00e4 voidaan k\u00e4ytt\u00e4\u00e4 sek\u00e4 kosteisiin ett\u00e4 kuiviin hiuksiin. Sill\u00e4 on ravitsevia ominaisuuksia ja se sopii erinomaisesti hiusten tasoittamiseen ruokinnan j\u00e4lkeen ja lis\u00e4\u00e4 kiiltoa hiuksiin<\/p>\n","protected":false},"excerpt":{"rendered":"<p>Wella SP Luxe Oil on keratiinipohjainen hius\u00f6ljy, joka lis\u00e4\u00e4 kosteutta ja keratiinia. Hiushoitoaine uudistaa auringon tai kemiallisten k\u00e4sittelyjen vaurioittamia hiuksia. Sis\u00e4lt\u00e4\u00e4 runsaasti ravinteita ja toimii hyvin hiuksiin j\u00e4tett\u00e4v\u00e4n\u00e4 hoitoaineena. \u00d6ljy\u00e4 voidaan k\u00e4ytt\u00e4\u00e4 sek\u00e4 kosteisiin ett\u00e4 kuiviin hiuksiin. Sill\u00e4 on ravitsevia ominaisuuksia ja se sopii erinomaisesti hiusten tasoittamiseen ruokinnan j\u00e4lkeen ja lis\u00e4\u00e4 kiiltoa hiuksiin<\/p>\n","protected":false},"featured_media":125979,"comment_status":"open","ping_status":"closed","template":"","meta":{"_trash_the_other_posts":false},"product_brand":[],"product_cat":[610,1003],"product_tag":[4070],"berocket_brand":[1030],"class_list":{"0":"post-125988","1":"product","2":"type-product","3":"status-publish","4":"has-post-thumbnail","6":"product_cat-hiusoljy","7":"product_cat-myydyimmat","8":"product_tag-wella-sp-luxe-oil-reconstructive-elixir","9":"pa_brand-wella","10":"pa_variantti-100ml","11":"berocket_brand-wella","13":"first","14":"instock","15":"sale","16":"taxable","17":"shipping-taxable","18":"purchasable","19":"product-type-simple"},"_links":{"self":[{"href":"https:\/\/stylingagenten.com\/fi\/wp-json\/wp\/v2\/product\/125988","targetHints":{"allow":["GET"]}}],"collection":[{"href":"https:\/\/stylingagenten.com\/fi\/wp-json\/wp\/v2\/product"}],"about":[{"href":"https:\/\/stylingagenten.com\/fi\/wp-json\/wp\/v2\/types\/product"}],"replies":[{"embeddable":true,"href":"https:\/\/stylingagenten.com\/fi\/wp-json\/wp\/v2\/comments?post=125988"}],"version-history":[{"count":0,"href":"https:\/\/stylingagenten.com\/fi\/wp-json\/wp\/v2\/product\/125988\/revisions"}],"wp:featuredmedia":[{"embeddable":true,"href":"https:\/\/stylingagenten.com\/fi\/wp-json\/wp\/v2\/media\/125979"}],"wp:attachment":[{"href":"https:\/\/stylingagenten.com\/fi\/wp-json\/wp\/v2\/media?parent=125988"}],"wp:term":[{"taxonomy":"product_brand","embeddable":true,"href":"https:\/\/stylingagenten.com\/fi\/wp-json\/wp\/v2\/product_brand?post=125988"},{"taxonomy":"product_cat","embeddable":true,"href":"https:\/\/stylingagenten.com\/fi\/wp-json\/wp\/v2\/product_cat?post=125988"},{"taxonomy":"product_tag","embeddable":true,"href":"https:\/\/stylingagenten.com\/fi\/wp-json\/wp\/v2\/product_tag?post=125988"},{"taxonomy":"berocket_brand","embeddable":true,"href":"https:\/\/stylingagenten.com\/fi\/wp-json\/wp\/v2\/berocket_brand?post=125988"}],"curies":[{"name":"wp","href":"https:\/\/api.w.org\/{rel}","templated":true}]}}