{"id":125954,"date":"2025-05-18T22:04:13","date_gmt":"2025-05-18T22:04:13","guid":{"rendered":"https:\/\/staging2.stylingagenten.com\/fi\/produkt\/ida-warg-colour-protecting-hair-oil-50ml\/"},"modified":"2026-03-11T21:49:12","modified_gmt":"2026-03-11T21:49:12","slug":"ida-warg-colour-protecting-hair-oil-50ml","status":"publish","type":"product","link":"https:\/\/stylingagenten.com\/fi\/tuote\/ida-warg-colour-protecting-hair-oil-50ml\/","title":{"rendered":"Ida Warg Colour Protecting Hair Oil 50ml"},"content":{"rendered":"<p>Color Protecting Hair Oil on rikastettu avokado- ja argan\u00f6ljyll\u00e4, jotka antavat hiuksille kiiltoa ja kiiltoa ja ehk\u00e4isev\u00e4t p\u00f6rr\u00f6isyytt\u00e4. J\u00e4tt\u00e4\u00e4 hiukset pehmeiksi ja sileiksi ilman, ett\u00e4 ne tuntuvat raskaalta.<br \/>Naisellinen ja pehme\u00e4 tuoksu, jossa on j\u00e4nnitt\u00e4vi\u00e4 vivahduksia l\u00e4mpimi\u00e4 mausteita, vaniljaa ja valkoisia kukkia<br \/>100 % vegaaninen ja julmuusvapaa<br \/>Ei sis\u00e4ll\u00e4 sulfaatteja ja parabeeneja<br \/> 50 ml<br \/>K\u00e4ytt\u00f6: Levit\u00e4 muutama tippa pyyhekuiviin tai kuiviin hiuksiin keskittyen hiusten pituuksiin ja latvoihin ja v\u00e4ltt\u00e4en p\u00e4\u00e4nahkaa.<\/p>\n","protected":false},"excerpt":{"rendered":"<p>Color Protecting Hair Oil on rikastettu avokado- ja argan\u00f6ljyll\u00e4, jotka antavat hiuksille kiiltoa ja kiiltoa ja ehk\u00e4isev\u00e4t p\u00f6rr\u00f6isyytt\u00e4. J\u00e4tt\u00e4\u00e4 hiukset pehmeiksi ja sileiksi ilman, ett\u00e4 ne tuntuvat raskaalta.Naisellinen ja pehme\u00e4 tuoksu, jossa on j\u00e4nnitt\u00e4vi\u00e4 vivahduksia l\u00e4mpimi\u00e4 mausteita, vaniljaa ja valkoisia kukkia100 % vegaaninen ja julmuusvapaaEi sis\u00e4ll\u00e4 sulfaatteja ja parabeeneja 50 mlK\u00e4ytt\u00f6: Levit\u00e4 muutama tippa pyyhekuiviin [&hellip;]<\/p>\n","protected":false},"featured_media":125940,"comment_status":"open","ping_status":"closed","template":"","meta":{"_trash_the_other_posts":false},"product_brand":[],"product_cat":[610],"product_tag":[],"berocket_brand":[1346],"class_list":{"0":"post-125954","1":"product","2":"type-product","3":"status-publish","4":"has-post-thumbnail","6":"product_cat-hiusoljy","7":"pa_brand-ida-warg","8":"berocket_brand-ida-warg","10":"first","11":"instock","12":"sale","13":"taxable","14":"shipping-taxable","15":"purchasable","16":"product-type-simple"},"_links":{"self":[{"href":"https:\/\/stylingagenten.com\/fi\/wp-json\/wp\/v2\/product\/125954","targetHints":{"allow":["GET"]}}],"collection":[{"href":"https:\/\/stylingagenten.com\/fi\/wp-json\/wp\/v2\/product"}],"about":[{"href":"https:\/\/stylingagenten.com\/fi\/wp-json\/wp\/v2\/types\/product"}],"replies":[{"embeddable":true,"href":"https:\/\/stylingagenten.com\/fi\/wp-json\/wp\/v2\/comments?post=125954"}],"version-history":[{"count":0,"href":"https:\/\/stylingagenten.com\/fi\/wp-json\/wp\/v2\/product\/125954\/revisions"}],"wp:featuredmedia":[{"embeddable":true,"href":"https:\/\/stylingagenten.com\/fi\/wp-json\/wp\/v2\/media\/125940"}],"wp:attachment":[{"href":"https:\/\/stylingagenten.com\/fi\/wp-json\/wp\/v2\/media?parent=125954"}],"wp:term":[{"taxonomy":"product_brand","embeddable":true,"href":"https:\/\/stylingagenten.com\/fi\/wp-json\/wp\/v2\/product_brand?post=125954"},{"taxonomy":"product_cat","embeddable":true,"href":"https:\/\/stylingagenten.com\/fi\/wp-json\/wp\/v2\/product_cat?post=125954"},{"taxonomy":"product_tag","embeddable":true,"href":"https:\/\/stylingagenten.com\/fi\/wp-json\/wp\/v2\/product_tag?post=125954"},{"taxonomy":"berocket_brand","embeddable":true,"href":"https:\/\/stylingagenten.com\/fi\/wp-json\/wp\/v2\/berocket_brand?post=125954"}],"curies":[{"name":"wp","href":"https:\/\/api.w.org\/{rel}","templated":true}]}}