{"id":125947,"date":"2025-05-18T22:04:13","date_gmt":"2025-05-18T22:04:13","guid":{"rendered":"https:\/\/staging2.stylingagenten.com\/fi\/produkt\/lanza-keratin-healing-oil-hair-treatment-50ml\/"},"modified":"2026-04-08T15:25:58","modified_gmt":"2026-04-08T15:25:58","slug":"lanza-keratin-healing-oil-hair-treatment-50ml","status":"publish","type":"product","link":"https:\/\/stylingagenten.com\/fi\/tuote\/lanza-keratin-healing-oil-hair-treatment-50ml\/","title":{"rendered":"L&#8217;anza Keratin Healing Oil Hair Treatment 50ml"},"content":{"rendered":"<p><strong>Healing Oil Hair Treatment 50ml&nbsp;<\/strong>Antaa l\u00e4mp\u00f6suojan ja lyhent\u00e4\u00e4 kuivumisaikaa. Hiusten laatu paranee jo ensimm\u00e4isen k\u00e4ytt\u00f6kerran j\u00e4lkeen. Uudelleenrakentaminen, antaa tilavuutta ja lujuutta keskittyneill\u00e4 korjausominaisuuksilla. Optimaalinen kosteutus palauttaen samalla kimmoisuuden ja kiillon.<\/p>\n<p>\u2022 \u00c4\u00e4rimm\u00e4isen rakentava.<br \/>\u2022 Ainoa volyymia antava \u00f6ljy.<br \/>\u2022 T\u00e4ytel\u00e4isyys.<br \/>\u2022 T\u00e4ysi UV-suoja.<br \/>\u2022 V\u00e4rinsuoja .<br \/>\u2022 L\u00e4mp\u00f6suoja 260\u00b0C.<\/p>\n","protected":false},"excerpt":{"rendered":"<p>Healing Oil Hair Treatment 50ml&nbsp;Antaa l\u00e4mp\u00f6suojan ja lyhent\u00e4\u00e4 kuivumisaikaa. Hiusten laatu paranee jo ensimm\u00e4isen k\u00e4ytt\u00f6kerran j\u00e4lkeen. Uudelleenrakentaminen, antaa tilavuutta ja lujuutta keskittyneill\u00e4 korjausominaisuuksilla. Optimaalinen kosteutus palauttaen samalla kimmoisuuden ja kiillon. \u2022 \u00c4\u00e4rimm\u00e4isen rakentava.\u2022 Ainoa volyymia antava \u00f6ljy.\u2022 T\u00e4ytel\u00e4isyys.\u2022 T\u00e4ysi UV-suoja.\u2022 V\u00e4rinsuoja .\u2022 L\u00e4mp\u00f6suoja 260\u00b0C.<\/p>\n","protected":false},"featured_media":125945,"comment_status":"open","ping_status":"closed","template":"","meta":{"_trash_the_other_posts":false},"product_brand":[],"product_cat":[610],"product_tag":[3206],"berocket_brand":[1082],"class_list":{"0":"post-125947","1":"product","2":"type-product","3":"status-publish","4":"has-post-thumbnail","6":"product_cat-hiusoljy","7":"product_tag-lanza-keratin-healing-oil-hair-treatment","8":"pa_brand-lanza","9":"pa_variantti-50ml","10":"berocket_brand-lanza","12":"first","13":"outofstock","14":"sale","15":"taxable","16":"shipping-taxable","17":"purchasable","18":"product-type-simple"},"_links":{"self":[{"href":"https:\/\/stylingagenten.com\/fi\/wp-json\/wp\/v2\/product\/125947","targetHints":{"allow":["GET"]}}],"collection":[{"href":"https:\/\/stylingagenten.com\/fi\/wp-json\/wp\/v2\/product"}],"about":[{"href":"https:\/\/stylingagenten.com\/fi\/wp-json\/wp\/v2\/types\/product"}],"replies":[{"embeddable":true,"href":"https:\/\/stylingagenten.com\/fi\/wp-json\/wp\/v2\/comments?post=125947"}],"version-history":[{"count":0,"href":"https:\/\/stylingagenten.com\/fi\/wp-json\/wp\/v2\/product\/125947\/revisions"}],"wp:featuredmedia":[{"embeddable":true,"href":"https:\/\/stylingagenten.com\/fi\/wp-json\/wp\/v2\/media\/125945"}],"wp:attachment":[{"href":"https:\/\/stylingagenten.com\/fi\/wp-json\/wp\/v2\/media?parent=125947"}],"wp:term":[{"taxonomy":"product_brand","embeddable":true,"href":"https:\/\/stylingagenten.com\/fi\/wp-json\/wp\/v2\/product_brand?post=125947"},{"taxonomy":"product_cat","embeddable":true,"href":"https:\/\/stylingagenten.com\/fi\/wp-json\/wp\/v2\/product_cat?post=125947"},{"taxonomy":"product_tag","embeddable":true,"href":"https:\/\/stylingagenten.com\/fi\/wp-json\/wp\/v2\/product_tag?post=125947"},{"taxonomy":"berocket_brand","embeddable":true,"href":"https:\/\/stylingagenten.com\/fi\/wp-json\/wp\/v2\/berocket_brand?post=125947"}],"curies":[{"name":"wp","href":"https:\/\/api.w.org\/{rel}","templated":true}]}}