{"id":125929,"date":"2025-05-18T22:04:10","date_gmt":"2025-05-18T22:04:10","guid":{"rendered":"https:\/\/staging2.stylingagenten.com\/fi\/produkt\/joico-k-pak-color-therapy-luster-lock-glossing-oil-63ml\/"},"modified":"2026-04-10T21:58:37","modified_gmt":"2026-04-10T21:58:37","slug":"joico-k-pak-color-therapy-luster-lock-glossing-oil-63ml","status":"publish","type":"product","link":"https:\/\/stylingagenten.com\/fi\/tuote\/joico-k-pak-color-therapy-luster-lock-glossing-oil-63ml\/","title":{"rendered":"Joico K-Pak Color Therapy Luster Lock Glossing Oil 63ml"},"content":{"rendered":"<p>Tapaa uusi &#8221;must-have&#8221;. Riitt\u00e4v\u00e4n kevyt hennoille hiuksille, mutta samalla riitt\u00e4v\u00e4n arvokas paksuille hiuksille, j\u00e4tt\u00e4\u00e4 v\u00e4litt\u00f6m\u00e4n wow-efektin. Kevyt, ravitseva \u00f6ljy antaa tehokkaan suojan varmistaakseen hiusten v\u00e4rin uskomattoman kiillon. Tekee hiuksista eloisat ja uskomattoman kiilt\u00e4v\u00e4t!<br \/>Ominaisuudet:<br \/>&bull; Kaksinkertaistaa v\u00e4rin voimakkuuden ja el\u00e4vyyden<br \/>&bull; S\u00e4ilytt\u00e4\u00e4 perint\u00f6\u00e4 yli 85 %<br \/>&bull; 150 % enemm\u00e4n kiiltoa<br \/>&bull; Tekee hiuksista pehme\u00e4t<br \/>&bull; Suojaa hiuksia ulkoisilta ymp\u00e4rist\u00f6vaikutuksilta<\/p>\n<p>K\u00e4ytt\u00f6:<br \/>Levit\u00e4 1-2 pumppausta kuiviin tai kosteisiin hiuksiin. Tyyli kuten yleens\u00e4.<\/p>\n","protected":false},"excerpt":{"rendered":"<p>Tapaa uusi &#8221;must-have&#8221;. Riitt\u00e4v\u00e4n kevyt hennoille hiuksille, mutta samalla riitt\u00e4v\u00e4n arvokas paksuille hiuksille, j\u00e4tt\u00e4\u00e4 v\u00e4litt\u00f6m\u00e4n wow-efektin. Kevyt, ravitseva \u00f6ljy antaa tehokkaan suojan varmistaakseen hiusten v\u00e4rin uskomattoman kiillon. Tekee hiuksista eloisat ja uskomattoman kiilt\u00e4v\u00e4t!Ominaisuudet:&bull; Kaksinkertaistaa v\u00e4rin voimakkuuden ja el\u00e4vyyden&bull; S\u00e4ilytt\u00e4\u00e4 perint\u00f6\u00e4 yli 85 %&bull; 150 % enemm\u00e4n kiiltoa&bull; Tekee hiuksista pehme\u00e4t&bull; Suojaa hiuksia ulkoisilta ymp\u00e4rist\u00f6vaikutuksilta K\u00e4ytt\u00f6:Levit\u00e4 [&hellip;]<\/p>\n","protected":false},"featured_media":125927,"comment_status":"open","ping_status":"closed","template":"","meta":{"_trash_the_other_posts":false},"product_brand":[],"product_cat":[610,1003],"product_tag":[],"berocket_brand":[1372],"class_list":{"0":"post-125929","1":"product","2":"type-product","3":"status-publish","4":"has-post-thumbnail","6":"product_cat-hiusoljy","7":"product_cat-myydyimmat","8":"pa_brand-joico","9":"berocket_brand-joico","11":"first","12":"instock","13":"sale","14":"taxable","15":"shipping-taxable","16":"purchasable","17":"product-type-simple"},"_links":{"self":[{"href":"https:\/\/stylingagenten.com\/fi\/wp-json\/wp\/v2\/product\/125929","targetHints":{"allow":["GET"]}}],"collection":[{"href":"https:\/\/stylingagenten.com\/fi\/wp-json\/wp\/v2\/product"}],"about":[{"href":"https:\/\/stylingagenten.com\/fi\/wp-json\/wp\/v2\/types\/product"}],"replies":[{"embeddable":true,"href":"https:\/\/stylingagenten.com\/fi\/wp-json\/wp\/v2\/comments?post=125929"}],"version-history":[{"count":0,"href":"https:\/\/stylingagenten.com\/fi\/wp-json\/wp\/v2\/product\/125929\/revisions"}],"wp:featuredmedia":[{"embeddable":true,"href":"https:\/\/stylingagenten.com\/fi\/wp-json\/wp\/v2\/media\/125927"}],"wp:attachment":[{"href":"https:\/\/stylingagenten.com\/fi\/wp-json\/wp\/v2\/media?parent=125929"}],"wp:term":[{"taxonomy":"product_brand","embeddable":true,"href":"https:\/\/stylingagenten.com\/fi\/wp-json\/wp\/v2\/product_brand?post=125929"},{"taxonomy":"product_cat","embeddable":true,"href":"https:\/\/stylingagenten.com\/fi\/wp-json\/wp\/v2\/product_cat?post=125929"},{"taxonomy":"product_tag","embeddable":true,"href":"https:\/\/stylingagenten.com\/fi\/wp-json\/wp\/v2\/product_tag?post=125929"},{"taxonomy":"berocket_brand","embeddable":true,"href":"https:\/\/stylingagenten.com\/fi\/wp-json\/wp\/v2\/berocket_brand?post=125929"}],"curies":[{"name":"wp","href":"https:\/\/api.w.org\/{rel}","templated":true}]}}