{"id":125925,"date":"2025-05-18T22:04:09","date_gmt":"2025-05-18T22:04:09","guid":{"rendered":"https:\/\/staging2.stylingagenten.com\/fi\/produkt\/paul-mitchell-awapuhi-wild-ginger-styling-treatment-oil-100ml\/"},"modified":"2026-04-08T15:29:13","modified_gmt":"2026-04-08T15:29:13","slug":"paul-mitchell-awapuhi-wild-ginger-styling-treatment-oil-100ml","status":"publish","type":"product","link":"https:\/\/stylingagenten.com\/fi\/tuote\/paul-mitchell-awapuhi-wild-ginger-styling-treatment-oil-100ml\/","title":{"rendered":"Paul Mitchell Awapuhi Wild Ginger Styling Treatment Oil 100ml"},"content":{"rendered":"<p>Anna hiuksillesi t\u00e4ydellinen valmistelu mihin tahansa muotoiluun Paul Mitchell Awapuhi Wild Ginger Styling Treatment Oil -\u00f6ljyll\u00e4. T\u00e4m\u00e4 kuiva \u00f6ljy imeytyy nopeasti ja helposti, antaen hiuksillesi pehme\u00e4n, silkkisen rakenteen, joka on valmis kaikkiin muotoiluhaasteisiin.<\/p>\n<p>Havaijilta k\u00e4sin ker\u00e4tty\u00e4 awapuhi-uutetta ja kevyit\u00e4 silikoneja sis\u00e4lt\u00e4v\u00e4 hoitoaine sulkee hiukset ja tasoittaa p\u00f6rr\u00f6isyytt\u00e4 antaen sile\u00e4n ja kiilt\u00e4v\u00e4n lopputuloksen. Se on t\u00e4ydellinen ratkaisu kuiville, v\u00e4rik\u00e4sitellyille, vaalennetuille tai vaurioituneille hiuksille, jotka tarvitsevat lis\u00e4kosteutusta ja hoitoa.<\/p>\n<p>100 ml<\/p>\n","protected":false},"excerpt":{"rendered":"<p>Anna hiuksillesi t\u00e4ydellinen valmistelu mihin tahansa muotoiluun Paul Mitchell Awapuhi Wild Ginger Styling Treatment Oil -\u00f6ljyll\u00e4. T\u00e4m\u00e4 kuiva \u00f6ljy imeytyy nopeasti ja helposti, antaen hiuksillesi pehme\u00e4n, silkkisen rakenteen, joka on valmis kaikkiin muotoiluhaasteisiin. Havaijilta k\u00e4sin ker\u00e4tty\u00e4 awapuhi-uutetta ja kevyit\u00e4 silikoneja sis\u00e4lt\u00e4v\u00e4 hoitoaine sulkee hiukset ja tasoittaa p\u00f6rr\u00f6isyytt\u00e4 antaen sile\u00e4n ja kiilt\u00e4v\u00e4n lopputuloksen. Se on t\u00e4ydellinen [&hellip;]<\/p>\n","protected":false},"featured_media":125911,"comment_status":"open","ping_status":"closed","template":"","meta":{"_trash_the_other_posts":false},"product_brand":[],"product_cat":[610],"product_tag":[],"berocket_brand":[1053],"class_list":{"0":"post-125925","1":"product","2":"type-product","3":"status-publish","4":"has-post-thumbnail","6":"product_cat-hiusoljy","7":"pa_brand-paul-mitchell","8":"berocket_brand-paul-mitchell","10":"first","11":"instock","12":"sale","13":"taxable","14":"shipping-taxable","15":"purchasable","16":"product-type-simple"},"_links":{"self":[{"href":"https:\/\/stylingagenten.com\/fi\/wp-json\/wp\/v2\/product\/125925","targetHints":{"allow":["GET"]}}],"collection":[{"href":"https:\/\/stylingagenten.com\/fi\/wp-json\/wp\/v2\/product"}],"about":[{"href":"https:\/\/stylingagenten.com\/fi\/wp-json\/wp\/v2\/types\/product"}],"replies":[{"embeddable":true,"href":"https:\/\/stylingagenten.com\/fi\/wp-json\/wp\/v2\/comments?post=125925"}],"version-history":[{"count":0,"href":"https:\/\/stylingagenten.com\/fi\/wp-json\/wp\/v2\/product\/125925\/revisions"}],"wp:featuredmedia":[{"embeddable":true,"href":"https:\/\/stylingagenten.com\/fi\/wp-json\/wp\/v2\/media\/125911"}],"wp:attachment":[{"href":"https:\/\/stylingagenten.com\/fi\/wp-json\/wp\/v2\/media?parent=125925"}],"wp:term":[{"taxonomy":"product_brand","embeddable":true,"href":"https:\/\/stylingagenten.com\/fi\/wp-json\/wp\/v2\/product_brand?post=125925"},{"taxonomy":"product_cat","embeddable":true,"href":"https:\/\/stylingagenten.com\/fi\/wp-json\/wp\/v2\/product_cat?post=125925"},{"taxonomy":"product_tag","embeddable":true,"href":"https:\/\/stylingagenten.com\/fi\/wp-json\/wp\/v2\/product_tag?post=125925"},{"taxonomy":"berocket_brand","embeddable":true,"href":"https:\/\/stylingagenten.com\/fi\/wp-json\/wp\/v2\/berocket_brand?post=125925"}],"curies":[{"name":"wp","href":"https:\/\/api.w.org\/{rel}","templated":true}]}}