{"id":125902,"date":"2025-05-18T22:04:06","date_gmt":"2025-05-18T22:04:06","guid":{"rendered":"https:\/\/staging2.stylingagenten.com\/fi\/produkt\/goldwell-stylesign-smooth-weightless-shine-oil-100ml\/"},"modified":"2026-04-06T14:48:43","modified_gmt":"2026-04-06T14:48:43","slug":"goldwell-stylesign-smooth-weightless-shine-oil-100ml","status":"publish","type":"product","link":"https:\/\/stylingagenten.com\/fi\/tuote\/goldwell-stylesign-smooth-weightless-shine-oil-100ml\/","title":{"rendered":"Goldwell StyleSign Smooth Weightless Shine-Oil 100ml"},"content":{"rendered":"<p>Goldwell StyleSign Weightless Shine-Oil antaa runsaasti kiiltoa ja hallintaa sek\u00e4 est\u00e4\u00e4 p\u00f6rr\u00f6isyytt\u00e4 jopa 72 tunnin ajan, hiustyypist\u00e4 riippumatta. Se lukitsee kosteuden ilman, ett\u00e4 hiukset tuntuvat raskailta. Hiustenv\u00e4ri saa jopa nelj\u00e4 kertaa enemm\u00e4n kiiltoa.<\/p>\n<p>Pito 0\/5, kiilto 3\/3.<\/p>\n<p>100ml<\/p>\n","protected":false},"excerpt":{"rendered":"<p>Goldwell StyleSign Weightless Shine-Oil antaa runsaasti kiiltoa ja hallintaa sek\u00e4 est\u00e4\u00e4 p\u00f6rr\u00f6isyytt\u00e4 jopa 72 tunnin ajan, hiustyypist\u00e4 riippumatta. Se lukitsee kosteuden ilman, ett\u00e4 hiukset tuntuvat raskailta. Hiustenv\u00e4ri saa jopa nelj\u00e4 kertaa enemm\u00e4n kiiltoa. Pito 0\/5, kiilto 3\/3. 100ml<\/p>\n","protected":false},"featured_media":125900,"comment_status":"open","ping_status":"closed","template":"","meta":{"_trash_the_other_posts":false},"product_brand":[],"product_cat":[610],"product_tag":[],"berocket_brand":[1328],"class_list":{"0":"post-125902","1":"product","2":"type-product","3":"status-publish","4":"has-post-thumbnail","6":"product_cat-hiusoljy","7":"pa_brand-goldwell","8":"berocket_brand-goldwell","10":"first","11":"instock","12":"sale","13":"taxable","14":"shipping-taxable","15":"purchasable","16":"product-type-simple"},"_links":{"self":[{"href":"https:\/\/stylingagenten.com\/fi\/wp-json\/wp\/v2\/product\/125902","targetHints":{"allow":["GET"]}}],"collection":[{"href":"https:\/\/stylingagenten.com\/fi\/wp-json\/wp\/v2\/product"}],"about":[{"href":"https:\/\/stylingagenten.com\/fi\/wp-json\/wp\/v2\/types\/product"}],"replies":[{"embeddable":true,"href":"https:\/\/stylingagenten.com\/fi\/wp-json\/wp\/v2\/comments?post=125902"}],"version-history":[{"count":0,"href":"https:\/\/stylingagenten.com\/fi\/wp-json\/wp\/v2\/product\/125902\/revisions"}],"wp:featuredmedia":[{"embeddable":true,"href":"https:\/\/stylingagenten.com\/fi\/wp-json\/wp\/v2\/media\/125900"}],"wp:attachment":[{"href":"https:\/\/stylingagenten.com\/fi\/wp-json\/wp\/v2\/media?parent=125902"}],"wp:term":[{"taxonomy":"product_brand","embeddable":true,"href":"https:\/\/stylingagenten.com\/fi\/wp-json\/wp\/v2\/product_brand?post=125902"},{"taxonomy":"product_cat","embeddable":true,"href":"https:\/\/stylingagenten.com\/fi\/wp-json\/wp\/v2\/product_cat?post=125902"},{"taxonomy":"product_tag","embeddable":true,"href":"https:\/\/stylingagenten.com\/fi\/wp-json\/wp\/v2\/product_tag?post=125902"},{"taxonomy":"berocket_brand","embeddable":true,"href":"https:\/\/stylingagenten.com\/fi\/wp-json\/wp\/v2\/berocket_brand?post=125902"}],"curies":[{"name":"wp","href":"https:\/\/api.w.org\/{rel}","templated":true}]}}