{"id":125890,"date":"2025-05-18T22:04:04","date_gmt":"2025-05-18T22:04:04","guid":{"rendered":"https:\/\/staging2.stylingagenten.com\/fi\/produkt\/wella-professionals-oil-reflections-luminous-smoothening-oil-100ml\/"},"modified":"2026-03-11T21:49:44","modified_gmt":"2026-03-11T21:49:44","slug":"wella-professionals-oil-reflections-luminous-smoothening-oil-100ml","status":"publish","type":"product","link":"https:\/\/stylingagenten.com\/fi\/tuote\/wella-professionals-oil-reflections-luminous-smoothening-oil-100ml\/","title":{"rendered":"Wella Professionals Oil Reflections Luminous Smoothening Oil 100ml"},"content":{"rendered":"<p>Wella Professionals Oil Reflections Luminous Smoothing Oil on hius\u00f6ljy, joka sopii kaikille hiustyypeille. T\u00e4m\u00e4 monipuolinen viimeistely\u00f6ljy on rikastettu makadamianp\u00e4hkin\u00e4n ja avokado\u00f6ljyn ravitsevilla ominaisuuksilla, mik\u00e4 saa hiukset olemaan ei vain kiilt\u00e4v\u00e4t ja vastustamattoman pehme\u00e4t, vaan my\u00f6s syv\u00e4sti hoidetut. Oil Reflections on eksklusiivinen \u00f6ljykokoelmamme kiilt\u00e4v\u00e4lle hiukselle. Rutiinisi kuivan ja elottoman hiuksen silottamiseen.<\/p>\n<p>100ml<\/p>\n","protected":false},"excerpt":{"rendered":"<p>Wella Professionals Oil Reflections Luminous Smoothing Oil on hius\u00f6ljy, joka sopii kaikille hiustyypeille. T\u00e4m\u00e4 monipuolinen viimeistely\u00f6ljy on rikastettu makadamianp\u00e4hkin\u00e4n ja avokado\u00f6ljyn ravitsevilla ominaisuuksilla, mik\u00e4 saa hiukset olemaan ei vain kiilt\u00e4v\u00e4t ja vastustamattoman pehme\u00e4t, vaan my\u00f6s syv\u00e4sti hoidetut. Oil Reflections on eksklusiivinen \u00f6ljykokoelmamme kiilt\u00e4v\u00e4lle hiukselle. Rutiinisi kuivan ja elottoman hiuksen silottamiseen. 100ml<\/p>\n","protected":false},"featured_media":125863,"comment_status":"open","ping_status":"closed","template":"","meta":{"_trash_the_other_posts":false},"product_brand":[],"product_cat":[610],"product_tag":[],"berocket_brand":[1030],"class_list":{"0":"post-125890","1":"product","2":"type-product","3":"status-publish","4":"has-post-thumbnail","6":"product_cat-hiusoljy","7":"pa_brand-wella","8":"berocket_brand-wella","10":"first","11":"instock","12":"sale","13":"taxable","14":"shipping-taxable","15":"purchasable","16":"product-type-simple"},"_links":{"self":[{"href":"https:\/\/stylingagenten.com\/fi\/wp-json\/wp\/v2\/product\/125890","targetHints":{"allow":["GET"]}}],"collection":[{"href":"https:\/\/stylingagenten.com\/fi\/wp-json\/wp\/v2\/product"}],"about":[{"href":"https:\/\/stylingagenten.com\/fi\/wp-json\/wp\/v2\/types\/product"}],"replies":[{"embeddable":true,"href":"https:\/\/stylingagenten.com\/fi\/wp-json\/wp\/v2\/comments?post=125890"}],"version-history":[{"count":0,"href":"https:\/\/stylingagenten.com\/fi\/wp-json\/wp\/v2\/product\/125890\/revisions"}],"wp:featuredmedia":[{"embeddable":true,"href":"https:\/\/stylingagenten.com\/fi\/wp-json\/wp\/v2\/media\/125863"}],"wp:attachment":[{"href":"https:\/\/stylingagenten.com\/fi\/wp-json\/wp\/v2\/media?parent=125890"}],"wp:term":[{"taxonomy":"product_brand","embeddable":true,"href":"https:\/\/stylingagenten.com\/fi\/wp-json\/wp\/v2\/product_brand?post=125890"},{"taxonomy":"product_cat","embeddable":true,"href":"https:\/\/stylingagenten.com\/fi\/wp-json\/wp\/v2\/product_cat?post=125890"},{"taxonomy":"product_tag","embeddable":true,"href":"https:\/\/stylingagenten.com\/fi\/wp-json\/wp\/v2\/product_tag?post=125890"},{"taxonomy":"berocket_brand","embeddable":true,"href":"https:\/\/stylingagenten.com\/fi\/wp-json\/wp\/v2\/berocket_brand?post=125890"}],"curies":[{"name":"wp","href":"https:\/\/api.w.org\/{rel}","templated":true}]}}