{"id":125875,"date":"2025-05-18T22:04:02","date_gmt":"2025-05-18T22:04:02","guid":{"rendered":"https:\/\/staging2.stylingagenten.com\/fi\/produkt\/wella-eimi-natural-volume-light-hold-volumising-mousse-300ml\/"},"modified":"2026-03-25T20:48:38","modified_gmt":"2026-03-25T20:48:38","slug":"wella-eimi-natural-volume-light-hold-volumising-mousse-300ml","status":"publish","type":"product","link":"https:\/\/stylingagenten.com\/fi\/tuote\/wella-eimi-natural-volume-light-hold-volumising-mousse-300ml\/","title":{"rendered":"Wella EIMI Natural Volume Light Hold Volumising Mousse 300ml"},"content":{"rendered":"<p><span style='font-size:15px;font-family:\"Calibri\",sans-serif'>Lis\u00e4\u00e4 hiuksiin luonnollista volyymia Wella Professionals EIMI Natural Volumen avulla. <\/p>\n<p>T\u00e4m\u00e4 volyymia lis\u00e4\u00e4v\u00e4 vaahto kevyell\u00e4 pitolla sis\u00e4lt\u00e4\u00e4 l\u00e4mp\u00f6suojaa, joka suojaa hiuksia kuivumiselta ja kuumuudelta k\u00e4sittelyn aikana. EIMI Natural Volume ammattimainen muotoiluvaahto antaa pehme\u00e4n ja hienostuneen pidon hiuksille. ett\u00e4 voit luoda haluamasi kampauksen. Uuden koostumuksen parannetun koostumuksen ansiosta Wellan vaahtoa on entist\u00e4 helpompi k\u00e4ytt\u00e4\u00e4 luoviin kampauksiin. <\/p>\n<p>Ravista hyvin ennen k\u00e4ytt\u00f6\u00e4. Levit\u00e4 EIMI Natural Volume -vaahtoa tasaisesti kosteisiin hiuksiin juurista latviin. F&ouml;na.<br \/><\/span><\/p>\n<p><span style='font-size:15px;font-family:\"Calibri\",sans-serif'><br \/><\/span> <\/p>\n","protected":false},"excerpt":{"rendered":"<p>Lis\u00e4\u00e4 hiuksiin luonnollista volyymia Wella Professionals EIMI Natural Volumen avulla. T\u00e4m\u00e4 volyymia lis\u00e4\u00e4v\u00e4 vaahto kevyell\u00e4 pitolla sis\u00e4lt\u00e4\u00e4 l\u00e4mp\u00f6suojaa, joka suojaa hiuksia kuivumiselta ja kuumuudelta k\u00e4sittelyn aikana. EIMI Natural Volume ammattimainen muotoiluvaahto antaa pehme\u00e4n ja hienostuneen pidon hiuksille. ett\u00e4 voit luoda haluamasi kampauksen. Uuden koostumuksen parannetun koostumuksen ansiosta Wellan vaahtoa on entist\u00e4 helpompi k\u00e4ytt\u00e4\u00e4 luoviin kampauksiin. [&hellip;]<\/p>\n","protected":false},"featured_media":125870,"comment_status":"open","ping_status":"closed","template":"","meta":{"_trash_the_other_posts":false},"product_brand":[],"product_cat":[595],"product_tag":[4066],"berocket_brand":[1030],"class_list":{"0":"post-125875","1":"product","2":"type-product","3":"status-publish","4":"has-post-thumbnail","6":"product_cat-harmousse","7":"product_tag-wella-eimi-natural-volume-light-hold-volumising-mousse","8":"pa_brand-wella","9":"pa_variantti-300ml","10":"berocket_brand-wella","12":"first","13":"outofstock","14":"sale","15":"taxable","16":"shipping-taxable","17":"purchasable","18":"product-type-simple"},"_links":{"self":[{"href":"https:\/\/stylingagenten.com\/fi\/wp-json\/wp\/v2\/product\/125875","targetHints":{"allow":["GET"]}}],"collection":[{"href":"https:\/\/stylingagenten.com\/fi\/wp-json\/wp\/v2\/product"}],"about":[{"href":"https:\/\/stylingagenten.com\/fi\/wp-json\/wp\/v2\/types\/product"}],"replies":[{"embeddable":true,"href":"https:\/\/stylingagenten.com\/fi\/wp-json\/wp\/v2\/comments?post=125875"}],"version-history":[{"count":0,"href":"https:\/\/stylingagenten.com\/fi\/wp-json\/wp\/v2\/product\/125875\/revisions"}],"wp:featuredmedia":[{"embeddable":true,"href":"https:\/\/stylingagenten.com\/fi\/wp-json\/wp\/v2\/media\/125870"}],"wp:attachment":[{"href":"https:\/\/stylingagenten.com\/fi\/wp-json\/wp\/v2\/media?parent=125875"}],"wp:term":[{"taxonomy":"product_brand","embeddable":true,"href":"https:\/\/stylingagenten.com\/fi\/wp-json\/wp\/v2\/product_brand?post=125875"},{"taxonomy":"product_cat","embeddable":true,"href":"https:\/\/stylingagenten.com\/fi\/wp-json\/wp\/v2\/product_cat?post=125875"},{"taxonomy":"product_tag","embeddable":true,"href":"https:\/\/stylingagenten.com\/fi\/wp-json\/wp\/v2\/product_tag?post=125875"},{"taxonomy":"berocket_brand","embeddable":true,"href":"https:\/\/stylingagenten.com\/fi\/wp-json\/wp\/v2\/berocket_brand?post=125875"}],"curies":[{"name":"wp","href":"https:\/\/api.w.org\/{rel}","templated":true}]}}