{"id":125871,"date":"2025-05-18T22:04:02","date_gmt":"2025-05-18T22:04:02","guid":{"rendered":"https:\/\/staging2.stylingagenten.com\/fi\/produkt\/ref-shine-elixir-80ml\/"},"modified":"2026-04-06T09:20:32","modified_gmt":"2026-04-06T09:20:32","slug":"ref-shine-elixir-80ml","status":"publish","type":"product","link":"https:\/\/stylingagenten.com\/fi\/tuote\/ref-shine-elixir-80ml\/","title":{"rendered":"REF Shine Elixir 80ml"},"content":{"rendered":"<p>REF Shine Elixir on kiiltoa antava hius\u00f6ljy, joka kosteuttaa ja vahvistaa hiuksia. Hoitavien \u00f6ljyjen ja proteiinien sekoitus, joka vahvistaa hiuksia ja tekee niist\u00e4 t\u00e4ytel\u00e4iset, pehme\u00e4t ja kiilt\u00e4v\u00e4t. Sis\u00e4lt\u00e4\u00e4 luonnollista UV-suojaa.<\/p>\n<p>80ml<\/p>\n","protected":false},"excerpt":{"rendered":"<p>REF Shine Elixir on kiiltoa antava hius\u00f6ljy, joka kosteuttaa ja vahvistaa hiuksia. Hoitavien \u00f6ljyjen ja proteiinien sekoitus, joka vahvistaa hiuksia ja tekee niist\u00e4 t\u00e4ytel\u00e4iset, pehme\u00e4t ja kiilt\u00e4v\u00e4t. Sis\u00e4lt\u00e4\u00e4 luonnollista UV-suojaa. 80ml<\/p>\n","protected":false},"featured_media":125869,"comment_status":"open","ping_status":"closed","template":"","meta":{"_trash_the_other_posts":false},"product_brand":[],"product_cat":[610],"product_tag":[],"berocket_brand":[1209],"class_list":{"0":"post-125871","1":"product","2":"type-product","3":"status-publish","4":"has-post-thumbnail","6":"product_cat-hiusoljy","7":"pa_brand-ref","8":"berocket_brand-ref","10":"first","11":"instock","12":"sale","13":"taxable","14":"shipping-taxable","15":"purchasable","16":"product-type-simple"},"_links":{"self":[{"href":"https:\/\/stylingagenten.com\/fi\/wp-json\/wp\/v2\/product\/125871","targetHints":{"allow":["GET"]}}],"collection":[{"href":"https:\/\/stylingagenten.com\/fi\/wp-json\/wp\/v2\/product"}],"about":[{"href":"https:\/\/stylingagenten.com\/fi\/wp-json\/wp\/v2\/types\/product"}],"replies":[{"embeddable":true,"href":"https:\/\/stylingagenten.com\/fi\/wp-json\/wp\/v2\/comments?post=125871"}],"version-history":[{"count":0,"href":"https:\/\/stylingagenten.com\/fi\/wp-json\/wp\/v2\/product\/125871\/revisions"}],"wp:featuredmedia":[{"embeddable":true,"href":"https:\/\/stylingagenten.com\/fi\/wp-json\/wp\/v2\/media\/125869"}],"wp:attachment":[{"href":"https:\/\/stylingagenten.com\/fi\/wp-json\/wp\/v2\/media?parent=125871"}],"wp:term":[{"taxonomy":"product_brand","embeddable":true,"href":"https:\/\/stylingagenten.com\/fi\/wp-json\/wp\/v2\/product_brand?post=125871"},{"taxonomy":"product_cat","embeddable":true,"href":"https:\/\/stylingagenten.com\/fi\/wp-json\/wp\/v2\/product_cat?post=125871"},{"taxonomy":"product_tag","embeddable":true,"href":"https:\/\/stylingagenten.com\/fi\/wp-json\/wp\/v2\/product_tag?post=125871"},{"taxonomy":"berocket_brand","embeddable":true,"href":"https:\/\/stylingagenten.com\/fi\/wp-json\/wp\/v2\/berocket_brand?post=125871"}],"curies":[{"name":"wp","href":"https:\/\/api.w.org\/{rel}","templated":true}]}}