{"id":125857,"date":"2025-05-18T22:04:00","date_gmt":"2025-05-18T22:04:00","guid":{"rendered":"https:\/\/staging2.stylingagenten.com\/fi\/produkt\/color-wow-brass-banned-correct-perfect-mousse-dark-200ml\/"},"modified":"2026-03-11T21:52:53","modified_gmt":"2026-03-11T21:52:53","slug":"color-wow-brass-banned-correct-perfect-mousse-dark-200ml","status":"publish","type":"product","link":"https:\/\/stylingagenten.com\/fi\/tuote\/color-wow-brass-banned-correct-perfect-mousse-dark-200ml\/","title":{"rendered":"Color Wow Brass Banned Correct &amp; Perfect Mousse &#8211; Dark 200ml"},"content":{"rendered":"<p style='font-family: \"Calibri\", sans-serif'>T\u00e4m\u00e4 \u00e4lyk\u00e4s mousse on hieman mintunv\u00e4rinen keltaisten tai marmoroitujen s\u00e4vyjen poistamiseksi. Ajan my\u00f6t\u00e4 ruskeat v\u00e4rit voivat hapettua ja j\u00e4tt\u00e4\u00e4 j\u00e4lkeens\u00e4 punaisia \u200b\u200btai oransseja s\u00e4vyj\u00e4. T\u00e4m\u00e4 v\u00e4ri\u00e4 korjaava mousse auttaa poistamaan ei-toivotut keltaiset tai messinkim\u00e4iset s\u00e4vyt. Brass Banned Mousse tummille hiuksille on mintunv\u00e4rinen mousse, joka est\u00e4\u00e4 tummien s\u00e4vyjen haalistumista. Mousse palauttaa ruskeat s\u00e4vyt alkuper\u00e4iseen tilaan. T\u00e4m\u00e4 erityisesti suunniteltu v\u00e4rik\u00e4sitelty vaahto on kaukana tavallisista j\u00e4ykist\u00e4, tahmeista ja rapeista vanhanaikaisista vaahdoista, joita olet kohdannut aiemmin. T\u00e4ss\u00e4 vaahdossa k\u00e4ytet\u00e4\u00e4n hartsia (puista saatua luonnonkumia muistuttavaa ainetta) hartsin (j\u00e4ykk\u00e4, akryylipolymeeri) sijaan, jotta hiuksista tulee pehme\u00e4t ja joustava rakenne. Ainutlaatuinen alkoholiton mousse tekee muotoilusta helpompaa ja antaa hiuksillesi t\u00e4ydellisen &#8221;v\u00e4ri wow&#8221; -tekij\u00e4n.<\/p>\n<p style='margin: 0cm 0cm 8pt;font-family: \"Calibri\", sans-serif'>K\u00e4ytt\u00f6: Ravista pulloa hyvin. Pid\u00e4 pulloa yl\u00f6salaisin ja levit\u00e4 sit\u00e4 k\u00e4teen. Levit\u00e4 tasaisesti pyyhekuiviin hiuksiin. Tyyli kuten tavallisesti.<\/p>\n","protected":false},"excerpt":{"rendered":"<p>T\u00e4m\u00e4 \u00e4lyk\u00e4s mousse on hieman mintunv\u00e4rinen keltaisten tai marmoroitujen s\u00e4vyjen poistamiseksi. Ajan my\u00f6t\u00e4 ruskeat v\u00e4rit voivat hapettua ja j\u00e4tt\u00e4\u00e4 j\u00e4lkeens\u00e4 punaisia \u200b\u200btai oransseja s\u00e4vyj\u00e4. T\u00e4m\u00e4 v\u00e4ri\u00e4 korjaava mousse auttaa poistamaan ei-toivotut keltaiset tai messinkim\u00e4iset s\u00e4vyt. Brass Banned Mousse tummille hiuksille on mintunv\u00e4rinen mousse, joka est\u00e4\u00e4 tummien s\u00e4vyjen haalistumista. Mousse palauttaa ruskeat s\u00e4vyt alkuper\u00e4iseen tilaan. T\u00e4m\u00e4 [&hellip;]<\/p>\n","protected":false},"featured_media":125848,"comment_status":"open","ping_status":"closed","template":"","meta":{"_trash_the_other_posts":false},"product_brand":[],"product_cat":[595],"product_tag":[],"berocket_brand":[1129],"class_list":{"0":"post-125857","1":"product","2":"type-product","3":"status-publish","4":"has-post-thumbnail","6":"product_cat-harmousse","7":"pa_brand-color-wow","8":"berocket_brand-color-wow","10":"first","11":"instock","12":"sale","13":"taxable","14":"shipping-taxable","15":"purchasable","16":"product-type-simple"},"_links":{"self":[{"href":"https:\/\/stylingagenten.com\/fi\/wp-json\/wp\/v2\/product\/125857","targetHints":{"allow":["GET"]}}],"collection":[{"href":"https:\/\/stylingagenten.com\/fi\/wp-json\/wp\/v2\/product"}],"about":[{"href":"https:\/\/stylingagenten.com\/fi\/wp-json\/wp\/v2\/types\/product"}],"replies":[{"embeddable":true,"href":"https:\/\/stylingagenten.com\/fi\/wp-json\/wp\/v2\/comments?post=125857"}],"version-history":[{"count":0,"href":"https:\/\/stylingagenten.com\/fi\/wp-json\/wp\/v2\/product\/125857\/revisions"}],"wp:featuredmedia":[{"embeddable":true,"href":"https:\/\/stylingagenten.com\/fi\/wp-json\/wp\/v2\/media\/125848"}],"wp:attachment":[{"href":"https:\/\/stylingagenten.com\/fi\/wp-json\/wp\/v2\/media?parent=125857"}],"wp:term":[{"taxonomy":"product_brand","embeddable":true,"href":"https:\/\/stylingagenten.com\/fi\/wp-json\/wp\/v2\/product_brand?post=125857"},{"taxonomy":"product_cat","embeddable":true,"href":"https:\/\/stylingagenten.com\/fi\/wp-json\/wp\/v2\/product_cat?post=125857"},{"taxonomy":"product_tag","embeddable":true,"href":"https:\/\/stylingagenten.com\/fi\/wp-json\/wp\/v2\/product_tag?post=125857"},{"taxonomy":"berocket_brand","embeddable":true,"href":"https:\/\/stylingagenten.com\/fi\/wp-json\/wp\/v2\/berocket_brand?post=125857"}],"curies":[{"name":"wp","href":"https:\/\/api.w.org\/{rel}","templated":true}]}}