{"id":125832,"date":"2025-05-18T22:03:56","date_gmt":"2025-05-18T22:03:56","guid":{"rendered":"https:\/\/staging2.stylingagenten.com\/fi\/produkt\/sebastian-professional-mousse-forte-200ml\/"},"modified":"2026-03-18T17:37:25","modified_gmt":"2026-03-18T17:37:25","slug":"sebastian-professional-mousse-forte-200ml","status":"publish","type":"product","link":"https:\/\/stylingagenten.com\/fi\/tuote\/sebastian-professional-mousse-forte-200ml\/","title":{"rendered":"Sebastian Professional Mousse Forte 200ml"},"content":{"rendered":"<p>M\u00e4\u00e4rittele ja suojaa hiusten kiharoita ja aaltoja Sebastian Professional Mousse Forten avulla. Antaa hiuksille l\u00e4mp\u00f6\u00e4 kest\u00e4v\u00e4n t\u00e4yteyden ja vahvuuden. T\u00e4m\u00e4 ammattimainen hiusvaahto antaa vahvan pidon ja volyymia kiharoille hiuksille. Mousse Forten p\u00f6rr\u00f6isyytt\u00e4 ehk\u00e4isev\u00e4 vaikutus auttaa vahvistamaan ja hallitsemaan aaltoja ja kiharoita ja suojaa samalla l\u00e4mp\u00f6vaurioilta.<\/p>\n","protected":false},"excerpt":{"rendered":"<p>M\u00e4\u00e4rittele ja suojaa hiusten kiharoita ja aaltoja Sebastian Professional Mousse Forten avulla. Antaa hiuksille l\u00e4mp\u00f6\u00e4 kest\u00e4v\u00e4n t\u00e4yteyden ja vahvuuden. T\u00e4m\u00e4 ammattimainen hiusvaahto antaa vahvan pidon ja volyymia kiharoille hiuksille. Mousse Forten p\u00f6rr\u00f6isyytt\u00e4 ehk\u00e4isev\u00e4 vaikutus auttaa vahvistamaan ja hallitsemaan aaltoja ja kiharoita ja suojaa samalla l\u00e4mp\u00f6vaurioilta.<\/p>\n","protected":false},"featured_media":125829,"comment_status":"open","ping_status":"closed","template":"","meta":{"_trash_the_other_posts":false},"product_brand":[],"product_cat":[595,1003],"product_tag":[],"berocket_brand":[1194],"class_list":{"0":"post-125832","1":"product","2":"type-product","3":"status-publish","4":"has-post-thumbnail","6":"product_cat-harmousse","7":"product_cat-myydyimmat","8":"pa_brand-sebastian","9":"berocket_brand-sebastian","11":"first","12":"outofstock","13":"sale","14":"taxable","15":"shipping-taxable","16":"purchasable","17":"product-type-simple"},"_links":{"self":[{"href":"https:\/\/stylingagenten.com\/fi\/wp-json\/wp\/v2\/product\/125832","targetHints":{"allow":["GET"]}}],"collection":[{"href":"https:\/\/stylingagenten.com\/fi\/wp-json\/wp\/v2\/product"}],"about":[{"href":"https:\/\/stylingagenten.com\/fi\/wp-json\/wp\/v2\/types\/product"}],"replies":[{"embeddable":true,"href":"https:\/\/stylingagenten.com\/fi\/wp-json\/wp\/v2\/comments?post=125832"}],"version-history":[{"count":0,"href":"https:\/\/stylingagenten.com\/fi\/wp-json\/wp\/v2\/product\/125832\/revisions"}],"wp:featuredmedia":[{"embeddable":true,"href":"https:\/\/stylingagenten.com\/fi\/wp-json\/wp\/v2\/media\/125829"}],"wp:attachment":[{"href":"https:\/\/stylingagenten.com\/fi\/wp-json\/wp\/v2\/media?parent=125832"}],"wp:term":[{"taxonomy":"product_brand","embeddable":true,"href":"https:\/\/stylingagenten.com\/fi\/wp-json\/wp\/v2\/product_brand?post=125832"},{"taxonomy":"product_cat","embeddable":true,"href":"https:\/\/stylingagenten.com\/fi\/wp-json\/wp\/v2\/product_cat?post=125832"},{"taxonomy":"product_tag","embeddable":true,"href":"https:\/\/stylingagenten.com\/fi\/wp-json\/wp\/v2\/product_tag?post=125832"},{"taxonomy":"berocket_brand","embeddable":true,"href":"https:\/\/stylingagenten.com\/fi\/wp-json\/wp\/v2\/berocket_brand?post=125832"}],"curies":[{"name":"wp","href":"https:\/\/api.w.org\/{rel}","templated":true}]}}