{"id":125825,"date":"2025-05-18T22:03:55","date_gmt":"2025-05-18T22:03:55","guid":{"rendered":"https:\/\/staging2.stylingagenten.com\/fi\/produkt\/loreal-tecni-art-full-volume-extra-mousse-250ml\/"},"modified":"2026-04-05T17:28:27","modified_gmt":"2026-04-05T17:28:27","slug":"loreal-tecni-art-full-volume-extra-mousse-250ml","status":"publish","type":"product","link":"https:\/\/stylingagenten.com\/fi\/tuote\/loreal-tecni-art-full-volume-extra-mousse-250ml\/","title":{"rendered":"L&#8217;Oreal Tecni.Art Full Volume Extra Mousse 250ml"},"content":{"rendered":"<p>L&#8217;Or\u00e9al Tecni.Art Full Volume Extra Hair Mousse 250ml L&#8217;Or\u00e9al Tecniart Full Volume Extra Mousse (force 5) on volyymivaahto, jolla on eritt\u00e4in vahva pito niille, jotka tarvitsevat suurta volyymia. Kermainen ja kevyt koostumus, joka on helppo levitt\u00e4\u00e4 hiuksiin. Antaa t\u00e4ytel\u00e4isyytt\u00e4 ja pehmeytt\u00e4 kaikille pituuksille ja kiilt\u00e4v\u00e4 lopputulos. Sis\u00e4lt\u00e4\u00e4 UV-suodattimia, jotka suojaavat hiuksia.<\/p>\n","protected":false},"excerpt":{"rendered":"<p>L&#8217;Or\u00e9al Tecni.Art Full Volume Extra Hair Mousse 250ml L&#8217;Or\u00e9al Tecniart Full Volume Extra Mousse (force 5) on volyymivaahto, jolla on eritt\u00e4in vahva pito niille, jotka tarvitsevat suurta volyymia. Kermainen ja kevyt koostumus, joka on helppo levitt\u00e4\u00e4 hiuksiin. Antaa t\u00e4ytel\u00e4isyytt\u00e4 ja pehmeytt\u00e4 kaikille pituuksille ja kiilt\u00e4v\u00e4 lopputulos. Sis\u00e4lt\u00e4\u00e4 UV-suodattimia, jotka suojaavat hiuksia.<\/p>\n","protected":false},"featured_media":125822,"comment_status":"open","ping_status":"closed","template":"","meta":{"_trash_the_other_posts":false},"product_brand":[],"product_cat":[595],"product_tag":[],"berocket_brand":[2000],"class_list":{"0":"post-125825","1":"product","2":"type-product","3":"status-publish","4":"has-post-thumbnail","6":"product_cat-harmousse","7":"pa_brand-loreal-paris-2","8":"berocket_brand-loreal-paris","10":"first","11":"instock","12":"sale","13":"taxable","14":"shipping-taxable","15":"purchasable","16":"product-type-simple"},"_links":{"self":[{"href":"https:\/\/stylingagenten.com\/fi\/wp-json\/wp\/v2\/product\/125825","targetHints":{"allow":["GET"]}}],"collection":[{"href":"https:\/\/stylingagenten.com\/fi\/wp-json\/wp\/v2\/product"}],"about":[{"href":"https:\/\/stylingagenten.com\/fi\/wp-json\/wp\/v2\/types\/product"}],"replies":[{"embeddable":true,"href":"https:\/\/stylingagenten.com\/fi\/wp-json\/wp\/v2\/comments?post=125825"}],"version-history":[{"count":0,"href":"https:\/\/stylingagenten.com\/fi\/wp-json\/wp\/v2\/product\/125825\/revisions"}],"wp:featuredmedia":[{"embeddable":true,"href":"https:\/\/stylingagenten.com\/fi\/wp-json\/wp\/v2\/media\/125822"}],"wp:attachment":[{"href":"https:\/\/stylingagenten.com\/fi\/wp-json\/wp\/v2\/media?parent=125825"}],"wp:term":[{"taxonomy":"product_brand","embeddable":true,"href":"https:\/\/stylingagenten.com\/fi\/wp-json\/wp\/v2\/product_brand?post=125825"},{"taxonomy":"product_cat","embeddable":true,"href":"https:\/\/stylingagenten.com\/fi\/wp-json\/wp\/v2\/product_cat?post=125825"},{"taxonomy":"product_tag","embeddable":true,"href":"https:\/\/stylingagenten.com\/fi\/wp-json\/wp\/v2\/product_tag?post=125825"},{"taxonomy":"berocket_brand","embeddable":true,"href":"https:\/\/stylingagenten.com\/fi\/wp-json\/wp\/v2\/berocket_brand?post=125825"}],"curies":[{"name":"wp","href":"https:\/\/api.w.org\/{rel}","templated":true}]}}