{"id":125799,"date":"2025-05-18T22:03:50","date_gmt":"2025-05-18T22:03:50","guid":{"rendered":"https:\/\/staging2.stylingagenten.com\/fi\/produkt\/revlon-style-masters-styling-mousse-modular-2-300-ml\/"},"modified":"2026-04-09T17:28:40","modified_gmt":"2026-04-09T17:28:40","slug":"revlon-style-masters-styling-mousse-modular-2-300-ml","status":"publish","type":"product","link":"https:\/\/stylingagenten.com\/fi\/tuote\/revlon-style-masters-styling-mousse-modular-2-300-ml\/","title":{"rendered":"Revlon Style Masters Styling Mousse Modular 2 300 ml"},"content":{"rendered":"<p>Mousse keskipitk\u00e4ll\u00e4 pitolla. Antaa tekstuuria ja kiinteytt\u00e4 painamatta hiuksia.&nbsp;<br \/>N\u00e4ky: Matt Natural Shine.<br \/>&nbsp;K\u00e4ytt\u00f6: Ravista pulloa ja ota vaahto k\u00e4siisi ja levit\u00e4 sitten tasaisesti kosteisiin hiuksiin. F\u00f6\u00f6naa hiukset tai anna niiden kuivua itsest\u00e4\u00e4n.<\/p>\n","protected":false},"excerpt":{"rendered":"<p>Mousse keskipitk\u00e4ll\u00e4 pitolla. Antaa tekstuuria ja kiinteytt\u00e4 painamatta hiuksia.&nbsp;N\u00e4ky: Matt Natural Shine.&nbsp;K\u00e4ytt\u00f6: Ravista pulloa ja ota vaahto k\u00e4siisi ja levit\u00e4 sitten tasaisesti kosteisiin hiuksiin. F\u00f6\u00f6naa hiukset tai anna niiden kuivua itsest\u00e4\u00e4n.<\/p>\n","protected":false},"featured_media":125792,"comment_status":"open","ping_status":"closed","template":"","meta":{"_trash_the_other_posts":false},"product_brand":[],"product_cat":[595],"product_tag":[],"berocket_brand":[1040],"class_list":{"0":"post-125799","1":"product","2":"type-product","3":"status-publish","4":"has-post-thumbnail","6":"product_cat-harmousse","7":"pa_brand-revlon","8":"berocket_brand-revlon","10":"first","11":"instock","12":"sale","13":"taxable","14":"shipping-taxable","15":"purchasable","16":"product-type-simple"},"_links":{"self":[{"href":"https:\/\/stylingagenten.com\/fi\/wp-json\/wp\/v2\/product\/125799","targetHints":{"allow":["GET"]}}],"collection":[{"href":"https:\/\/stylingagenten.com\/fi\/wp-json\/wp\/v2\/product"}],"about":[{"href":"https:\/\/stylingagenten.com\/fi\/wp-json\/wp\/v2\/types\/product"}],"replies":[{"embeddable":true,"href":"https:\/\/stylingagenten.com\/fi\/wp-json\/wp\/v2\/comments?post=125799"}],"version-history":[{"count":0,"href":"https:\/\/stylingagenten.com\/fi\/wp-json\/wp\/v2\/product\/125799\/revisions"}],"wp:featuredmedia":[{"embeddable":true,"href":"https:\/\/stylingagenten.com\/fi\/wp-json\/wp\/v2\/media\/125792"}],"wp:attachment":[{"href":"https:\/\/stylingagenten.com\/fi\/wp-json\/wp\/v2\/media?parent=125799"}],"wp:term":[{"taxonomy":"product_brand","embeddable":true,"href":"https:\/\/stylingagenten.com\/fi\/wp-json\/wp\/v2\/product_brand?post=125799"},{"taxonomy":"product_cat","embeddable":true,"href":"https:\/\/stylingagenten.com\/fi\/wp-json\/wp\/v2\/product_cat?post=125799"},{"taxonomy":"product_tag","embeddable":true,"href":"https:\/\/stylingagenten.com\/fi\/wp-json\/wp\/v2\/product_tag?post=125799"},{"taxonomy":"berocket_brand","embeddable":true,"href":"https:\/\/stylingagenten.com\/fi\/wp-json\/wp\/v2\/berocket_brand?post=125799"}],"curies":[{"name":"wp","href":"https:\/\/api.w.org\/{rel}","templated":true}]}}