{"id":125773,"date":"2025-05-18T22:03:46","date_gmt":"2025-05-18T22:03:46","guid":{"rendered":"https:\/\/staging2.stylingagenten.com\/fi\/produkt\/schwarzkopf-osis-grip-200ml\/"},"modified":"2026-04-07T11:28:50","modified_gmt":"2026-04-07T11:28:50","slug":"schwarzkopf-osis-grip-200ml","status":"publish","type":"product","link":"https:\/\/stylingagenten.com\/fi\/tuote\/schwarzkopf-osis-grip-200ml\/","title":{"rendered":"Schwarzkopf Osis Grip 200ml"},"content":{"rendered":"<p>Schwarzkopf Osis Grip 200ml<br \/>OSiS Grip on eritt\u00e4in voimakas, vegaaninen mousse, joka antaa volyymia ja luonnollista kiiltoa ja pit\u00e4\u00e4 p\u00f6rr\u00f6iset hiukset paikoillaan samalla, kun se suojaa l\u00e4mp\u00f6vaurioilta 230\u00b0C asti.<\/p>\n","protected":false},"excerpt":{"rendered":"<p>Schwarzkopf Osis Grip 200mlOSiS Grip on eritt\u00e4in voimakas, vegaaninen mousse, joka antaa volyymia ja luonnollista kiiltoa ja pit\u00e4\u00e4 p\u00f6rr\u00f6iset hiukset paikoillaan samalla, kun se suojaa l\u00e4mp\u00f6vaurioilta 230\u00b0C asti.<\/p>\n","protected":false},"featured_media":125772,"comment_status":"open","ping_status":"closed","template":"","meta":{"_trash_the_other_posts":false},"product_brand":[],"product_cat":[595,1003],"product_tag":[],"berocket_brand":[1060],"class_list":{"0":"post-125773","1":"product","2":"type-product","3":"status-publish","4":"has-post-thumbnail","6":"product_cat-harmousse","7":"product_cat-myydyimmat","8":"pa_brand-schwarzkopf","9":"berocket_brand-schwarzkopf","11":"first","12":"instock","13":"sale","14":"taxable","15":"shipping-taxable","16":"purchasable","17":"product-type-simple"},"_links":{"self":[{"href":"https:\/\/stylingagenten.com\/fi\/wp-json\/wp\/v2\/product\/125773","targetHints":{"allow":["GET"]}}],"collection":[{"href":"https:\/\/stylingagenten.com\/fi\/wp-json\/wp\/v2\/product"}],"about":[{"href":"https:\/\/stylingagenten.com\/fi\/wp-json\/wp\/v2\/types\/product"}],"replies":[{"embeddable":true,"href":"https:\/\/stylingagenten.com\/fi\/wp-json\/wp\/v2\/comments?post=125773"}],"version-history":[{"count":0,"href":"https:\/\/stylingagenten.com\/fi\/wp-json\/wp\/v2\/product\/125773\/revisions"}],"wp:featuredmedia":[{"embeddable":true,"href":"https:\/\/stylingagenten.com\/fi\/wp-json\/wp\/v2\/media\/125772"}],"wp:attachment":[{"href":"https:\/\/stylingagenten.com\/fi\/wp-json\/wp\/v2\/media?parent=125773"}],"wp:term":[{"taxonomy":"product_brand","embeddable":true,"href":"https:\/\/stylingagenten.com\/fi\/wp-json\/wp\/v2\/product_brand?post=125773"},{"taxonomy":"product_cat","embeddable":true,"href":"https:\/\/stylingagenten.com\/fi\/wp-json\/wp\/v2\/product_cat?post=125773"},{"taxonomy":"product_tag","embeddable":true,"href":"https:\/\/stylingagenten.com\/fi\/wp-json\/wp\/v2\/product_tag?post=125773"},{"taxonomy":"berocket_brand","embeddable":true,"href":"https:\/\/stylingagenten.com\/fi\/wp-json\/wp\/v2\/berocket_brand?post=125773"}],"curies":[{"name":"wp","href":"https:\/\/api.w.org\/{rel}","templated":true}]}}