{"id":125744,"date":"2025-05-18T22:03:41","date_gmt":"2025-05-18T22:03:41","guid":{"rendered":"https:\/\/staging2.stylingagenten.com\/fi\/produkt\/system-professional-volumize-aerolifter-200ml\/"},"modified":"2026-03-30T08:19:02","modified_gmt":"2026-03-30T08:19:02","slug":"system-professional-volumize-aerolifter-200ml","status":"publish","type":"product","link":"https:\/\/stylingagenten.com\/fi\/tuote\/system-professional-volumize-aerolifter-200ml\/","title":{"rendered":"System Professional Volumize Aerolifter 200ml"},"content":{"rendered":"<p>System Professional Volumize Aerolifter on kevyt hoitoainevaahdotus p\u00e4ivitt\u00e4iseen k\u00e4ytt\u00f6\u00f6n, joka antaa volyymia ja vahvistusta litte\u00e4lle ja elottomalle hiukselle. Painoton kaava tekee hiuksista tuuheammat, helpommin muotoiltavat ja selvitetyt. T\u00e4ydellinen hiuksille, jotka tarvitsevat lis\u00e4volyymia ja vahvistusta.<\/p>\n<p>System Professional Volumize -sarja on suunniteltu vahvistamaan ja kohottamaan ohuita ja hauraita hiuksia. Formastrength Complex -yhdistelm\u00e4 palauttaa t\u00e4ytel\u00e4isyytt\u00e4, k\u00e4sitelt\u00e4vyytt\u00e4 ja vahvuutta jopa ohuille hiuksille. Luksusmaiset ja kevyet kaavat, jotka auttavat suosikkikampaustesi pysym\u00e4\u00e4n pidemp\u00e4\u00e4n.<\/p>\n<p>200ml<\/p>\n","protected":false},"excerpt":{"rendered":"<p>System Professional Volumize Aerolifter on kevyt hoitoainevaahdotus p\u00e4ivitt\u00e4iseen k\u00e4ytt\u00f6\u00f6n, joka antaa volyymia ja vahvistusta litte\u00e4lle ja elottomalle hiukselle. Painoton kaava tekee hiuksista tuuheammat, helpommin muotoiltavat ja selvitetyt. T\u00e4ydellinen hiuksille, jotka tarvitsevat lis\u00e4volyymia ja vahvistusta. System Professional Volumize -sarja on suunniteltu vahvistamaan ja kohottamaan ohuita ja hauraita hiuksia. Formastrength Complex -yhdistelm\u00e4 palauttaa t\u00e4ytel\u00e4isyytt\u00e4, k\u00e4sitelt\u00e4vyytt\u00e4 ja vahvuutta [&hellip;]<\/p>\n","protected":false},"featured_media":125717,"comment_status":"open","ping_status":"closed","template":"","meta":{"_trash_the_other_posts":false},"product_brand":[],"product_cat":[595],"product_tag":[],"berocket_brand":[1995],"class_list":{"0":"post-125744","1":"product","2":"type-product","3":"status-publish","4":"has-post-thumbnail","6":"product_cat-harmousse","7":"pa_brand-system-professional","8":"berocket_brand-system-professional","10":"first","11":"outofstock","12":"sale","13":"taxable","14":"shipping-taxable","15":"purchasable","16":"product-type-simple"},"_links":{"self":[{"href":"https:\/\/stylingagenten.com\/fi\/wp-json\/wp\/v2\/product\/125744","targetHints":{"allow":["GET"]}}],"collection":[{"href":"https:\/\/stylingagenten.com\/fi\/wp-json\/wp\/v2\/product"}],"about":[{"href":"https:\/\/stylingagenten.com\/fi\/wp-json\/wp\/v2\/types\/product"}],"replies":[{"embeddable":true,"href":"https:\/\/stylingagenten.com\/fi\/wp-json\/wp\/v2\/comments?post=125744"}],"version-history":[{"count":0,"href":"https:\/\/stylingagenten.com\/fi\/wp-json\/wp\/v2\/product\/125744\/revisions"}],"wp:featuredmedia":[{"embeddable":true,"href":"https:\/\/stylingagenten.com\/fi\/wp-json\/wp\/v2\/media\/125717"}],"wp:attachment":[{"href":"https:\/\/stylingagenten.com\/fi\/wp-json\/wp\/v2\/media?parent=125744"}],"wp:term":[{"taxonomy":"product_brand","embeddable":true,"href":"https:\/\/stylingagenten.com\/fi\/wp-json\/wp\/v2\/product_brand?post=125744"},{"taxonomy":"product_cat","embeddable":true,"href":"https:\/\/stylingagenten.com\/fi\/wp-json\/wp\/v2\/product_cat?post=125744"},{"taxonomy":"product_tag","embeddable":true,"href":"https:\/\/stylingagenten.com\/fi\/wp-json\/wp\/v2\/product_tag?post=125744"},{"taxonomy":"berocket_brand","embeddable":true,"href":"https:\/\/stylingagenten.com\/fi\/wp-json\/wp\/v2\/berocket_brand?post=125744"}],"curies":[{"name":"wp","href":"https:\/\/api.w.org\/{rel}","templated":true}]}}