{"id":125718,"date":"2025-05-18T22:03:39","date_gmt":"2025-05-18T22:03:39","guid":{"rendered":"https:\/\/staging2.stylingagenten.com\/fi\/produkt\/bjork-forma-hojd-volume-mousse-200ml\/"},"modified":"2026-03-25T20:08:36","modified_gmt":"2026-03-25T20:08:36","slug":"bjork-forma-hojd-volume-mousse-200ml","status":"publish","type":"product","link":"https:\/\/stylingagenten.com\/fi\/tuote\/bjork-forma-hojd-volume-mousse-200ml\/","title":{"rendered":"Bj\u00f6rk FORMA H\u00d6JD Volume Mousse 200ml"},"content":{"rendered":"<p>Bj\u00f6rk FORMA H\u00d6JD Volyymivaahto on volyymia antava suihkevaahto, joka luo t\u00e4ytel\u00e4isyytt\u00e4 ilman tahmeaa tai krispim\u00e4ist\u00e4 tuntumaa. Kevyt ja l\u00e4mp\u00f6\u00e4 suojaava koostumus sis\u00e4lt\u00e4\u00e4 ravitsevia ruusu- ja mustikkauutteita sek\u00e4 B-vitamiinia, jotka antavat volyymi\u00e4 ja rakennetta. Antaa hiuksille kevytt\u00e4 volyymia pehmeyden ja luonnollisen kiillon kanssa. Luksusmainen, raikas ja kukkainen tuoksu persikan vivahteilla.<\/p>\n<p>Tuoksu: Luksusmainen, raikas ja kukkainen tuoksu persikan vivahteilla.<\/p>\n<p>200 ml<\/p>\n","protected":false},"excerpt":{"rendered":"<p>Bj\u00f6rk FORMA H\u00d6JD Volyymivaahto on volyymia antava suihkevaahto, joka luo t\u00e4ytel\u00e4isyytt\u00e4 ilman tahmeaa tai krispim\u00e4ist\u00e4 tuntumaa. Kevyt ja l\u00e4mp\u00f6\u00e4 suojaava koostumus sis\u00e4lt\u00e4\u00e4 ravitsevia ruusu- ja mustikkauutteita sek\u00e4 B-vitamiinia, jotka antavat volyymi\u00e4 ja rakennetta. Antaa hiuksille kevytt\u00e4 volyymia pehmeyden ja luonnollisen kiillon kanssa. Luksusmainen, raikas ja kukkainen tuoksu persikan vivahteilla. Tuoksu: Luksusmainen, raikas ja kukkainen tuoksu [&hellip;]<\/p>\n","protected":false},"featured_media":125715,"comment_status":"open","ping_status":"closed","template":"","meta":{"_trash_the_other_posts":false},"product_brand":[],"product_cat":[595],"product_tag":[],"berocket_brand":[1418],"class_list":{"0":"post-125718","1":"product","2":"type-product","3":"status-publish","4":"has-post-thumbnail","6":"product_cat-harmousse","7":"pa_brand-bjork","8":"berocket_brand-bjork","10":"first","11":"instock","12":"sale","13":"taxable","14":"shipping-taxable","15":"purchasable","16":"product-type-simple"},"_links":{"self":[{"href":"https:\/\/stylingagenten.com\/fi\/wp-json\/wp\/v2\/product\/125718","targetHints":{"allow":["GET"]}}],"collection":[{"href":"https:\/\/stylingagenten.com\/fi\/wp-json\/wp\/v2\/product"}],"about":[{"href":"https:\/\/stylingagenten.com\/fi\/wp-json\/wp\/v2\/types\/product"}],"replies":[{"embeddable":true,"href":"https:\/\/stylingagenten.com\/fi\/wp-json\/wp\/v2\/comments?post=125718"}],"version-history":[{"count":0,"href":"https:\/\/stylingagenten.com\/fi\/wp-json\/wp\/v2\/product\/125718\/revisions"}],"wp:featuredmedia":[{"embeddable":true,"href":"https:\/\/stylingagenten.com\/fi\/wp-json\/wp\/v2\/media\/125715"}],"wp:attachment":[{"href":"https:\/\/stylingagenten.com\/fi\/wp-json\/wp\/v2\/media?parent=125718"}],"wp:term":[{"taxonomy":"product_brand","embeddable":true,"href":"https:\/\/stylingagenten.com\/fi\/wp-json\/wp\/v2\/product_brand?post=125718"},{"taxonomy":"product_cat","embeddable":true,"href":"https:\/\/stylingagenten.com\/fi\/wp-json\/wp\/v2\/product_cat?post=125718"},{"taxonomy":"product_tag","embeddable":true,"href":"https:\/\/stylingagenten.com\/fi\/wp-json\/wp\/v2\/product_tag?post=125718"},{"taxonomy":"berocket_brand","embeddable":true,"href":"https:\/\/stylingagenten.com\/fi\/wp-json\/wp\/v2\/berocket_brand?post=125718"}],"curies":[{"name":"wp","href":"https:\/\/api.w.org\/{rel}","templated":true}]}}